{"id":7088,"date":"2017-08-23T16:13:39","date_gmt":"2017-08-23T13:13:39","guid":{"rendered":"http:\/\/www.tspmi.vu.lt\/doktoranturos-studijos\/"},"modified":"2026-02-05T15:05:57","modified_gmt":"2026-02-05T13:05:57","slug":"phd-studies","status":"publish","type":"page","link":"https:\/\/www.tspmi.vu.lt\/en\/phd-studies\/","title":{"rendered":"PhD studies"},"content":{"rendered":"","protected":false},"excerpt":{"rendered":"","protected":false},"author":1,"featured_media":0,"parent":0,"menu_order":0,"comment_status":"closed","ping_status":"closed","template":"page-doctoral.php","meta":{"_acf_changed":false,"om_disable_all_campaigns":false,"footnotes":""},"class_list":["post-7088","page","type-page","status-publish","hentry"],"acf":{"studies_schedule":false,"informacijos_blokeliai":[{"name":"Study programme","content":[{"acf_fc_layout":"text_content_block","text":"<p><strong>Full time PhD Studies<\/strong><\/p>\n<p>Duration of doctoral studies is 4 years.<br \/>\nThe fee of doctoral studies in political science is 10758 Euro per year<\/p>\n<p>During the first month of studies PhD student in co-operation with an appointed supervisor\/tutor has to prepare a Plan of doctoral studies.<\/p>\n<p>Doctoral program consists of:<br \/>\n1. Studies and exams (it is recommended to pass exams during the first year of studies) &#8211; three exams have to be passed, two compulsory (Methodology of Political Science and Political Sociology) and one optional (may be chosen from a list of offered doctoral study subjects) (30 credits);<br \/>\n2. Research and preparation of PhD thesis<\/p>\n<p>By the end of each year student is evaluated by the commission, which assess the progress of research and implementation of study plan during the calendar year.<\/p>\n<p>Defence<br \/>\nTo be admitted to the defence of doctoral dissertation, student has:<br \/>\n1. To pass exams; (30 credits )<br \/>\n2. To publish at least two articles, related to the topic of dissertation (articles have to be published or submitted to press in the publications as identified by the Government of Lithuania)<br \/>\n3. To present research results in international conferences<\/p>\n<p>The dissertation has to be prepared according to the requirements, as set by the Research Council of Lithuania.<\/p>\n<p>Dissertation is defended in public before the commission of defence, which consists of five scholars. During the defence, a candidate presents his\/her research results, answers the questions of two appointed opponents and the members of the commission of defence. Decision concerning the recognition of doctoral degree is made by the commission.<\/p>\n<p><strong>External PhD studies <\/strong><br \/>\nProcedures and requirements are the same as for full time studies.<br \/>\nThe fee of external doctoral studies is 10758 Euro<br \/>\nTo be admitted to the defence of doctoral dissertation, student has:<br \/>\n3. To pass exams; (30 credits )<br \/>\n4. To publish at least two articles, related to the topic of dissertation (articles have to be published or submitted to press in the publications as identified by the Government of Lithuania)<br \/>\n3. To present research results in two international conferences<\/p>\n<p>The dissertation has to be prepared according to the requirements, as set by the Research Council of Lithuania.<\/p>\n<p>Dissertation is defended in public before the commission of defence, which consists of five scholars. During the defence, a candidate presents his\/her research results, answers the questions of the members of the commission of defence. Decision concerning the recognition of doctoral degree is made by the commission.<\/p>\n<p>For more information please consult <a href=\"https:\/\/www.vu.lt\/en\/studies\/phd-students\/regulations\" target=\"_blank\" rel=\"noopener\">Vilnius University Regulation on Doctoral Studies<\/a><\/p>\n"}]},{"name":"PhD students","content":[{"acf_fc_layout":"contacts_persons_block","doctoral_students":[{"doctoral_student":15643},{"doctoral_student":17272},{"doctoral_student":23314},{"doctoral_student":23879},{"doctoral_student":15309},{"doctoral_student":25377},{"doctoral_student":11954},{"doctoral_student":17247},{"doctoral_student":25357},{"doctoral_student":16618},{"doctoral_student":23311},{"doctoral_student":5747},{"doctoral_student":11908},{"doctoral_student":17582},{"doctoral_student":15550},{"doctoral_student":26952},{"doctoral_student":26956},{"doctoral_student":27003}]}]}],"heading":"Apie program\u0105","text":"Politikos moksl\u0173 doktorant\u016bra - tai auk\u0161\u010diausia politikos moksl\u0173 studij\u0173 pakopa, kuria rengiami politikos moksl\u0173 daktarai, pl\u0117tojami politikos mokslai Lietuvoje. Politikos moksl\u0173 doktorant\u016bra apima: doktorant\u016bros studijas, kryptingus mokslinius tyrimus ir disertacijos rengim\u0105. Kaip teigia dr. Vilius Ma\u010dkinis, VU TSPMI direktor\u0117s pavaduotojas mokslui,\u201epolitikos moksl\u0173 doktorant\u016bros studijos VU TSPMI ugdo mokslininkus, d\u0117stytojus ir ekspertus pasitelkiant \u012ftraukimo, atgalinio ry\u0161io ir d\u0117mesio kiekvienam doktorantui strategijas siekiant geriausi\u0173 disertacij\u0173 tyrim\u0173 rezultat\u0173, auk\u0161tos mokslin\u0117s kompetencijos ir metodologinio ir pedagoginio pasirengimo.\u201c"},"yoast_head":"<!-- This site is optimized with the Yoast SEO plugin v27.3 - https:\/\/yoast.com\/product\/yoast-seo-wordpress\/ -->\n<title>PhD studies - TSPMI<\/title>\n<meta name=\"robots\" content=\"index, follow, max-snippet:-1, max-image-preview:large, max-video-preview:-1\" \/>\n<link rel=\"canonical\" href=\"https:\/\/www.tspmi.vu.lt\/en\/phd-studies\/\" \/>\n<meta property=\"og:locale\" content=\"en_US\" \/>\n<meta property=\"og:type\" content=\"article\" \/>\n<meta property=\"og:title\" content=\"PhD studies - TSPMI\" \/>\n<meta property=\"og:url\" content=\"https:\/\/www.tspmi.vu.lt\/en\/phd-studies\/\" \/>\n<meta property=\"og:site_name\" content=\"TSPMI\" \/>\n<meta property=\"article:publisher\" content=\"https:\/\/www.facebook.com\/TSPMI\/\" \/>\n<meta property=\"article:modified_time\" content=\"2026-02-05T13:05:57+00:00\" \/>\n<meta property=\"og:image\" content=\"https:\/\/www.tspmi.vu.lt\/wp-content\/uploads\/Logos2021\/prie-para\u0161o-01-1.png\" \/>\n\t<meta property=\"og:image:width\" content=\"105\" \/>\n\t<meta property=\"og:image:height\" content=\"98\" \/>\n\t<meta property=\"og:image:type\" content=\"image\/png\" \/>\n<meta name=\"twitter:card\" content=\"summary_large_image\" \/>\n<script type=\"application\/ld+json\" class=\"yoast-schema-graph\">{\"@context\":\"https:\\\/\\\/schema.org\",\"@graph\":[{\"@type\":\"WebPage\",\"@id\":\"https:\\\/\\\/www.tspmi.vu.lt\\\/en\\\/phd-studies\\\/\",\"url\":\"https:\\\/\\\/www.tspmi.vu.lt\\\/en\\\/phd-studies\\\/\",\"name\":\"PhD studies - TSPMI\",\"isPartOf\":{\"@id\":\"https:\\\/\\\/www.tspmi.vu.lt\\\/#website\"},\"datePublished\":\"2017-08-23T13:13:39+00:00\",\"dateModified\":\"2026-02-05T13:05:57+00:00\",\"breadcrumb\":{\"@id\":\"https:\\\/\\\/www.tspmi.vu.lt\\\/en\\\/phd-studies\\\/#breadcrumb\"},\"inLanguage\":\"en-US\",\"potentialAction\":[{\"@type\":\"ReadAction\",\"target\":[\"https:\\\/\\\/www.tspmi.vu.lt\\\/en\\\/phd-studies\\\/\"]}]},{\"@type\":\"BreadcrumbList\",\"@id\":\"https:\\\/\\\/www.tspmi.vu.lt\\\/en\\\/phd-studies\\\/#breadcrumb\",\"itemListElement\":[{\"@type\":\"ListItem\",\"position\":1,\"name\":\"Home\",\"item\":\"https:\\\/\\\/www.tspmi.vu.lt\\\/en\\\/\"},{\"@type\":\"ListItem\",\"position\":2,\"name\":\"PhD studies\"}]},{\"@type\":\"WebSite\",\"@id\":\"https:\\\/\\\/www.tspmi.vu.lt\\\/#website\",\"url\":\"https:\\\/\\\/www.tspmi.vu.lt\\\/\",\"name\":\"TSPMI\",\"description\":\"\",\"publisher\":{\"@id\":\"https:\\\/\\\/www.tspmi.vu.lt\\\/#organization\"},\"alternateName\":\"Vilniaus universitetas\",\"potentialAction\":[{\"@type\":\"SearchAction\",\"target\":{\"@type\":\"EntryPoint\",\"urlTemplate\":\"https:\\\/\\\/www.tspmi.vu.lt\\\/?s={search_term_string}\"},\"query-input\":{\"@type\":\"PropertyValueSpecification\",\"valueRequired\":true,\"valueName\":\"search_term_string\"}}],\"inLanguage\":\"en-US\"},{\"@type\":\"Organization\",\"@id\":\"https:\\\/\\\/www.tspmi.vu.lt\\\/#organization\",\"name\":\"Tarptautini\u0173 santyki\u0173 ir politikos moksl\u0173 institutas\",\"alternateName\":\"Vilniaus universitetas\",\"url\":\"https:\\\/\\\/www.tspmi.vu.lt\\\/\",\"logo\":{\"@type\":\"ImageObject\",\"inLanguage\":\"en-US\",\"@id\":\"https:\\\/\\\/www.tspmi.vu.lt\\\/#\\\/schema\\\/logo\\\/image\\\/\",\"url\":\"https:\\\/\\\/www.tspmi.vu.lt\\\/wp-content\\\/uploads\\\/2021\\\/07\\\/LOGO-LT-COLOR.png\",\"contentUrl\":\"https:\\\/\\\/www.tspmi.vu.lt\\\/wp-content\\\/uploads\\\/2021\\\/07\\\/LOGO-LT-COLOR.png\",\"width\":3860,\"height\":1405,\"caption\":\"Tarptautini\u0173 santyki\u0173 ir politikos moksl\u0173 institutas\"},\"image\":{\"@id\":\"https:\\\/\\\/www.tspmi.vu.lt\\\/#\\\/schema\\\/logo\\\/image\\\/\"},\"sameAs\":[\"https:\\\/\\\/www.facebook.com\\\/TSPMI\\\/\",\"https:\\\/\\\/www.instagram.com\\\/vu_tspmi\\\/\",\"https:\\\/\\\/lt.wikipedia.org\\\/wiki\\\/Vilniaus_universiteto_Tarptautini\u0173_santyki\u0173_ir_politikos_moksl\u0173_institutas\"]}]}<\/script>\n<!-- \/ Yoast SEO plugin. -->","yoast_head_json":{"title":"PhD studies - TSPMI","robots":{"index":"index","follow":"follow","max-snippet":"max-snippet:-1","max-image-preview":"max-image-preview:large","max-video-preview":"max-video-preview:-1"},"canonical":"https:\/\/www.tspmi.vu.lt\/en\/phd-studies\/","og_locale":"en_US","og_type":"article","og_title":"PhD studies - TSPMI","og_url":"https:\/\/www.tspmi.vu.lt\/en\/phd-studies\/","og_site_name":"TSPMI","article_publisher":"https:\/\/www.facebook.com\/TSPMI\/","article_modified_time":"2026-02-05T13:05:57+00:00","og_image":[{"width":105,"height":98,"url":"https:\/\/www.tspmi.vu.lt\/wp-content\/uploads\/Logos2021\/prie-para\u0161o-01-1.png","type":"image\/png"}],"twitter_card":"summary_large_image","schema":{"@context":"https:\/\/schema.org","@graph":[{"@type":"WebPage","@id":"https:\/\/www.tspmi.vu.lt\/en\/phd-studies\/","url":"https:\/\/www.tspmi.vu.lt\/en\/phd-studies\/","name":"PhD studies - TSPMI","isPartOf":{"@id":"https:\/\/www.tspmi.vu.lt\/#website"},"datePublished":"2017-08-23T13:13:39+00:00","dateModified":"2026-02-05T13:05:57+00:00","breadcrumb":{"@id":"https:\/\/www.tspmi.vu.lt\/en\/phd-studies\/#breadcrumb"},"inLanguage":"en-US","potentialAction":[{"@type":"ReadAction","target":["https:\/\/www.tspmi.vu.lt\/en\/phd-studies\/"]}]},{"@type":"BreadcrumbList","@id":"https:\/\/www.tspmi.vu.lt\/en\/phd-studies\/#breadcrumb","itemListElement":[{"@type":"ListItem","position":1,"name":"Home","item":"https:\/\/www.tspmi.vu.lt\/en\/"},{"@type":"ListItem","position":2,"name":"PhD studies"}]},{"@type":"WebSite","@id":"https:\/\/www.tspmi.vu.lt\/#website","url":"https:\/\/www.tspmi.vu.lt\/","name":"TSPMI","description":"","publisher":{"@id":"https:\/\/www.tspmi.vu.lt\/#organization"},"alternateName":"Vilniaus universitetas","potentialAction":[{"@type":"SearchAction","target":{"@type":"EntryPoint","urlTemplate":"https:\/\/www.tspmi.vu.lt\/?s={search_term_string}"},"query-input":{"@type":"PropertyValueSpecification","valueRequired":true,"valueName":"search_term_string"}}],"inLanguage":"en-US"},{"@type":"Organization","@id":"https:\/\/www.tspmi.vu.lt\/#organization","name":"Tarptautini\u0173 santyki\u0173 ir politikos moksl\u0173 institutas","alternateName":"Vilniaus universitetas","url":"https:\/\/www.tspmi.vu.lt\/","logo":{"@type":"ImageObject","inLanguage":"en-US","@id":"https:\/\/www.tspmi.vu.lt\/#\/schema\/logo\/image\/","url":"https:\/\/www.tspmi.vu.lt\/wp-content\/uploads\/2021\/07\/LOGO-LT-COLOR.png","contentUrl":"https:\/\/www.tspmi.vu.lt\/wp-content\/uploads\/2021\/07\/LOGO-LT-COLOR.png","width":3860,"height":1405,"caption":"Tarptautini\u0173 santyki\u0173 ir politikos moksl\u0173 institutas"},"image":{"@id":"https:\/\/www.tspmi.vu.lt\/#\/schema\/logo\/image\/"},"sameAs":["https:\/\/www.facebook.com\/TSPMI\/","https:\/\/www.instagram.com\/vu_tspmi\/","https:\/\/lt.wikipedia.org\/wiki\/Vilniaus_universiteto_Tarptautini\u0173_santyki\u0173_ir_politikos_moksl\u0173_institutas"]}]}},"_links":{"self":[{"href":"https:\/\/www.tspmi.vu.lt\/en\/wp-json\/wp\/v2\/pages\/7088","targetHints":{"allow":["GET"]}}],"collection":[{"href":"https:\/\/www.tspmi.vu.lt\/en\/wp-json\/wp\/v2\/pages"}],"about":[{"href":"https:\/\/www.tspmi.vu.lt\/en\/wp-json\/wp\/v2\/types\/page"}],"author":[{"embeddable":true,"href":"https:\/\/www.tspmi.vu.lt\/en\/wp-json\/wp\/v2\/users\/1"}],"replies":[{"embeddable":true,"href":"https:\/\/www.tspmi.vu.lt\/en\/wp-json\/wp\/v2\/comments?post=7088"}],"version-history":[{"count":38,"href":"https:\/\/www.tspmi.vu.lt\/en\/wp-json\/wp\/v2\/pages\/7088\/revisions"}],"predecessor-version":[{"id":27325,"href":"https:\/\/www.tspmi.vu.lt\/en\/wp-json\/wp\/v2\/pages\/7088\/revisions\/27325"}],"wp:attachment":[{"href":"https:\/\/www.tspmi.vu.lt\/en\/wp-json\/wp\/v2\/media?parent=7088"}],"curies":[{"name":"wp","href":"https:\/\/api.w.org\/{rel}","templated":true}]}}