{"id":5336,"date":"2017-08-22T12:09:20","date_gmt":"2017-08-22T09:09:20","guid":{"rendered":"http:\/\/www.tspmi.vu.lt\/kontaktai\/"},"modified":"2025-11-11T13:30:20","modified_gmt":"2025-11-11T11:30:20","slug":"contacts-2","status":"publish","type":"page","link":"https:\/\/www.tspmi.vu.lt\/en\/contacts-2\/","title":{"rendered":"Contacts"},"content":{"rendered":"","protected":false},"excerpt":{"rendered":"","protected":false},"author":1,"featured_media":0,"parent":0,"menu_order":0,"comment_status":"closed","ping_status":"closed","template":"page-contacts.php","meta":{"_acf_changed":false,"om_disable_all_campaigns":false,"footnotes":""},"class_list":["post-5336","page","type-page","status-publish","hentry"],"acf":{"departments":[{"name":"Director","blocks":[{"acf_fc_layout":"human_block","photo":21839,"vardas":"Prof. Margarita \u0160e\u0161elgyt\u0117","position":"Director","phones":[{"phone":"+370 (5) 251 4130"}],"emails":[{"email":"margarita.seselgyte@tspmi.vu.lt"}]},{"acf_fc_layout":"worktime_block","heading":"Director of IIRPS VU works in room 208 (second floor)","worktimes":false},{"acf_fc_layout":"empty_block"},{"acf_fc_layout":"human_block","photo":26948,"vardas":"Saul\u0117 D\u017eiugyt\u0117","position":"Administrator","phones":[{"phone":"+370 (5) 251 4130"}],"emails":[{"email":"saule.dziugyte@tspmi.vu.lt"}]},{"acf_fc_layout":"worktime_block","heading":"Administrator of IIRPS VU works in room 207 (second floor)","worktimes":false}]},{"name":"Deputies","blocks":[{"acf_fc_layout":"human_block","photo":21821,"vardas":"Associate prof. Lina Strupinskien\u0117","position":"Deputy director for studies","phones":[{"phone":"+370 (5) 251 4132"}],"emails":[{"email":"lina.strupinskiene@tspmi.vu.lt"}]},{"acf_fc_layout":"worktime_block","heading":"Deputy director for studies works in room 204 (second floor)","worktimes":false},{"acf_fc_layout":"empty_block"},{"acf_fc_layout":"human_block","photo":26482,"vardas":"Dr. Vilius Ma\u010dkinis","position":"Deputy director for science and research","phones":[{"phone":"+370 (5) 251 4133"}],"emails":[{"email":"vilius.mackinis@tspmi.vu.lt"}]},{"acf_fc_layout":"worktime_block","heading":"Deputy director for science and research works in room 210 (second floor)","worktimes":false}]},{"name":"Studies Department","blocks":[{"acf_fc_layout":"human_block","photo":26484,"vardas":"Vilius Mick\u016bnas","position":"Head of the Studies","phones":[{"phone":"+370 (5) 251 4135"}],"emails":[{"email":"vilius.mickunas@tspmi.vu.lt"}]},{"acf_fc_layout":"worktime_block","heading":"Open hours (room 201)","worktimes":[{"worktime":"I, III 2:00 p.m. - 4:00 p.m."},{"worktime":"II, IV 10:00 a.m. - 12:00 p.m."},{"worktime":"V 10:00 a.m. - 12:00 p.m., 1:30 p.m. - 3:00 p.m."}]},{"acf_fc_layout":"empty_block"},{"acf_fc_layout":"human_block","photo":18864,"vardas":"Arenida Glu\u0161inskien\u0117","position":"Coordinator of Bachelor Studies","phones":[{"phone":"+370 (5) 251 4136"}],"emails":[{"email":"arenida.glusinskiene@tspmi.vu.lt"}]},{"acf_fc_layout":"human_block","photo":18860,"vardas":"Indr\u0117 Jovai\u0161yt\u0117","position":"Coordinator of Master Studies","phones":[{"phone":"+370 (5) 236 6041"}],"emails":[{"email":"indre.jovaisyte@tspmi.vu.lt"}]},{"acf_fc_layout":"worktime_block","heading":"Open hours (room 205)","worktimes":[{"worktime":"I - V 10:00 AM - 3:00 PM"},{"worktime":"Lunch break 12 PM - 1 PM"}]},{"acf_fc_layout":"human_block","photo":26480,"vardas":"Kristina Valente","position":"Coordinator of International Study Programmes","phones":[{"phone":"+370 (5) 236 6005"}],"emails":[{"email":"kristina.valente@tspmi.vu.lt"}]},{"acf_fc_layout":"human_block","photo":24489,"vardas":"Marija Kozlovskaja","position":"International Officer","phones":[{"phone":"+370 (5) 236 6005"}],"emails":[{"email":"marija.kozlovskaja@tspmi.vu.lt"}]},{"acf_fc_layout":"worktime_block","heading":"Open hours (room 201)","worktimes":[{"worktime":"I-IV 10:00-16:00"},{"worktime":"V 10:00-15:00"},{"worktime":"Lunch break 12:00-13:00"}]}]},{"name":"Consultation","blocks":[{"acf_fc_layout":"human_block","photo":19456,"vardas":"August\u0117 Dementavi\u010dien\u0117","position":"Academic Consultant","phones":[{"phone":"+370 (5) 251 4140"}],"emails":[{"email":"consultant@tspmi.vu.lt"}]},{"acf_fc_layout":"human_block","photo":25219,"vardas":"Vytenis Fuks","position":"Academic consultant","phones":false,"emails":[{"email":"consultant@tspmi.vu.lt"}]},{"acf_fc_layout":"worktime_block","heading":"Meetings should be arranged individually via email.","worktimes":false}]},{"name":"Communication and International Relations Department","blocks":[{"acf_fc_layout":"human_block","photo":26464,"vardas":"Barbora Turauskait\u0117","position":"Head of the Communication and International Relations","phones":[{"phone":"+370 637 94001"}],"emails":[{"email":"barbora.turauskaite@tspmi.vu.lt"}]},{"acf_fc_layout":"human_block","photo":26476,"vardas":"Simonas Vigelas","position":"Event coordinator","phones":false,"emails":[{"email":"simonas.vigelas@tspmi.vu.lt"}]},{"acf_fc_layout":"human_block","photo":26470,"vardas":"Milda \u0160\u010diglait\u0117","position":"Integrated communication coordinator, photographer","phones":[{"phone":"+37066039843"}],"emails":[{"email":"milda.sciglaite@tspmi.vu.lt"}]},{"acf_fc_layout":"human_block","photo":26487,"vardas":"Elijas Augustas Kavaliauskas","position":"Internal communication coordinator","phones":[{"phone":"+370 (5) 251 4148"}],"emails":[{"email":"elijas.kavaliauskas@tspmi.vu.lt"}]},{"acf_fc_layout":"human_block","photo":26468,"vardas":"Ingrida Kuzborskaja","position":"Public Relations Coordinator","phones":[{"phone":"+370 615 73283"}],"emails":[{"email":"ingrida.kuzborskaja@tspmi.vu.lt"}]},{"acf_fc_layout":"worktime_block","heading":"Communication and International Relations Department is located on the second floor, room 207","worktimes":false}]},{"name":"Science and Research Department","blocks":[{"acf_fc_layout":"human_block","photo":26474,"vardas":"Dr. Rasa Bortkevi\u010di\u016bt\u0117","position":"Head of the Science and Research ","phones":[{"phone":"+370 635 85 728"}],"emails":[{"email":"rasa.bortkeviciute@tspmi.vu.lt"}]},{"acf_fc_layout":"human_block","photo":21848,"vardas":"Simona Va\u0161kevi\u010di\u016bt\u0117","position":"International Research Projects Coordinator","phones":false,"emails":[{"email":"simona.vaskeviciute@tspmi.vu.lt"}]},{"acf_fc_layout":"human_block","photo":22486,"vardas":"Paulius Vijeikis","position":"Research projects coordinator","phones":false,"emails":[{"email":"paulius.vijeikis@tspmi.vu.lt"}]},{"acf_fc_layout":"human_block","photo":26504,"vardas":"R\u016bta Vy\u0161niauskait\u0117","position":"International research projects administrator","phones":false,"emails":[{"email":"ruta.vysniauskaite@tspmi.vu.lt"}]},{"acf_fc_layout":"human_block","photo":26607,"vardas":"Benas Putrimas","position":"Research Projects Coordinator","phones":false,"emails":[{"email":"benas.putrimas@tspmi.vu.lt"}]},{"acf_fc_layout":"human_block","photo":25439,"vardas":"Marius Danilevi\u010dius","position":"Science and Research Communication Coordinator","phones":false,"emails":[{"email":"marius.danilevicius@tspmi.vu.lt"}]},{"acf_fc_layout":"human_block","photo":26513,"vardas":"Dr. Justinas Lingevi\u010dius","position":"International Research Projects Coordinator","phones":false,"emails":[{"email":"justinas.lingevicius@tspmi.vu.lt"}]},{"acf_fc_layout":"worktime_block","heading":"Science and research department is located on the rooms 107 and 108, the entrance is from the backyard of the IIRPS VU","worktimes":false}]},{"name":"Maintenance and Accounting Department","blocks":[{"acf_fc_layout":"human_block","photo":21823,"vardas":"Jolanta Damauskien\u0117","position":"Head of the Department","phones":[{"phone":"+370 (5) 219 3159"}],"emails":[{"email":"jolanta.damauskiene@tspmi.vu.lt"}]},{"acf_fc_layout":"human_block","photo":18877,"vardas":"Valerijus Kun\u010dinas","position":"IT specialist","phones":[{"phone":"+370 (5) 251 4141"}],"emails":[{"email":"valerijus.kuncinas@tspmi.vu.lt"}]},{"acf_fc_layout":"human_block","photo":26472,"vardas":"Raimund Burinskij","position":"Resources administrator","phones":[{"phone":"+370 (5) 251 4141"}],"emails":[{"email":"raimund.burinskij@tspmi.vu.lt"}]},{"acf_fc_layout":"worktime_block","heading":"The head of the department works in room 118 (library building)","worktimes":false}]},{"name":"Library","blocks":[{"acf_fc_layout":"human_block","photo":18960,"vardas":"Audron\u0117 Karalien\u0117","position":"Senior librarian","phones":[{"phone":"+370 (5) 219 3151"}],"emails":[{"email":"audrone.kvizikeviciute@mb.vu.lt"}]},{"acf_fc_layout":"human_block","photo":21825,"vardas":"Urt\u0117 Milkinait\u0117","position":"IIRPS VU subject librarian","phones":[{"phone":"+370 (5) 268 7130"}],"emails":[{"email":"urte.milkintaite@mb.vu.lt"}]}]}],"heading":"","text":""},"yoast_head":"<!-- This site is optimized with the Yoast SEO plugin v27.3 - https:\/\/yoast.com\/product\/yoast-seo-wordpress\/ -->\n<title>Contacts - TSPMI<\/title>\n<meta name=\"robots\" content=\"index, follow, max-snippet:-1, max-image-preview:large, max-video-preview:-1\" \/>\n<link rel=\"canonical\" href=\"https:\/\/www.tspmi.vu.lt\/en\/contacts-2\/\" \/>\n<meta property=\"og:locale\" content=\"en_US\" \/>\n<meta property=\"og:type\" content=\"article\" \/>\n<meta property=\"og:title\" content=\"Contacts - TSPMI\" \/>\n<meta property=\"og:url\" content=\"https:\/\/www.tspmi.vu.lt\/en\/contacts-2\/\" \/>\n<meta property=\"og:site_name\" content=\"TSPMI\" \/>\n<meta property=\"article:publisher\" content=\"https:\/\/www.facebook.com\/TSPMI\/\" \/>\n<meta property=\"article:modified_time\" content=\"2025-11-11T11:30:20+00:00\" \/>\n<meta property=\"og:image\" content=\"https:\/\/www.tspmi.vu.lt\/wp-content\/uploads\/Logos2021\/prie-para\u0161o-01-1.png\" \/>\n\t<meta property=\"og:image:width\" content=\"105\" \/>\n\t<meta property=\"og:image:height\" content=\"98\" \/>\n\t<meta property=\"og:image:type\" content=\"image\/png\" \/>\n<meta name=\"twitter:card\" content=\"summary_large_image\" \/>\n<script type=\"application\/ld+json\" class=\"yoast-schema-graph\">{\"@context\":\"https:\\\/\\\/schema.org\",\"@graph\":[{\"@type\":\"WebPage\",\"@id\":\"https:\\\/\\\/www.tspmi.vu.lt\\\/en\\\/contacts-2\\\/\",\"url\":\"https:\\\/\\\/www.tspmi.vu.lt\\\/en\\\/contacts-2\\\/\",\"name\":\"Contacts - TSPMI\",\"isPartOf\":{\"@id\":\"https:\\\/\\\/www.tspmi.vu.lt\\\/#website\"},\"datePublished\":\"2017-08-22T09:09:20+00:00\",\"dateModified\":\"2025-11-11T11:30:20+00:00\",\"breadcrumb\":{\"@id\":\"https:\\\/\\\/www.tspmi.vu.lt\\\/en\\\/contacts-2\\\/#breadcrumb\"},\"inLanguage\":\"en-US\",\"potentialAction\":[{\"@type\":\"ReadAction\",\"target\":[\"https:\\\/\\\/www.tspmi.vu.lt\\\/en\\\/contacts-2\\\/\"]}]},{\"@type\":\"BreadcrumbList\",\"@id\":\"https:\\\/\\\/www.tspmi.vu.lt\\\/en\\\/contacts-2\\\/#breadcrumb\",\"itemListElement\":[{\"@type\":\"ListItem\",\"position\":1,\"name\":\"Home\",\"item\":\"https:\\\/\\\/www.tspmi.vu.lt\\\/en\\\/\"},{\"@type\":\"ListItem\",\"position\":2,\"name\":\"Contacts\"}]},{\"@type\":\"WebSite\",\"@id\":\"https:\\\/\\\/www.tspmi.vu.lt\\\/#website\",\"url\":\"https:\\\/\\\/www.tspmi.vu.lt\\\/\",\"name\":\"TSPMI\",\"description\":\"\",\"publisher\":{\"@id\":\"https:\\\/\\\/www.tspmi.vu.lt\\\/#organization\"},\"alternateName\":\"Vilniaus universitetas\",\"potentialAction\":[{\"@type\":\"SearchAction\",\"target\":{\"@type\":\"EntryPoint\",\"urlTemplate\":\"https:\\\/\\\/www.tspmi.vu.lt\\\/?s={search_term_string}\"},\"query-input\":{\"@type\":\"PropertyValueSpecification\",\"valueRequired\":true,\"valueName\":\"search_term_string\"}}],\"inLanguage\":\"en-US\"},{\"@type\":\"Organization\",\"@id\":\"https:\\\/\\\/www.tspmi.vu.lt\\\/#organization\",\"name\":\"Tarptautini\u0173 santyki\u0173 ir politikos moksl\u0173 institutas\",\"alternateName\":\"Vilniaus universitetas\",\"url\":\"https:\\\/\\\/www.tspmi.vu.lt\\\/\",\"logo\":{\"@type\":\"ImageObject\",\"inLanguage\":\"en-US\",\"@id\":\"https:\\\/\\\/www.tspmi.vu.lt\\\/#\\\/schema\\\/logo\\\/image\\\/\",\"url\":\"https:\\\/\\\/www.tspmi.vu.lt\\\/wp-content\\\/uploads\\\/2021\\\/07\\\/LOGO-LT-COLOR.png\",\"contentUrl\":\"https:\\\/\\\/www.tspmi.vu.lt\\\/wp-content\\\/uploads\\\/2021\\\/07\\\/LOGO-LT-COLOR.png\",\"width\":3860,\"height\":1405,\"caption\":\"Tarptautini\u0173 santyki\u0173 ir politikos moksl\u0173 institutas\"},\"image\":{\"@id\":\"https:\\\/\\\/www.tspmi.vu.lt\\\/#\\\/schema\\\/logo\\\/image\\\/\"},\"sameAs\":[\"https:\\\/\\\/www.facebook.com\\\/TSPMI\\\/\",\"https:\\\/\\\/www.instagram.com\\\/vu_tspmi\\\/\",\"https:\\\/\\\/lt.wikipedia.org\\\/wiki\\\/Vilniaus_universiteto_Tarptautini\u0173_santyki\u0173_ir_politikos_moksl\u0173_institutas\"]}]}<\/script>\n<!-- \/ Yoast SEO plugin. -->","yoast_head_json":{"title":"Contacts - TSPMI","robots":{"index":"index","follow":"follow","max-snippet":"max-snippet:-1","max-image-preview":"max-image-preview:large","max-video-preview":"max-video-preview:-1"},"canonical":"https:\/\/www.tspmi.vu.lt\/en\/contacts-2\/","og_locale":"en_US","og_type":"article","og_title":"Contacts - TSPMI","og_url":"https:\/\/www.tspmi.vu.lt\/en\/contacts-2\/","og_site_name":"TSPMI","article_publisher":"https:\/\/www.facebook.com\/TSPMI\/","article_modified_time":"2025-11-11T11:30:20+00:00","og_image":[{"width":105,"height":98,"url":"https:\/\/www.tspmi.vu.lt\/wp-content\/uploads\/Logos2021\/prie-para\u0161o-01-1.png","type":"image\/png"}],"twitter_card":"summary_large_image","schema":{"@context":"https:\/\/schema.org","@graph":[{"@type":"WebPage","@id":"https:\/\/www.tspmi.vu.lt\/en\/contacts-2\/","url":"https:\/\/www.tspmi.vu.lt\/en\/contacts-2\/","name":"Contacts - TSPMI","isPartOf":{"@id":"https:\/\/www.tspmi.vu.lt\/#website"},"datePublished":"2017-08-22T09:09:20+00:00","dateModified":"2025-11-11T11:30:20+00:00","breadcrumb":{"@id":"https:\/\/www.tspmi.vu.lt\/en\/contacts-2\/#breadcrumb"},"inLanguage":"en-US","potentialAction":[{"@type":"ReadAction","target":["https:\/\/www.tspmi.vu.lt\/en\/contacts-2\/"]}]},{"@type":"BreadcrumbList","@id":"https:\/\/www.tspmi.vu.lt\/en\/contacts-2\/#breadcrumb","itemListElement":[{"@type":"ListItem","position":1,"name":"Home","item":"https:\/\/www.tspmi.vu.lt\/en\/"},{"@type":"ListItem","position":2,"name":"Contacts"}]},{"@type":"WebSite","@id":"https:\/\/www.tspmi.vu.lt\/#website","url":"https:\/\/www.tspmi.vu.lt\/","name":"TSPMI","description":"","publisher":{"@id":"https:\/\/www.tspmi.vu.lt\/#organization"},"alternateName":"Vilniaus universitetas","potentialAction":[{"@type":"SearchAction","target":{"@type":"EntryPoint","urlTemplate":"https:\/\/www.tspmi.vu.lt\/?s={search_term_string}"},"query-input":{"@type":"PropertyValueSpecification","valueRequired":true,"valueName":"search_term_string"}}],"inLanguage":"en-US"},{"@type":"Organization","@id":"https:\/\/www.tspmi.vu.lt\/#organization","name":"Tarptautini\u0173 santyki\u0173 ir politikos moksl\u0173 institutas","alternateName":"Vilniaus universitetas","url":"https:\/\/www.tspmi.vu.lt\/","logo":{"@type":"ImageObject","inLanguage":"en-US","@id":"https:\/\/www.tspmi.vu.lt\/#\/schema\/logo\/image\/","url":"https:\/\/www.tspmi.vu.lt\/wp-content\/uploads\/2021\/07\/LOGO-LT-COLOR.png","contentUrl":"https:\/\/www.tspmi.vu.lt\/wp-content\/uploads\/2021\/07\/LOGO-LT-COLOR.png","width":3860,"height":1405,"caption":"Tarptautini\u0173 santyki\u0173 ir politikos moksl\u0173 institutas"},"image":{"@id":"https:\/\/www.tspmi.vu.lt\/#\/schema\/logo\/image\/"},"sameAs":["https:\/\/www.facebook.com\/TSPMI\/","https:\/\/www.instagram.com\/vu_tspmi\/","https:\/\/lt.wikipedia.org\/wiki\/Vilniaus_universiteto_Tarptautini\u0173_santyki\u0173_ir_politikos_moksl\u0173_institutas"]}]}},"_links":{"self":[{"href":"https:\/\/www.tspmi.vu.lt\/en\/wp-json\/wp\/v2\/pages\/5336","targetHints":{"allow":["GET"]}}],"collection":[{"href":"https:\/\/www.tspmi.vu.lt\/en\/wp-json\/wp\/v2\/pages"}],"about":[{"href":"https:\/\/www.tspmi.vu.lt\/en\/wp-json\/wp\/v2\/types\/page"}],"author":[{"embeddable":true,"href":"https:\/\/www.tspmi.vu.lt\/en\/wp-json\/wp\/v2\/users\/1"}],"replies":[{"embeddable":true,"href":"https:\/\/www.tspmi.vu.lt\/en\/wp-json\/wp\/v2\/comments?post=5336"}],"version-history":[{"count":224,"href":"https:\/\/www.tspmi.vu.lt\/en\/wp-json\/wp\/v2\/pages\/5336\/revisions"}],"predecessor-version":[{"id":27030,"href":"https:\/\/www.tspmi.vu.lt\/en\/wp-json\/wp\/v2\/pages\/5336\/revisions\/27030"}],"wp:attachment":[{"href":"https:\/\/www.tspmi.vu.lt\/en\/wp-json\/wp\/v2\/media?parent=5336"}],"curies":[{"name":"wp","href":"https:\/\/api.w.org\/{rel}","templated":true}]}}