{"id":3932,"date":"2017-06-12T17:41:08","date_gmt":"2017-06-12T14:41:08","guid":{"rendered":"http:\/\/www.tspmi.vu.lt\/?page_id=3932\/"},"modified":"2026-01-05T10:56:55","modified_gmt":"2026-01-05T08:56:55","slug":"pagrindinis","status":"publish","type":"page","link":"https:\/\/www.tspmi.vu.lt\/en\/","title":{"rendered":"Pagrindinis"},"content":{"rendered":"","protected":false},"excerpt":{"rendered":"","protected":false},"author":1,"featured_media":0,"parent":0,"menu_order":0,"comment_status":"closed","ping_status":"closed","template":"homepage.php","meta":{"_acf_changed":false,"om_disable_all_campaigns":false,"footnotes":""},"class_list":["post-3932","page","type-page","status-publish","hentry"],"acf":{"main_heading_students":"Apply for Politics of Global Challenges study program!","text_on_photo":false,"text_on_photo_joining":false,"text_on_photo_students":false,"text_on_photo_researcher":false,"main_heading":"Apply for Politics of Global Challenges study program!","short_info":"","main_photo":"https:\/\/www.tspmi.vu.lt\/wp-content\/uploads\/2025\/04\/3-3.jpg","link":"https:\/\/www.tspmi.vu.lt\/en\/politics-global-challenges\/","main_heading_joining":"Apply for Politics of Global Challenges study program!","short_info_joining":"","main_photo_joining":"https:\/\/www.tspmi.vu.lt\/wp-content\/uploads\/2025\/04\/3-3.jpg","link_joining":"https:\/\/www.tspmi.vu.lt\/en\/politics-global-challenges\/","short_info_students":"","main_photo_students":"https:\/\/www.tspmi.vu.lt\/wp-content\/uploads\/2025\/04\/3-3.jpg","link_students":"https:\/\/www.tspmi.vu.lt\/en\/politics-global-challenges\/","main_heading_researcher":"Apply for Politics of Global Challenges study program!","short_info_researcher":"","main_photo_researcher":"https:\/\/www.tspmi.vu.lt\/wp-content\/uploads\/2025\/04\/3-3.jpg","link_researcher":"https:\/\/www.tspmi.vu.lt\/en\/politics-global-challenges\/","created_heading":"Made at IIRPS VU","blocks_left":[{"image":19131,"heading":"Baltic Journal of of Political Science","author":"","date":"","link":{"title":"","url":"http:\/\/www.zurnalai.vu.lt\/baltic-journal-of-political-science","target":""}},{"image":19152,"heading":"The EU and Eastern Partnership countries: an inside-out analysis and strategic assessment","author":"","date":"","link":{"title":"","url":"http:\/\/www.tspmi.vu.lt\/en\/tyrimas\/eu-eastern-partnership-countries-inside-analysis-strategic-assessment\/","target":""}}],"heading_right":"","blocks_right":[{"heading":"Small states in Europe: opportunities and challenges","author":"","date":"","link":{"title":"","url":"http:\/\/www.tspmi.vu.lt\/en\/projektas\/small-states-europe-opportunities-challenges\/","target":""}},{"heading":"Lithuanian National Election Study 2016","author":"","date":"","link":{"title":"","url":"http:\/\/www.tspmi.vu.lt\/en\/tyrimas\/lithuanian-national-election-study-2016\/","target":""}},{"heading":"Belarusian Regime Longevity: Happily Ever After","author":"","date":"","link":{"title":"","url":"http:\/\/www.tspmi.vu.lt\/en\/leidiniai\/belarusian-regime-longevity-happily-ever\/","target":""}}],"students_heading":"","student_tabs":false,"hours_heading":"","block1_heading":"","block1_times":false,"block2_heading":"","block2_times":false,"lecturers_heading":"","lecturers":[{"lecturer":false}],"documents_students":false,"documents_researchers":[{"name":"The Statute of Vilnius University","file_or_link":"link","file":false,"link":"https:\/\/www.vu.lt\/site_files\/Adm\/statutas\/VU_Statute.pdf"},{"name":"Research at Vilnius University","file_or_link":"link","file":false,"link":"https:\/\/www.vu.lt\/en\/research\/research-activities"},{"name":"IIRPS VU Slides Template","file_or_link":"file","file":"https:\/\/www.tspmi.vu.lt\/wp-content\/uploads\/2021\/03\/VU-TSPMI_PPT_2021_EN.pptx","link":""},{"name":"IIRPS VU Blank","file_or_link":"file","file":"https:\/\/www.tspmi.vu.lt\/wp-content\/uploads\/2017\/08\/5-TSPMI-siunciamojo-rasto-anglu-kalba-blankas-spalvotas.docx","link":""}],"is_heading":"VU Information System","is_text":"VU Information System (VU IS) provides the ability for employees access and manage their work information and process. Before using VU IS, user must register in VU Identity Manager and activate VU IS e-service.","is_link":"https:\/\/is.vu.lt","researches":[{"research":16523},{"research":16521},{"research":16305}],"heading":"","text":"","carousel_on":true,"carousel_slides":[{"heading":"Choose your study program!","photo":{"ID":26128,"id":26128,"title":"3","filename":"3-3.jpg","filesize":263515,"url":"https:\/\/www.tspmi.vu.lt\/wp-content\/uploads\/2025\/04\/3-3.jpg","link":"https:\/\/www.tspmi.vu.lt\/en\/pagrindinis\/attachment\/3\/","alt":"","author":"1","description":"","caption":"","name":"3","status":"inherit","uploaded_to":3932,"date":"2025-04-09 10:45:25","modified":"2025-04-09 10:45:25","menu_order":0,"mime_type":"image\/jpeg","type":"image","subtype":"jpeg","icon":"https:\/\/www.tspmi.vu.lt\/wp-includes\/images\/media\/default.png","width":1080,"height":1080,"sizes":{"thumbnail":"https:\/\/www.tspmi.vu.lt\/wp-content\/uploads\/2025\/04\/3-3-150x150.jpg","thumbnail-width":150,"thumbnail-height":150,"medium":"https:\/\/www.tspmi.vu.lt\/wp-content\/uploads\/2025\/04\/3-3-300x300.jpg","medium-width":300,"medium-height":300,"medium_large":"https:\/\/www.tspmi.vu.lt\/wp-content\/uploads\/2025\/04\/3-3-768x768.jpg","medium_large-width":768,"medium_large-height":768,"large":"https:\/\/www.tspmi.vu.lt\/wp-content\/uploads\/2025\/04\/3-3-1024x1024.jpg","large-width":1024,"large-height":1024,"1536x1536":"https:\/\/www.tspmi.vu.lt\/wp-content\/uploads\/2025\/04\/3-3.jpg","1536x1536-width":1080,"1536x1536-height":1080,"2048x2048":"https:\/\/www.tspmi.vu.lt\/wp-content\/uploads\/2025\/04\/3-3.jpg","2048x2048-width":1080,"2048x2048-height":1080,"news-block":"https:\/\/www.tspmi.vu.lt\/wp-content\/uploads\/2025\/04\/3-3-400x400.jpg","news-block-width":400,"news-block-height":400}},"link":"https:\/\/www.tspmi.vu.lt\/en\/politics-global-challenges\/"}],"carousel_on_joining":false,"carousel_on_students":false,"carousel_on_researcher":false},"yoast_head":"<!-- This site is optimized with the Yoast SEO plugin v27.3 - https:\/\/yoast.com\/product\/yoast-seo-wordpress\/ -->\n<title>VU Tarptautini\u0173 santyki\u0173 ir politikos moksl\u0173 institutas<\/title>\n<meta name=\"description\" content=\"VU TSPMI \u2013 viena ry\u0161kiausi\u0173 socialini\u0173 moksl\u0173 \u012fstaig\u0173 Vidurio ir Ryt\u0173 Europoje bei Baltijos regione.\" \/>\n<meta name=\"robots\" content=\"index, follow, max-snippet:-1, max-image-preview:large, max-video-preview:-1\" \/>\n<link rel=\"canonical\" href=\"https:\/\/www.tspmi.vu.lt\/en\/\" \/>\n<meta property=\"og:locale\" content=\"en_US\" \/>\n<meta property=\"og:type\" content=\"article\" \/>\n<meta property=\"og:title\" content=\"VU Tarptautini\u0173 santyki\u0173 ir politikos moksl\u0173 institutas\" \/>\n<meta property=\"og:description\" content=\"VU TSPMI \u2013 viena ry\u0161kiausi\u0173 socialini\u0173 moksl\u0173 \u012fstaig\u0173 Vidurio ir Ryt\u0173 Europoje bei Baltijos regione.\" \/>\n<meta property=\"og:url\" content=\"https:\/\/www.tspmi.vu.lt\/en\/\" \/>\n<meta property=\"og:site_name\" content=\"TSPMI\" \/>\n<meta property=\"article:publisher\" content=\"https:\/\/www.facebook.com\/TSPMI\/\" \/>\n<meta property=\"article:modified_time\" content=\"2026-01-05T08:56:55+00:00\" \/>\n<meta property=\"og:image\" content=\"https:\/\/www.tspmi.vu.lt\/wp-content\/uploads\/Logos2021\/prie-para\u0161o-01-1.png\" \/>\n\t<meta property=\"og:image:width\" content=\"105\" \/>\n\t<meta property=\"og:image:height\" content=\"98\" \/>\n\t<meta property=\"og:image:type\" content=\"image\/png\" \/>\n<meta name=\"twitter:card\" content=\"summary_large_image\" \/>\n<script type=\"application\/ld+json\" class=\"yoast-schema-graph\">{\"@context\":\"https:\\\/\\\/schema.org\",\"@graph\":[{\"@type\":\"WebPage\",\"@id\":\"https:\\\/\\\/www.tspmi.vu.lt\\\/en\\\/\",\"url\":\"https:\\\/\\\/www.tspmi.vu.lt\\\/en\\\/\",\"name\":\"VU Tarptautini\u0173 santyki\u0173 ir politikos moksl\u0173 institutas\",\"isPartOf\":{\"@id\":\"https:\\\/\\\/www.tspmi.vu.lt\\\/#website\"},\"datePublished\":\"2017-06-12T14:41:08+00:00\",\"dateModified\":\"2026-01-05T08:56:55+00:00\",\"description\":\"VU TSPMI \u2013 viena ry\u0161kiausi\u0173 socialini\u0173 moksl\u0173 \u012fstaig\u0173 Vidurio ir Ryt\u0173 Europoje bei Baltijos regione.\",\"breadcrumb\":{\"@id\":\"https:\\\/\\\/www.tspmi.vu.lt\\\/en\\\/#breadcrumb\"},\"inLanguage\":\"en-US\",\"potentialAction\":[{\"@type\":\"ReadAction\",\"target\":[\"https:\\\/\\\/www.tspmi.vu.lt\\\/en\\\/\"]}]},{\"@type\":\"BreadcrumbList\",\"@id\":\"https:\\\/\\\/www.tspmi.vu.lt\\\/en\\\/#breadcrumb\",\"itemListElement\":[{\"@type\":\"ListItem\",\"position\":1,\"name\":\"Home\",\"item\":\"https:\\\/\\\/www.tspmi.vu.lt\\\/en\\\/\"},{\"@type\":\"ListItem\",\"position\":2,\"name\":\"Pagrindinis\"}]},{\"@type\":\"WebSite\",\"@id\":\"https:\\\/\\\/www.tspmi.vu.lt\\\/#website\",\"url\":\"https:\\\/\\\/www.tspmi.vu.lt\\\/\",\"name\":\"TSPMI\",\"description\":\"\",\"publisher\":{\"@id\":\"https:\\\/\\\/www.tspmi.vu.lt\\\/#organization\"},\"alternateName\":\"Vilniaus universitetas\",\"potentialAction\":[{\"@type\":\"SearchAction\",\"target\":{\"@type\":\"EntryPoint\",\"urlTemplate\":\"https:\\\/\\\/www.tspmi.vu.lt\\\/?s={search_term_string}\"},\"query-input\":{\"@type\":\"PropertyValueSpecification\",\"valueRequired\":true,\"valueName\":\"search_term_string\"}}],\"inLanguage\":\"en-US\"},{\"@type\":\"Organization\",\"@id\":\"https:\\\/\\\/www.tspmi.vu.lt\\\/#organization\",\"name\":\"Tarptautini\u0173 santyki\u0173 ir politikos moksl\u0173 institutas\",\"alternateName\":\"Vilniaus universitetas\",\"url\":\"https:\\\/\\\/www.tspmi.vu.lt\\\/\",\"logo\":{\"@type\":\"ImageObject\",\"inLanguage\":\"en-US\",\"@id\":\"https:\\\/\\\/www.tspmi.vu.lt\\\/#\\\/schema\\\/logo\\\/image\\\/\",\"url\":\"https:\\\/\\\/www.tspmi.vu.lt\\\/wp-content\\\/uploads\\\/2021\\\/07\\\/LOGO-LT-COLOR.png\",\"contentUrl\":\"https:\\\/\\\/www.tspmi.vu.lt\\\/wp-content\\\/uploads\\\/2021\\\/07\\\/LOGO-LT-COLOR.png\",\"width\":3860,\"height\":1405,\"caption\":\"Tarptautini\u0173 santyki\u0173 ir politikos moksl\u0173 institutas\"},\"image\":{\"@id\":\"https:\\\/\\\/www.tspmi.vu.lt\\\/#\\\/schema\\\/logo\\\/image\\\/\"},\"sameAs\":[\"https:\\\/\\\/www.facebook.com\\\/TSPMI\\\/\",\"https:\\\/\\\/www.instagram.com\\\/vu_tspmi\\\/\",\"https:\\\/\\\/lt.wikipedia.org\\\/wiki\\\/Vilniaus_universiteto_Tarptautini\u0173_santyki\u0173_ir_politikos_moksl\u0173_institutas\"]}]}<\/script>\n<!-- \/ Yoast SEO plugin. -->","yoast_head_json":{"title":"VU Tarptautini\u0173 santyki\u0173 ir politikos moksl\u0173 institutas","description":"VU TSPMI \u2013 viena ry\u0161kiausi\u0173 socialini\u0173 moksl\u0173 \u012fstaig\u0173 Vidurio ir Ryt\u0173 Europoje bei Baltijos regione.","robots":{"index":"index","follow":"follow","max-snippet":"max-snippet:-1","max-image-preview":"max-image-preview:large","max-video-preview":"max-video-preview:-1"},"canonical":"https:\/\/www.tspmi.vu.lt\/en\/","og_locale":"en_US","og_type":"article","og_title":"VU Tarptautini\u0173 santyki\u0173 ir politikos moksl\u0173 institutas","og_description":"VU TSPMI \u2013 viena ry\u0161kiausi\u0173 socialini\u0173 moksl\u0173 \u012fstaig\u0173 Vidurio ir Ryt\u0173 Europoje bei Baltijos regione.","og_url":"https:\/\/www.tspmi.vu.lt\/en\/","og_site_name":"TSPMI","article_publisher":"https:\/\/www.facebook.com\/TSPMI\/","article_modified_time":"2026-01-05T08:56:55+00:00","og_image":[{"width":105,"height":98,"url":"https:\/\/www.tspmi.vu.lt\/wp-content\/uploads\/Logos2021\/prie-para\u0161o-01-1.png","type":"image\/png"}],"twitter_card":"summary_large_image","schema":{"@context":"https:\/\/schema.org","@graph":[{"@type":"WebPage","@id":"https:\/\/www.tspmi.vu.lt\/en\/","url":"https:\/\/www.tspmi.vu.lt\/en\/","name":"VU Tarptautini\u0173 santyki\u0173 ir politikos moksl\u0173 institutas","isPartOf":{"@id":"https:\/\/www.tspmi.vu.lt\/#website"},"datePublished":"2017-06-12T14:41:08+00:00","dateModified":"2026-01-05T08:56:55+00:00","description":"VU TSPMI \u2013 viena ry\u0161kiausi\u0173 socialini\u0173 moksl\u0173 \u012fstaig\u0173 Vidurio ir Ryt\u0173 Europoje bei Baltijos regione.","breadcrumb":{"@id":"https:\/\/www.tspmi.vu.lt\/en\/#breadcrumb"},"inLanguage":"en-US","potentialAction":[{"@type":"ReadAction","target":["https:\/\/www.tspmi.vu.lt\/en\/"]}]},{"@type":"BreadcrumbList","@id":"https:\/\/www.tspmi.vu.lt\/en\/#breadcrumb","itemListElement":[{"@type":"ListItem","position":1,"name":"Home","item":"https:\/\/www.tspmi.vu.lt\/en\/"},{"@type":"ListItem","position":2,"name":"Pagrindinis"}]},{"@type":"WebSite","@id":"https:\/\/www.tspmi.vu.lt\/#website","url":"https:\/\/www.tspmi.vu.lt\/","name":"TSPMI","description":"","publisher":{"@id":"https:\/\/www.tspmi.vu.lt\/#organization"},"alternateName":"Vilniaus universitetas","potentialAction":[{"@type":"SearchAction","target":{"@type":"EntryPoint","urlTemplate":"https:\/\/www.tspmi.vu.lt\/?s={search_term_string}"},"query-input":{"@type":"PropertyValueSpecification","valueRequired":true,"valueName":"search_term_string"}}],"inLanguage":"en-US"},{"@type":"Organization","@id":"https:\/\/www.tspmi.vu.lt\/#organization","name":"Tarptautini\u0173 santyki\u0173 ir politikos moksl\u0173 institutas","alternateName":"Vilniaus universitetas","url":"https:\/\/www.tspmi.vu.lt\/","logo":{"@type":"ImageObject","inLanguage":"en-US","@id":"https:\/\/www.tspmi.vu.lt\/#\/schema\/logo\/image\/","url":"https:\/\/www.tspmi.vu.lt\/wp-content\/uploads\/2021\/07\/LOGO-LT-COLOR.png","contentUrl":"https:\/\/www.tspmi.vu.lt\/wp-content\/uploads\/2021\/07\/LOGO-LT-COLOR.png","width":3860,"height":1405,"caption":"Tarptautini\u0173 santyki\u0173 ir politikos moksl\u0173 institutas"},"image":{"@id":"https:\/\/www.tspmi.vu.lt\/#\/schema\/logo\/image\/"},"sameAs":["https:\/\/www.facebook.com\/TSPMI\/","https:\/\/www.instagram.com\/vu_tspmi\/","https:\/\/lt.wikipedia.org\/wiki\/Vilniaus_universiteto_Tarptautini\u0173_santyki\u0173_ir_politikos_moksl\u0173_institutas"]}]}},"_links":{"self":[{"href":"https:\/\/www.tspmi.vu.lt\/en\/wp-json\/wp\/v2\/pages\/3932","targetHints":{"allow":["GET"]}}],"collection":[{"href":"https:\/\/www.tspmi.vu.lt\/en\/wp-json\/wp\/v2\/pages"}],"about":[{"href":"https:\/\/www.tspmi.vu.lt\/en\/wp-json\/wp\/v2\/types\/page"}],"author":[{"embeddable":true,"href":"https:\/\/www.tspmi.vu.lt\/en\/wp-json\/wp\/v2\/users\/1"}],"replies":[{"embeddable":true,"href":"https:\/\/www.tspmi.vu.lt\/en\/wp-json\/wp\/v2\/comments?post=3932"}],"version-history":[{"count":175,"href":"https:\/\/www.tspmi.vu.lt\/en\/wp-json\/wp\/v2\/pages\/3932\/revisions"}],"predecessor-version":[{"id":27258,"href":"https:\/\/www.tspmi.vu.lt\/en\/wp-json\/wp\/v2\/pages\/3932\/revisions\/27258"}],"wp:attachment":[{"href":"https:\/\/www.tspmi.vu.lt\/en\/wp-json\/wp\/v2\/media?parent=3932"}],"curies":[{"name":"wp","href":"https:\/\/api.w.org\/{rel}","templated":true}]}}