{"id":27142,"date":"2023-03-07T15:22:24","date_gmt":"2023-03-07T13:22:24","guid":{"rendered":"https:\/\/www.tspmi.vu.lt\/garso-irasu-studija\/"},"modified":"2025-12-10T09:29:24","modified_gmt":"2025-12-10T07:29:24","slug":"sound-recording-studio-2","status":"publish","type":"page","link":"https:\/\/www.tspmi.vu.lt\/en\/sound-recording-studio-2\/","title":{"rendered":"VU IIRPS sound recording studio"},"content":{"rendered":"","protected":false},"excerpt":{"rendered":"","protected":false},"author":1,"featured_media":0,"parent":0,"menu_order":0,"comment_status":"closed","ping_status":"closed","template":"page-admission.php","meta":{"_acf_changed":false,"om_disable_all_campaigns":false,"footnotes":""},"class_list":["post-27142","page","type-page","status-publish","hentry"],"acf":{"info_blocks":[{"name":"Sound recording studio capabilities","content_left":false,"content_right":[{"acf_fc_layout":"text_block","text":"<p>Are you looking to record a podcast, lecture, interview, or audiobook? Visit the audio recording studio at Vilnius University&#8217;s Institute of International Relations and Political Science (VU IIRPS) \u2013 where your ideas can come to life.<\/p>\n<p>Our professionally equipped studio offers a range of high-quality services:<\/p>\n<p>\ud83c\udf99\ufe0f Audio Recording \u2013 for podcasts, lectures, interviews, audiobooks, and more.<br \/>\n\ud83c\udfa7 Audio Editing \u2013 ensuring clean, clear, and balanced sound.<br \/>\n\ud83c\udf9a\ufe0f Audio Mixing and Processing \u2013 preparing your recording for publication.<\/p>\n"}]},{"name":"Studio Software","content_left":false,"content_right":[{"acf_fc_layout":"text_block","text":"<p><b><strong>Software:<\/strong><\/b><\/p>\n<ul>\n<li>Voice recording, editing, and mixing are performed using Cubase 12 Pro software.<\/li>\n<li>Recorded audio material is edited according to your needs.<\/li>\n<\/ul>\n<p><b><strong>Technical equipment:<\/strong><\/b><\/p>\n<ul>\n<li>Computer adapted for audio editing;<\/li>\n<li>YAMAHA HS-7W sound monitors;<\/li>\n<li>4 professional ElectroVoice RE20 microphones.<\/li>\n<\/ul>\n<p><b><strong>Facility options:<\/strong><\/b><\/p>\n<p>The voice recording room is designed for 4 people.<\/p>\n"}]},{"name":"Work examples","content_left":false,"content_right":[{"acf_fc_layout":"text_block","text":"<p>We work with EUROPAST project podcasts. We also write a series of &#8220;Apolitical&#8221; podcasts for VU SA TSPMI. We recorded and prepared for publication Andrius Pulkauninkas&#8217; audiobooks &#8220;Paskend\u0119s turgus&#8221; (The Sunken Market) and &#8220;Jautrumo gravitacija&#8221; (The Gravity of Sensitivity).<\/p>\n"}]},{"name":"Contacts","content_left":false,"content_right":[{"acf_fc_layout":"text_block","text":"<p><i>The studio is located at VU IIRPS, Vokie\u010di\u0173 10, room 003, in the basement.<\/i><\/p>\n<p>For more information, please contact us by email at <a href=\"mailto:raimund.burinskij@tspmi.vu.lt\"><u>raimund.burinskij@tspmi.vu.lt<\/u><\/a>.<\/p>\n"}]}]},"yoast_head":"<!-- This site is optimized with the Yoast SEO plugin v27.3 - https:\/\/yoast.com\/product\/yoast-seo-wordpress\/ -->\n<title>Tinklalaid\u017ei\u0173 ir garso \u012fra\u0161\u0173 studija Vilniuje \u2013 VU TSPMI<\/title>\n<meta name=\"description\" content=\"VU TSPMI garso \u012fra\u0161\u0173 studija Vilniuje \u2013 profesionali erdv\u0117 tinklalaid\u017ei\u0173, paskait\u0173 ar garsini\u0173 knyg\u0173 \u012fra\u0161ymui. Garso \u012fra\u0161ymas, redagavimas ir suvedimas.\" \/>\n<meta name=\"robots\" content=\"index, follow, max-snippet:-1, max-image-preview:large, max-video-preview:-1\" \/>\n<link rel=\"canonical\" href=\"https:\/\/www.tspmi.vu.lt\/en\/sound-recording-studio-2\/\" \/>\n<meta property=\"og:locale\" content=\"en_US\" \/>\n<meta property=\"og:type\" content=\"article\" \/>\n<meta property=\"og:title\" content=\"Tinklalaid\u017ei\u0173 ir garso \u012fra\u0161\u0173 studija Vilniuje \u2013 VU TSPMI\" \/>\n<meta property=\"og:description\" content=\"VU TSPMI garso \u012fra\u0161\u0173 studija Vilniuje \u2013 profesionali erdv\u0117 tinklalaid\u017ei\u0173, paskait\u0173 ar garsini\u0173 knyg\u0173 \u012fra\u0161ymui. Garso \u012fra\u0161ymas, redagavimas ir suvedimas.\" \/>\n<meta property=\"og:url\" content=\"https:\/\/www.tspmi.vu.lt\/en\/sound-recording-studio-2\/\" \/>\n<meta property=\"og:site_name\" content=\"TSPMI\" \/>\n<meta property=\"article:publisher\" content=\"https:\/\/www.facebook.com\/TSPMI\/\" \/>\n<meta property=\"article:modified_time\" content=\"2025-12-10T07:29:24+00:00\" \/>\n<meta property=\"og:image\" content=\"https:\/\/www.tspmi.vu.lt\/wp-content\/uploads\/Logos2021\/prie-para\u0161o-01-1.png\" \/>\n\t<meta property=\"og:image:width\" content=\"105\" \/>\n\t<meta property=\"og:image:height\" content=\"98\" \/>\n\t<meta property=\"og:image:type\" content=\"image\/png\" \/>\n<meta name=\"twitter:card\" content=\"summary_large_image\" \/>\n<script type=\"application\/ld+json\" class=\"yoast-schema-graph\">{\"@context\":\"https:\\\/\\\/schema.org\",\"@graph\":[{\"@type\":\"WebPage\",\"@id\":\"https:\\\/\\\/www.tspmi.vu.lt\\\/en\\\/sound-recording-studio-2\\\/\",\"url\":\"https:\\\/\\\/www.tspmi.vu.lt\\\/en\\\/sound-recording-studio-2\\\/\",\"name\":\"Tinklalaid\u017ei\u0173 ir garso \u012fra\u0161\u0173 studija Vilniuje \u2013 VU TSPMI\",\"isPartOf\":{\"@id\":\"https:\\\/\\\/www.tspmi.vu.lt\\\/#website\"},\"datePublished\":\"2023-03-07T13:22:24+00:00\",\"dateModified\":\"2025-12-10T07:29:24+00:00\",\"description\":\"VU TSPMI garso \u012fra\u0161\u0173 studija Vilniuje \u2013 profesionali erdv\u0117 tinklalaid\u017ei\u0173, paskait\u0173 ar garsini\u0173 knyg\u0173 \u012fra\u0161ymui. Garso \u012fra\u0161ymas, redagavimas ir suvedimas.\",\"breadcrumb\":{\"@id\":\"https:\\\/\\\/www.tspmi.vu.lt\\\/en\\\/sound-recording-studio-2\\\/#breadcrumb\"},\"inLanguage\":\"en-US\",\"potentialAction\":[{\"@type\":\"ReadAction\",\"target\":[\"https:\\\/\\\/www.tspmi.vu.lt\\\/en\\\/sound-recording-studio-2\\\/\"]}]},{\"@type\":\"BreadcrumbList\",\"@id\":\"https:\\\/\\\/www.tspmi.vu.lt\\\/en\\\/sound-recording-studio-2\\\/#breadcrumb\",\"itemListElement\":[{\"@type\":\"ListItem\",\"position\":1,\"name\":\"Home\",\"item\":\"https:\\\/\\\/www.tspmi.vu.lt\\\/en\\\/\"},{\"@type\":\"ListItem\",\"position\":2,\"name\":\"VU IIRPS sound recording studio\"}]},{\"@type\":\"WebSite\",\"@id\":\"https:\\\/\\\/www.tspmi.vu.lt\\\/#website\",\"url\":\"https:\\\/\\\/www.tspmi.vu.lt\\\/\",\"name\":\"TSPMI\",\"description\":\"\",\"publisher\":{\"@id\":\"https:\\\/\\\/www.tspmi.vu.lt\\\/#organization\"},\"alternateName\":\"Vilniaus universitetas\",\"potentialAction\":[{\"@type\":\"SearchAction\",\"target\":{\"@type\":\"EntryPoint\",\"urlTemplate\":\"https:\\\/\\\/www.tspmi.vu.lt\\\/?s={search_term_string}\"},\"query-input\":{\"@type\":\"PropertyValueSpecification\",\"valueRequired\":true,\"valueName\":\"search_term_string\"}}],\"inLanguage\":\"en-US\"},{\"@type\":\"Organization\",\"@id\":\"https:\\\/\\\/www.tspmi.vu.lt\\\/#organization\",\"name\":\"Tarptautini\u0173 santyki\u0173 ir politikos moksl\u0173 institutas\",\"alternateName\":\"Vilniaus universitetas\",\"url\":\"https:\\\/\\\/www.tspmi.vu.lt\\\/\",\"logo\":{\"@type\":\"ImageObject\",\"inLanguage\":\"en-US\",\"@id\":\"https:\\\/\\\/www.tspmi.vu.lt\\\/#\\\/schema\\\/logo\\\/image\\\/\",\"url\":\"https:\\\/\\\/www.tspmi.vu.lt\\\/wp-content\\\/uploads\\\/2021\\\/07\\\/LOGO-LT-COLOR.png\",\"contentUrl\":\"https:\\\/\\\/www.tspmi.vu.lt\\\/wp-content\\\/uploads\\\/2021\\\/07\\\/LOGO-LT-COLOR.png\",\"width\":3860,\"height\":1405,\"caption\":\"Tarptautini\u0173 santyki\u0173 ir politikos moksl\u0173 institutas\"},\"image\":{\"@id\":\"https:\\\/\\\/www.tspmi.vu.lt\\\/#\\\/schema\\\/logo\\\/image\\\/\"},\"sameAs\":[\"https:\\\/\\\/www.facebook.com\\\/TSPMI\\\/\",\"https:\\\/\\\/www.instagram.com\\\/vu_tspmi\\\/\",\"https:\\\/\\\/lt.wikipedia.org\\\/wiki\\\/Vilniaus_universiteto_Tarptautini\u0173_santyki\u0173_ir_politikos_moksl\u0173_institutas\"]}]}<\/script>\n<!-- \/ Yoast SEO plugin. -->","yoast_head_json":{"title":"Tinklalaid\u017ei\u0173 ir garso \u012fra\u0161\u0173 studija Vilniuje \u2013 VU TSPMI","description":"VU TSPMI garso \u012fra\u0161\u0173 studija Vilniuje \u2013 profesionali erdv\u0117 tinklalaid\u017ei\u0173, paskait\u0173 ar garsini\u0173 knyg\u0173 \u012fra\u0161ymui. Garso \u012fra\u0161ymas, redagavimas ir suvedimas.","robots":{"index":"index","follow":"follow","max-snippet":"max-snippet:-1","max-image-preview":"max-image-preview:large","max-video-preview":"max-video-preview:-1"},"canonical":"https:\/\/www.tspmi.vu.lt\/en\/sound-recording-studio-2\/","og_locale":"en_US","og_type":"article","og_title":"Tinklalaid\u017ei\u0173 ir garso \u012fra\u0161\u0173 studija Vilniuje \u2013 VU TSPMI","og_description":"VU TSPMI garso \u012fra\u0161\u0173 studija Vilniuje \u2013 profesionali erdv\u0117 tinklalaid\u017ei\u0173, paskait\u0173 ar garsini\u0173 knyg\u0173 \u012fra\u0161ymui. Garso \u012fra\u0161ymas, redagavimas ir suvedimas.","og_url":"https:\/\/www.tspmi.vu.lt\/en\/sound-recording-studio-2\/","og_site_name":"TSPMI","article_publisher":"https:\/\/www.facebook.com\/TSPMI\/","article_modified_time":"2025-12-10T07:29:24+00:00","og_image":[{"width":105,"height":98,"url":"https:\/\/www.tspmi.vu.lt\/wp-content\/uploads\/Logos2021\/prie-para\u0161o-01-1.png","type":"image\/png"}],"twitter_card":"summary_large_image","schema":{"@context":"https:\/\/schema.org","@graph":[{"@type":"WebPage","@id":"https:\/\/www.tspmi.vu.lt\/en\/sound-recording-studio-2\/","url":"https:\/\/www.tspmi.vu.lt\/en\/sound-recording-studio-2\/","name":"Tinklalaid\u017ei\u0173 ir garso \u012fra\u0161\u0173 studija Vilniuje \u2013 VU TSPMI","isPartOf":{"@id":"https:\/\/www.tspmi.vu.lt\/#website"},"datePublished":"2023-03-07T13:22:24+00:00","dateModified":"2025-12-10T07:29:24+00:00","description":"VU TSPMI garso \u012fra\u0161\u0173 studija Vilniuje \u2013 profesionali erdv\u0117 tinklalaid\u017ei\u0173, paskait\u0173 ar garsini\u0173 knyg\u0173 \u012fra\u0161ymui. Garso \u012fra\u0161ymas, redagavimas ir suvedimas.","breadcrumb":{"@id":"https:\/\/www.tspmi.vu.lt\/en\/sound-recording-studio-2\/#breadcrumb"},"inLanguage":"en-US","potentialAction":[{"@type":"ReadAction","target":["https:\/\/www.tspmi.vu.lt\/en\/sound-recording-studio-2\/"]}]},{"@type":"BreadcrumbList","@id":"https:\/\/www.tspmi.vu.lt\/en\/sound-recording-studio-2\/#breadcrumb","itemListElement":[{"@type":"ListItem","position":1,"name":"Home","item":"https:\/\/www.tspmi.vu.lt\/en\/"},{"@type":"ListItem","position":2,"name":"VU IIRPS sound recording studio"}]},{"@type":"WebSite","@id":"https:\/\/www.tspmi.vu.lt\/#website","url":"https:\/\/www.tspmi.vu.lt\/","name":"TSPMI","description":"","publisher":{"@id":"https:\/\/www.tspmi.vu.lt\/#organization"},"alternateName":"Vilniaus universitetas","potentialAction":[{"@type":"SearchAction","target":{"@type":"EntryPoint","urlTemplate":"https:\/\/www.tspmi.vu.lt\/?s={search_term_string}"},"query-input":{"@type":"PropertyValueSpecification","valueRequired":true,"valueName":"search_term_string"}}],"inLanguage":"en-US"},{"@type":"Organization","@id":"https:\/\/www.tspmi.vu.lt\/#organization","name":"Tarptautini\u0173 santyki\u0173 ir politikos moksl\u0173 institutas","alternateName":"Vilniaus universitetas","url":"https:\/\/www.tspmi.vu.lt\/","logo":{"@type":"ImageObject","inLanguage":"en-US","@id":"https:\/\/www.tspmi.vu.lt\/#\/schema\/logo\/image\/","url":"https:\/\/www.tspmi.vu.lt\/wp-content\/uploads\/2021\/07\/LOGO-LT-COLOR.png","contentUrl":"https:\/\/www.tspmi.vu.lt\/wp-content\/uploads\/2021\/07\/LOGO-LT-COLOR.png","width":3860,"height":1405,"caption":"Tarptautini\u0173 santyki\u0173 ir politikos moksl\u0173 institutas"},"image":{"@id":"https:\/\/www.tspmi.vu.lt\/#\/schema\/logo\/image\/"},"sameAs":["https:\/\/www.facebook.com\/TSPMI\/","https:\/\/www.instagram.com\/vu_tspmi\/","https:\/\/lt.wikipedia.org\/wiki\/Vilniaus_universiteto_Tarptautini\u0173_santyki\u0173_ir_politikos_moksl\u0173_institutas"]}]}},"_links":{"self":[{"href":"https:\/\/www.tspmi.vu.lt\/en\/wp-json\/wp\/v2\/pages\/27142","targetHints":{"allow":["GET"]}}],"collection":[{"href":"https:\/\/www.tspmi.vu.lt\/en\/wp-json\/wp\/v2\/pages"}],"about":[{"href":"https:\/\/www.tspmi.vu.lt\/en\/wp-json\/wp\/v2\/types\/page"}],"author":[{"embeddable":true,"href":"https:\/\/www.tspmi.vu.lt\/en\/wp-json\/wp\/v2\/users\/1"}],"replies":[{"embeddable":true,"href":"https:\/\/www.tspmi.vu.lt\/en\/wp-json\/wp\/v2\/comments?post=27142"}],"version-history":[{"count":6,"href":"https:\/\/www.tspmi.vu.lt\/en\/wp-json\/wp\/v2\/pages\/27142\/revisions"}],"predecessor-version":[{"id":27247,"href":"https:\/\/www.tspmi.vu.lt\/en\/wp-json\/wp\/v2\/pages\/27142\/revisions\/27247"}],"wp:attachment":[{"href":"https:\/\/www.tspmi.vu.lt\/en\/wp-json\/wp\/v2\/media?parent=27142"}],"curies":[{"name":"wp","href":"https:\/\/api.w.org\/{rel}","templated":true}]}}