{"id":25964,"date":"2025-02-06T10:47:59","date_gmt":"2025-02-06T08:47:59","guid":{"rendered":"https:\/\/www.tspmi.vu.lt\/?page_id=25964"},"modified":"2025-02-06T11:31:10","modified_gmt":"2025-02-06T09:31:10","slug":"the-archive-of-the-postsoviet-memory-studies-center","status":"publish","type":"page","link":"https:\/\/www.tspmi.vu.lt\/en\/the-archive-of-the-postsoviet-memory-studies-center\/","title":{"rendered":"The Archive of the (Post)Soviet Memory Studies Center"},"content":{"rendered":"","protected":false},"excerpt":{"rendered":"","protected":false},"author":1,"featured_media":0,"parent":0,"menu_order":0,"comment_status":"closed","ping_status":"closed","template":"page-admission.php","meta":{"_acf_changed":false,"om_disable_all_campaigns":false,"footnotes":""},"class_list":["post-25964","page","type-page","status-publish","hentry"],"acf":{"tekstas":"","info_blocks":[{"name":"Data collections","content_left":false,"content_right":[{"acf_fc_layout":"text_block","text":"<p>The archive of (Post)Soviet Memory Studies Center at the IIRPS VU contains more than 600 oral history interviews and consists of 4 main collections:<\/p>\n<ul>\n<li><strong>The S\u0105j\u016bdis Project Collection.<\/strong> The collection consists of oral history interviews with the pioneers of the \u201cS\u0105j\u016bdis\u201c movement and the activists of a self-subsistent society disobedient to the Soviet system collected for the project \u201cThe Phenomenon of \u2018S\u0105j\u016bdis\u2019: Network Analysis of Civic Movement\u201d (2009-2011). The collection contains more than 300 interviews with the most important groups of the disobedient society: ethno-cultural movement, Catholic underground, youth subcultures, unofficial circles and semi-legal discussion clubs of artists and scholars, green movement, and S\u0105j\u016bdis pioneers in Vilnius, Kaunas, Klaip\u0117da, \u0160iauliai, \u0160iauliai district, Ukmerg\u0117, Pasvalys. You may find a catalog of the collection\u00a0<strong><a href=\"http:\/\/www.visuomenesovietmeciu.tspmi.vu.lt\/?ref=vilniusuniversity.ghost.io\">here<\/a><\/strong>.<\/li>\n<li><strong>Invisible Society Collection. <\/strong>The collection consists of interviews collected for the project \u201cInvisible Society of Soviet-era Lithuania: The Revision of Distinction between Soviet and Non-Soviet Informal Networks\u201d (2012-2015) with catholic undergrounds, and other samizdat periodicals, activists of the ethnocultural movement, representatives of youth life in the so-called Bermuda Triangle of Vilnius old town, intellectuals involved into non-systemic activities of saving the old town heritage, organized by the intelligentsia in 1977-1978, as well as members of the nomenclature. You may find a catalog of the collection\u00a0<strong><a href=\"http:\/\/www.visuomenesovietmeciu.tspmi.vu.lt\/?ref=vilniusuniversity.ghost.io\">here<\/a><\/strong>.<\/li>\n<li><strong>Soviet Life Oral History Collection.<\/strong> The collection consists of interviews collected for the project \u201cSoviet Life as Oral History: Challenges in Memory (Re) Construction\u201d (2016-2018). The collection consists of 102 narrative-biographical interviews with the surviving witnesses of Soviet times, collected in Var\u0117na, K\u0117dainiai, Naujoji Akmen\u0117 and Roki\u0161kis and their surroundings in the summer of 2017.<\/li>\n<li><strong>Post-Soviet Transformation Collection. <\/strong>The collection consists of 75 biographic in-depth interviews about life during the post-Soviet transformation in Panev\u0117\u017eys, Jonava, and their surroundings, gathered during the project \u201cPostcommunist Transformation as Dismantling of the Soviet Modernity Project\u201d (2021-2022). The interviews were collected in the summer of 2021. You may access interview metadata <strong><a href=\"https:\/\/midas.lt\/public-app.html#\/research\/dataObjects?page=1&amp;pageSize=50&amp;resourceId=203601&amp;uuid=86fec145-fbe0-457f-ac05-b56eb6b65171&amp;loadData=true&amp;lang=lt\">here<\/a><\/strong>.<\/li>\n<\/ul>\n"}]},{"name":"Access to the Archive data","content_left":false,"content_right":[{"acf_fc_layout":"text_block","text":"<p>Under the terms of the informed consent forms signed by the participants and the rules approved by the director of the IIRPS VU, some of the interviews stored in the archive may be opened for re-use to other researchers who agree to abide by the rules on the use of interviews.<\/p>\n<p>Selected interviews are only available on a dedicated IIRPS VU computer, and the data may not be copied, sent, or transferred to a personal computer or external storage device. The computer contains transcripts, audio recordings (in some collections) and metadata tables of the interviews. Please note that the data is in Lithuanian only.<\/p>\n<p>If you wish to access the data, please fill out an application form and email it and other required documents to <a href=\"mailto:memory@tspmi.vu.lt\">memory@tspmi.vu.lt<\/a>. The IIRPS VU Science and Research Department will contact you to inform you about the next steps to access the Archive data.<\/p>\n<p>If you have any questions, please contact <a href=\"mailto:memory@tspmi.vu.lt\">memory@tspmi.vu.lt<\/a>.<\/p>\n"}]},{"name":"Documents","content_left":false,"content_right":[{"acf_fc_layout":"text_block","text":"<p><a href=\"https:\/\/www.tspmi.vu.lt\/wp-content\/uploads\/2025\/02\/Archive_Rules_EN.pdf\">Rules for the use of the Archive of the (Post)Soviet Memory Studies Center of the IIRPS VU.<\/a><\/p>\n<p><a href=\"https:\/\/www.tspmi.vu.lt\/wp-content\/uploads\/2025\/02\/Application_form_archive.docx\">Application form for access to the Archive collections.<\/a><\/p>\n<p><a href=\"https:\/\/www.tspmi.vu.lt\/wp-content\/uploads\/2025\/02\/The-Rules-for-the-Use-of-Data_EN.docx\">The Rules for the Use of Data.<\/a><\/p>\n"}]}],"text":"","heading":""},"yoast_head":"<!-- This site is optimized with the Yoast SEO plugin v27.3 - https:\/\/yoast.com\/product\/yoast-seo-wordpress\/ -->\n<title>The Archive of the (Post)Soviet Memory Studies Center - TSPMI<\/title>\n<meta name=\"robots\" content=\"index, follow, max-snippet:-1, max-image-preview:large, max-video-preview:-1\" \/>\n<link rel=\"canonical\" href=\"https:\/\/www.tspmi.vu.lt\/en\/the-archive-of-the-postsoviet-memory-studies-center\/\" \/>\n<meta property=\"og:locale\" content=\"en_US\" \/>\n<meta property=\"og:type\" content=\"article\" \/>\n<meta property=\"og:title\" content=\"The Archive of the (Post)Soviet Memory Studies Center - TSPMI\" \/>\n<meta property=\"og:url\" content=\"https:\/\/www.tspmi.vu.lt\/en\/the-archive-of-the-postsoviet-memory-studies-center\/\" \/>\n<meta property=\"og:site_name\" content=\"TSPMI\" \/>\n<meta property=\"article:publisher\" content=\"https:\/\/www.facebook.com\/TSPMI\/\" \/>\n<meta property=\"article:modified_time\" content=\"2025-02-06T09:31:10+00:00\" \/>\n<meta property=\"og:image\" content=\"https:\/\/www.tspmi.vu.lt\/wp-content\/uploads\/Logos2021\/prie-para\u0161o-01-1.png\" \/>\n\t<meta property=\"og:image:width\" content=\"105\" \/>\n\t<meta property=\"og:image:height\" content=\"98\" \/>\n\t<meta property=\"og:image:type\" content=\"image\/png\" \/>\n<meta name=\"twitter:card\" content=\"summary_large_image\" \/>\n<script type=\"application\/ld+json\" class=\"yoast-schema-graph\">{\"@context\":\"https:\\\/\\\/schema.org\",\"@graph\":[{\"@type\":\"WebPage\",\"@id\":\"https:\\\/\\\/www.tspmi.vu.lt\\\/en\\\/the-archive-of-the-postsoviet-memory-studies-center\\\/\",\"url\":\"https:\\\/\\\/www.tspmi.vu.lt\\\/en\\\/the-archive-of-the-postsoviet-memory-studies-center\\\/\",\"name\":\"The Archive of the (Post)Soviet Memory Studies Center - TSPMI\",\"isPartOf\":{\"@id\":\"https:\\\/\\\/www.tspmi.vu.lt\\\/#website\"},\"datePublished\":\"2025-02-06T08:47:59+00:00\",\"dateModified\":\"2025-02-06T09:31:10+00:00\",\"breadcrumb\":{\"@id\":\"https:\\\/\\\/www.tspmi.vu.lt\\\/en\\\/the-archive-of-the-postsoviet-memory-studies-center\\\/#breadcrumb\"},\"inLanguage\":\"en-US\",\"potentialAction\":[{\"@type\":\"ReadAction\",\"target\":[\"https:\\\/\\\/www.tspmi.vu.lt\\\/en\\\/the-archive-of-the-postsoviet-memory-studies-center\\\/\"]}]},{\"@type\":\"BreadcrumbList\",\"@id\":\"https:\\\/\\\/www.tspmi.vu.lt\\\/en\\\/the-archive-of-the-postsoviet-memory-studies-center\\\/#breadcrumb\",\"itemListElement\":[{\"@type\":\"ListItem\",\"position\":1,\"name\":\"Home\",\"item\":\"https:\\\/\\\/www.tspmi.vu.lt\\\/en\\\/\"},{\"@type\":\"ListItem\",\"position\":2,\"name\":\"The Archive of the (Post)Soviet Memory Studies Center\"}]},{\"@type\":\"WebSite\",\"@id\":\"https:\\\/\\\/www.tspmi.vu.lt\\\/#website\",\"url\":\"https:\\\/\\\/www.tspmi.vu.lt\\\/\",\"name\":\"TSPMI\",\"description\":\"\",\"publisher\":{\"@id\":\"https:\\\/\\\/www.tspmi.vu.lt\\\/#organization\"},\"alternateName\":\"Vilniaus universitetas\",\"potentialAction\":[{\"@type\":\"SearchAction\",\"target\":{\"@type\":\"EntryPoint\",\"urlTemplate\":\"https:\\\/\\\/www.tspmi.vu.lt\\\/?s={search_term_string}\"},\"query-input\":{\"@type\":\"PropertyValueSpecification\",\"valueRequired\":true,\"valueName\":\"search_term_string\"}}],\"inLanguage\":\"en-US\"},{\"@type\":\"Organization\",\"@id\":\"https:\\\/\\\/www.tspmi.vu.lt\\\/#organization\",\"name\":\"Tarptautini\u0173 santyki\u0173 ir politikos moksl\u0173 institutas\",\"alternateName\":\"Vilniaus universitetas\",\"url\":\"https:\\\/\\\/www.tspmi.vu.lt\\\/\",\"logo\":{\"@type\":\"ImageObject\",\"inLanguage\":\"en-US\",\"@id\":\"https:\\\/\\\/www.tspmi.vu.lt\\\/#\\\/schema\\\/logo\\\/image\\\/\",\"url\":\"https:\\\/\\\/www.tspmi.vu.lt\\\/wp-content\\\/uploads\\\/2021\\\/07\\\/LOGO-LT-COLOR.png\",\"contentUrl\":\"https:\\\/\\\/www.tspmi.vu.lt\\\/wp-content\\\/uploads\\\/2021\\\/07\\\/LOGO-LT-COLOR.png\",\"width\":3860,\"height\":1405,\"caption\":\"Tarptautini\u0173 santyki\u0173 ir politikos moksl\u0173 institutas\"},\"image\":{\"@id\":\"https:\\\/\\\/www.tspmi.vu.lt\\\/#\\\/schema\\\/logo\\\/image\\\/\"},\"sameAs\":[\"https:\\\/\\\/www.facebook.com\\\/TSPMI\\\/\",\"https:\\\/\\\/www.instagram.com\\\/vu_tspmi\\\/\",\"https:\\\/\\\/lt.wikipedia.org\\\/wiki\\\/Vilniaus_universiteto_Tarptautini\u0173_santyki\u0173_ir_politikos_moksl\u0173_institutas\"]}]}<\/script>\n<!-- \/ Yoast SEO plugin. -->","yoast_head_json":{"title":"The Archive of the (Post)Soviet Memory Studies Center - TSPMI","robots":{"index":"index","follow":"follow","max-snippet":"max-snippet:-1","max-image-preview":"max-image-preview:large","max-video-preview":"max-video-preview:-1"},"canonical":"https:\/\/www.tspmi.vu.lt\/en\/the-archive-of-the-postsoviet-memory-studies-center\/","og_locale":"en_US","og_type":"article","og_title":"The Archive of the (Post)Soviet Memory Studies Center - TSPMI","og_url":"https:\/\/www.tspmi.vu.lt\/en\/the-archive-of-the-postsoviet-memory-studies-center\/","og_site_name":"TSPMI","article_publisher":"https:\/\/www.facebook.com\/TSPMI\/","article_modified_time":"2025-02-06T09:31:10+00:00","og_image":[{"width":105,"height":98,"url":"https:\/\/www.tspmi.vu.lt\/wp-content\/uploads\/Logos2021\/prie-para\u0161o-01-1.png","type":"image\/png"}],"twitter_card":"summary_large_image","schema":{"@context":"https:\/\/schema.org","@graph":[{"@type":"WebPage","@id":"https:\/\/www.tspmi.vu.lt\/en\/the-archive-of-the-postsoviet-memory-studies-center\/","url":"https:\/\/www.tspmi.vu.lt\/en\/the-archive-of-the-postsoviet-memory-studies-center\/","name":"The Archive of the (Post)Soviet Memory Studies Center - TSPMI","isPartOf":{"@id":"https:\/\/www.tspmi.vu.lt\/#website"},"datePublished":"2025-02-06T08:47:59+00:00","dateModified":"2025-02-06T09:31:10+00:00","breadcrumb":{"@id":"https:\/\/www.tspmi.vu.lt\/en\/the-archive-of-the-postsoviet-memory-studies-center\/#breadcrumb"},"inLanguage":"en-US","potentialAction":[{"@type":"ReadAction","target":["https:\/\/www.tspmi.vu.lt\/en\/the-archive-of-the-postsoviet-memory-studies-center\/"]}]},{"@type":"BreadcrumbList","@id":"https:\/\/www.tspmi.vu.lt\/en\/the-archive-of-the-postsoviet-memory-studies-center\/#breadcrumb","itemListElement":[{"@type":"ListItem","position":1,"name":"Home","item":"https:\/\/www.tspmi.vu.lt\/en\/"},{"@type":"ListItem","position":2,"name":"The Archive of the (Post)Soviet Memory Studies Center"}]},{"@type":"WebSite","@id":"https:\/\/www.tspmi.vu.lt\/#website","url":"https:\/\/www.tspmi.vu.lt\/","name":"TSPMI","description":"","publisher":{"@id":"https:\/\/www.tspmi.vu.lt\/#organization"},"alternateName":"Vilniaus universitetas","potentialAction":[{"@type":"SearchAction","target":{"@type":"EntryPoint","urlTemplate":"https:\/\/www.tspmi.vu.lt\/?s={search_term_string}"},"query-input":{"@type":"PropertyValueSpecification","valueRequired":true,"valueName":"search_term_string"}}],"inLanguage":"en-US"},{"@type":"Organization","@id":"https:\/\/www.tspmi.vu.lt\/#organization","name":"Tarptautini\u0173 santyki\u0173 ir politikos moksl\u0173 institutas","alternateName":"Vilniaus universitetas","url":"https:\/\/www.tspmi.vu.lt\/","logo":{"@type":"ImageObject","inLanguage":"en-US","@id":"https:\/\/www.tspmi.vu.lt\/#\/schema\/logo\/image\/","url":"https:\/\/www.tspmi.vu.lt\/wp-content\/uploads\/2021\/07\/LOGO-LT-COLOR.png","contentUrl":"https:\/\/www.tspmi.vu.lt\/wp-content\/uploads\/2021\/07\/LOGO-LT-COLOR.png","width":3860,"height":1405,"caption":"Tarptautini\u0173 santyki\u0173 ir politikos moksl\u0173 institutas"},"image":{"@id":"https:\/\/www.tspmi.vu.lt\/#\/schema\/logo\/image\/"},"sameAs":["https:\/\/www.facebook.com\/TSPMI\/","https:\/\/www.instagram.com\/vu_tspmi\/","https:\/\/lt.wikipedia.org\/wiki\/Vilniaus_universiteto_Tarptautini\u0173_santyki\u0173_ir_politikos_moksl\u0173_institutas"]}]}},"_links":{"self":[{"href":"https:\/\/www.tspmi.vu.lt\/en\/wp-json\/wp\/v2\/pages\/25964","targetHints":{"allow":["GET"]}}],"collection":[{"href":"https:\/\/www.tspmi.vu.lt\/en\/wp-json\/wp\/v2\/pages"}],"about":[{"href":"https:\/\/www.tspmi.vu.lt\/en\/wp-json\/wp\/v2\/types\/page"}],"author":[{"embeddable":true,"href":"https:\/\/www.tspmi.vu.lt\/en\/wp-json\/wp\/v2\/users\/1"}],"replies":[{"embeddable":true,"href":"https:\/\/www.tspmi.vu.lt\/en\/wp-json\/wp\/v2\/comments?post=25964"}],"version-history":[{"count":15,"href":"https:\/\/www.tspmi.vu.lt\/en\/wp-json\/wp\/v2\/pages\/25964\/revisions"}],"predecessor-version":[{"id":25989,"href":"https:\/\/www.tspmi.vu.lt\/en\/wp-json\/wp\/v2\/pages\/25964\/revisions\/25989"}],"wp:attachment":[{"href":"https:\/\/www.tspmi.vu.lt\/en\/wp-json\/wp\/v2\/media?parent=25964"}],"curies":[{"name":"wp","href":"https:\/\/api.w.org\/{rel}","templated":true}]}}