{"id":25895,"date":"2025-02-04T10:54:05","date_gmt":"2025-02-04T08:54:05","guid":{"rendered":"https:\/\/www.tspmi.vu.lt\/?page_id=25895"},"modified":"2025-09-26T12:51:37","modified_gmt":"2025-09-26T09:51:37","slug":"international-conference-the-past-and-future-of-public-history","status":"publish","type":"page","link":"https:\/\/www.tspmi.vu.lt\/en\/conferences\/international-conference-the-past-and-future-of-public-history\/","title":{"rendered":"International Conference &#8220;The Past and Future of Public History&#8221;"},"content":{"rendered":"","protected":false},"excerpt":{"rendered":"","protected":false},"author":1,"featured_media":0,"parent":14229,"menu_order":0,"comment_status":"closed","ping_status":"closed","template":"page-admission.php","meta":{"_acf_changed":false,"om_disable_all_campaigns":false,"footnotes":""},"class_list":["post-25895","page","type-page","status-publish","hentry"],"acf":{"tekstas":"","info_blocks":[{"name":"Call for papers and panels","content_left":false,"content_right":[{"acf_fc_layout":"text_block","text":"<p><i>&#8220;Who controls the past controls the future. Who controls the present controls the past&#8221;.<\/i><i>\u00a0<\/i><i>\u00a0<\/i><i>\u00a0<\/i><\/p>\n<p>George Orwell\u2019s dystopian vision has only gained in relevance since 1984 was published in 1949. With the spread of digital communications technologies, states and individuals are increasingly able to manipulate the population with tendentious narratives of the past.<\/p>\n<p>But the aim of shaping the future through representations of the past need not be nefarious. The German Institute for the History of the National Socialist Era was mandated in 1949 to document, analyse and educate the public about Nazism and its crimes, so they would never be repeated. Based on the German model, institutes of contemporary history spread rapidly, helping to consolidate the postwar democracies of Western Europe.<\/p>\n<p>Established with the aim of consolidating democratic development and European integration, the &#8220;memory institutions&#8221; of East Central Europe have sometimes been associated with the politicization of historical research, non-inclusive approaches to commemoration, and outdated methods and practices of research. Meanwhile the House of European History was established to implement the idea of European remembrance.<\/p>\n<p>The conference &#8220;The Past and Future of Public History&#8221; invites participants to consider the establishment of institutes of &#8220;contemporary history&#8221; after the Second World War, &#8220;national memory&#8221; after the Cold War and &#8220;European Remembrance&#8221; after the eastward expansion of the EU as three waves of public history activism, and to consider what the next wave might entail.<\/p>\n<p>Approaches to public history have varied considerably over time and across space, but they are joined by the key concerns of communicating the past while encouraging the participation and engagement of various constituencies.<\/p>\n<p>The conference, which will take place on the<b>\u00a09th-10th of October 2025,\u00a0<\/b>will be held at the\u00a0<b>Institute of International Relations and Political Science of Vilnius University.\u00a0<\/b><\/p>\n<p>We invite you to submit proposals for both individual papers and panels.\u00a0Please submit your abstract (up to 250 words) along with a short bio by completing <strong><a href=\"https:\/\/forms.office.com\/Pages\/DesignPageV2.aspx?subpage=design&amp;token=04732141adc944c58da493994ad3c79a&amp;id=ghrFgo1UykO8-b9LfrHQEuwjhw5rDwdPg_pLsMW3czpUMDRGNldUVjMxSURHTzZSWEFVTjFBSzJQWS4u&amp;branchingelementid=r025f77ce3c714fe7932520525dff1425&amp;topview=Preview\">this survey<\/a> <\/strong>by the <strong>11th of April 2025<\/strong>. Selected presenters will be notified on the\u00a0<strong>19th of May 2025<\/strong><b>.<\/b>\u00a0We strongly encourage on-site participation, but online participation will be possible in individual cases. In the survey, please indicate your preferred mode of participation. The conference language is English. For further information, please contact us at\u00a0<b><a class=\"linkified\" href=\"mailto:info@europast.vu.lt\"><span class=\"cloaked_email\">info@europast.vu.lt<\/span>.<\/a><\/b><\/p>\n<p><a href=\"https:\/\/www.tspmi.vu.lt\/wp-content\/uploads\/2025\/07\/The-Past-and-Future-of-Public-History_CfP-updated.pdf\">Download the call in PDF format.<\/a><\/p>\n<p>This conference is part of a project funded by the European Union under the WIDERA programme (EUROPAST project, grant agreement No. 101079466).<\/p>\n"}]},{"name":"Keynote speakers","content_left":false,"content_right":[{"acf_fc_layout":"text_block","text":"<p><span class=\"TextRun SCXW68121318 BCX0\" lang=\"EN-GB\" xml:lang=\"EN-GB\" data-contrast=\"none\"><span class=\"NormalTextRun SCXW68121318 BCX0\" data-ccp-parastyle=\"Normal (Web)\"><span style=\"text-decoration: underline;\"><strong><img loading=\"lazy\" decoding=\"async\" class=\"size-full wp-image-25915 alignleft\" src=\"https:\/\/www.tspmi.vu.lt\/wp-content\/uploads\/2025\/02\/kubik.jpg\" alt=\"\" width=\"199\" height=\"245\" \/><\/strong><strong><span class=\"TextRun MacChromeBold SCXW152978243 BCX0\" lang=\"EN-GB\" xml:lang=\"EN-GB\" data-contrast=\"none\"><span class=\"NormalTextRun SCXW152978243 BCX0\" data-ccp-charstyle=\"Strong\">Jan <\/span><span class=\"NormalTextRun SCXW152978243 BCX0\" data-ccp-charstyle=\"Strong\">Kubik<\/span><\/span><\/strong><\/span><span class=\"TextRun SCXW152978243 BCX0\" lang=\"EN-GB\" xml:lang=\"EN-GB\" data-contrast=\"none\"><span class=\"NormalTextRun SCXW152978243 BCX0\" data-ccp-charstyle=\"normaltextrun\" data-ccp-charstyle-defn=\"{&quot;ObjectId&quot;:&quot;ac0262f4-8a9e-5820-b908-2d943c5f7113|1&quot;,&quot;ClassId&quot;:1073872969,&quot;Properties&quot;:[201342446,&quot;1&quot;,201342447,&quot;5&quot;,201342448,&quot;1&quot;,201342449,&quot;1&quot;,469777841,&quot;Calibri&quot;,469777842,&quot;&quot;,469777843,&quot;Calibri&quot;,469777844,&quot;Calibri&quot;,201341986,&quot;1&quot;,469769226,&quot;Calibri&quot;,268442635,&quot;22&quot;,469775450,&quot;normaltextrun&quot;,201340122,&quot;1&quot;,134233614,&quot;true&quot;,469778129,&quot;normaltextrun&quot;,335572020,&quot;1&quot;,469778324,&quot;Default Paragraph Font&quot;]}\">\u202fis Distinguished Professor in the Department of Political Science at Rutgers University and Professor Emeritus at the School of Slavonic and East European Studies, University College London (UCL), which he directed in 2015-17. The 2020 President of Association for East European and Eurasian Studies and the recipient of the 2018 Distinguished Achievement Award from the Polish Institute of Arts and Sciences in America (PIASA). Co-Principal Investigator (with Richard Mole) of two international projects, Delayed Transformational Fatigue in Central and Eastern Europe (<\/span><\/span><a class=\"Hyperlink SCXW152978243 BCX0\" href=\"https:\/\/populism-europe.com\/fatigue\/\" target=\"_blank\" rel=\"noreferrer noopener\"><span class=\"TextRun Underlined SCXW152978243 BCX0\" lang=\"EN-GB\" xml:lang=\"EN-GB\" data-contrast=\"none\"><span class=\"NormalTextRun SCXW152978243 BCX0\" data-ccp-charstyle=\"normaltextrun\">FATIGUE<\/span><\/span><\/a><span class=\"TextRun SCXW152978243 BCX0\" lang=\"EN-GB\" xml:lang=\"EN-GB\" data-contrast=\"none\"><span class=\"NormalTextRun SCXW152978243 BCX0\" data-ccp-charstyle=\"normaltextrun\">) and Populist Rebellion Against Modernity in 21st-century Eastern Europe (<\/span><\/span><a class=\"Hyperlink SCXW152978243 BCX0\" href=\"https:\/\/populism-europe.com\/poprebel\/\" target=\"_blank\" rel=\"noreferrer noopener\"><span class=\"TextRun Underlined SCXW152978243 BCX0\" lang=\"EN-GB\" xml:lang=\"EN-GB\" data-contrast=\"none\"><span class=\"NormalTextRun SCXW152978243 BCX0\" data-ccp-charstyle=\"normaltextrun\">POPREBEL<\/span><\/span><\/a><span class=\"TextRun SCXW152978243 BCX0\" lang=\"EN-GB\" xml:lang=\"EN-GB\" data-contrast=\"none\"><span class=\"NormalTextRun SCXW152978243 BCX0\" data-ccp-charstyle=\"normaltextrun\">). His work deals with the rise of right-wing populism; culture and politics; memory politics; civil society, protest politics and social movements; communist and post-communist politics; and interpretive\/ethnographic methods in political science. Among his publications are:\u202f<\/span><\/span><a class=\"Hyperlink SCXW152978243 BCX0\" href=\"https:\/\/www.psupress.org\/books\/titles\/0-271-01083-5.html?srsltid=AfmBOooq9DoiUJmxWDnFVlMmAgu0XYCNTvR3jdKEvs0762B5xnBbw9g-\" target=\"_blank\" rel=\"noreferrer noopener\"><span class=\"TextRun Underlined SCXW152978243 BCX0\" lang=\"EN-GB\" xml:lang=\"EN-GB\" data-contrast=\"none\"><span class=\"NormalTextRun SCXW152978243 BCX0\" data-ccp-charstyle=\"normaltextrun\">The Power of Symbols against the Symbols of Power<\/span><\/span><\/a><span class=\"TextRun SCXW152978243 BCX0\" lang=\"EN-GB\" xml:lang=\"EN-GB\" data-contrast=\"none\"><span class=\"NormalTextRun SCXW152978243 BCX0\" data-ccp-charstyle=\"normaltextrun\">;\u202f<\/span><\/span><a class=\"Hyperlink SCXW152978243 BCX0\" href=\"https:\/\/www.jstor.org\/stable\/10.3998\/mpub.16117\" target=\"_blank\" rel=\"noreferrer noopener\"><span class=\"TextRun Underlined SCXW152978243 BCX0\" lang=\"EN-GB\" xml:lang=\"EN-GB\" data-contrast=\"none\"><span class=\"NormalTextRun SCXW152978243 BCX0\" data-ccp-charstyle=\"normaltextrun\">Rebellious Civil Society: Popular Protest and Democratic Consolidation in Poland, 1989-1993<\/span><\/span><\/a><span class=\"TextRun SCXW152978243 BCX0\" lang=\"EN-GB\" xml:lang=\"EN-GB\" data-contrast=\"none\"><span class=\"NormalTextRun SCXW152978243 BCX0\" data-ccp-charstyle=\"normaltextrun\">\u202f(with Grzegorz <\/span><span class=\"NormalTextRun SCXW152978243 BCX0\" data-ccp-charstyle=\"normaltextrun\">Ekiert<\/span><span class=\"NormalTextRun SCXW152978243 BCX0\" data-ccp-charstyle=\"normaltextrun\">);\u202f<\/span><\/span><a class=\"Hyperlink SCXW152978243 BCX0\" href=\"https:\/\/books.google.lt\/books?id=40KgTfu8jY4C&amp;printsec=frontcover&amp;source=gbs_ge_summary_r&amp;redir_esc=y#v=onepage&amp;q&amp;f=false\" target=\"_blank\" rel=\"noreferrer noopener\"><span class=\"TextRun Underlined SCXW152978243 BCX0\" lang=\"EN-GB\" xml:lang=\"EN-GB\" data-contrast=\"none\"><span class=\"NormalTextRun SCXW152978243 BCX0\" data-ccp-charstyle=\"normaltextrun\">Anthropology and Political Science<\/span><\/span><\/a><span class=\"TextRun SCXW152978243 BCX0\" lang=\"EN-GB\" xml:lang=\"EN-GB\" data-contrast=\"none\"><span class=\"NormalTextRun SCXW152978243 BCX0\" data-ccp-charstyle=\"normaltextrun\">\u202f(with Myron <\/span><span class=\"NormalTextRun SCXW152978243 BCX0\" data-ccp-charstyle=\"normaltextrun\">Aronoff<\/span><span class=\"NormalTextRun SCXW152978243 BCX0\" data-ccp-charstyle=\"normaltextrun\">);\u202f<\/span><\/span><a class=\"Hyperlink SCXW152978243 BCX0\" href=\"https:\/\/books.google.lt\/books?id=mRY4AAAAQBAJ&amp;printsec=frontcover&amp;source=gbs_ge_summary_r&amp;redir_esc=y%22%20\\l%20%22v=onepage&amp;q&amp;f=false%22%20\\t%20%22_blank\" target=\"_blank\" rel=\"noreferrer noopener\"><span class=\"FieldRange SCXW152978243 BCX0\"><span class=\"TextRun Underlined SCXW152978243 BCX0\" lang=\"EN-GB\" xml:lang=\"EN-GB\" data-contrast=\"none\"><span class=\"NormalTextRun SCXW152978243 BCX0\" data-ccp-charstyle=\"normaltextrun\">Postcommunism<\/span><span class=\"NormalTextRun SCXW152978243 BCX0\" data-ccp-charstyle=\"normaltextrun\">\u202ffrom Within. Social Justice, Mobilization, and Hegemony<\/span><\/span><\/span><\/a><span class=\"TextRun SCXW152978243 BCX0\" lang=\"EN-GB\" xml:lang=\"EN-GB\" data-contrast=\"none\"><span class=\"NormalTextRun SCXW152978243 BCX0\" data-ccp-charstyle=\"normaltextrun\">\u202f(edited with Amy <\/span><span class=\"NormalTextRun SCXW152978243 BCX0\" data-ccp-charstyle=\"normaltextrun\">Linch<\/span><span class=\"NormalTextRun SCXW152978243 BCX0\" data-ccp-charstyle=\"normaltextrun\">); and\u202f<\/span><\/span><a class=\"Hyperlink SCXW152978243 BCX0\" href=\"https:\/\/global.oup.com\/academic\/product\/twenty-years-after-communism-9780199375134?cc=se&amp;lang=en&amp;\" target=\"_blank\" rel=\"noreferrer noopener\"><span class=\"TextRun Underlined SCXW152978243 BCX0\" lang=\"EN-GB\" xml:lang=\"EN-GB\" data-contrast=\"none\"><span class=\"NormalTextRun SCXW152978243 BCX0\" data-ccp-charstyle=\"normaltextrun\">Twenty Years After Communism: The Politics of Memory and Commemoration<\/span><\/span><\/a><span class=\"TextRun SCXW152978243 BCX0\" lang=\"EN-GB\" xml:lang=\"EN-GB\" data-contrast=\"none\"><span class=\"NormalTextRun SCXW152978243 BCX0\" data-ccp-charstyle=\"normaltextrun\">\u202f(with Michael Bernhard). He is currently working on several publications based on the FATIGUE and POPREBEL projects. He received an M.A. (sociology and philosophy) from the Jagiellonian University in Krak\u00f3w, Poland and Ph.D. (anthropology, with distinction) from Columbia University in NYC.<\/span><span class=\"NormalTextRun SCXW152978243 BCX0\" data-ccp-charstyle=\"eop\" data-ccp-charstyle-defn=\"{&quot;ObjectId&quot;:&quot;920dbcde-2834-5e15-a5fa-062170b236ba|1&quot;,&quot;ClassId&quot;:1073872969,&quot;Properties&quot;:[201342446,&quot;1&quot;,201342447,&quot;5&quot;,201342448,&quot;1&quot;,201342449,&quot;1&quot;,469777841,&quot;Calibri&quot;,469777842,&quot;&quot;,469777843,&quot;Calibri&quot;,469777844,&quot;Calibri&quot;,201341986,&quot;1&quot;,469769226,&quot;Calibri&quot;,268442635,&quot;22&quot;,469775450,&quot;eop&quot;,201340122,&quot;1&quot;,134233614,&quot;true&quot;,469778129,&quot;eop&quot;,335572020,&quot;1&quot;,469778324,&quot;Default Paragraph Font&quot;]}\">\u202f<\/span><\/span><\/span><\/span><\/p>\n<p><span style=\"text-decoration: underline;\"><strong><img loading=\"lazy\" decoding=\"async\" class=\"alignleft wp-image-26679 size-medium\" src=\"https:\/\/www.tspmi.vu.lt\/wp-content\/uploads\/2025\/08\/Laanes_credit-Veikko-Somerpuro-300x200.jpg\" alt=\"\" width=\"300\" height=\"200\" srcset=\"https:\/\/www.tspmi.vu.lt\/wp-content\/uploads\/2025\/08\/Laanes_credit-Veikko-Somerpuro-300x200.jpg 300w, https:\/\/www.tspmi.vu.lt\/wp-content\/uploads\/2025\/08\/Laanes_credit-Veikko-Somerpuro-1024x682.jpg 1024w, https:\/\/www.tspmi.vu.lt\/wp-content\/uploads\/2025\/08\/Laanes_credit-Veikko-Somerpuro-768x511.jpg 768w, https:\/\/www.tspmi.vu.lt\/wp-content\/uploads\/2025\/08\/Laanes_credit-Veikko-Somerpuro-1536x1022.jpg 1536w, https:\/\/www.tspmi.vu.lt\/wp-content\/uploads\/2025\/08\/Laanes_credit-Veikko-Somerpuro-2048x1363.jpg 2048w, https:\/\/www.tspmi.vu.lt\/wp-content\/uploads\/2025\/08\/Laanes_credit-Veikko-Somerpuro-601x400.jpg 601w\" sizes=\"auto, (max-width: 300px) 100vw, 300px\" \/>Eneken Laanes<\/strong><\/span> is Professor of Comparative Literature at Tallinn University, Estonia and the head of the group grant &#8220;Memory and Environment:\u00a0The Intersection of Fast and Slow Violence in Transnational European Literatures&#8221; (2025\u20132029). She has published widely on Eastern European memory cultures and transnational literature and arts on journals New German Critique, Memory Studies and Journal of Baltic Studies.\u00a0She is the co-editor of <a href=\"https:\/\/www.degruyterbrill.com\/document\/doi\/10.1515\/9783111544748\/html?lang=en&amp;srsltid=AfmBOorDybUZP3y-rAxqMF0_7uOw24tBYQ3Nyz3IfzkxHeXuI6igO-Og\">Literature and Mnemonic Migration<\/a>\u00a0(De Gruyter, 2025) and the special issues &#8220;<a href=\"https:\/\/seej.org\/issues\/67.3.html\">Perpetrators, Collaborators and Implicated Subjects in Central and Eastern Europe<\/a>&#8221; (Slavic and East European Journal, 2023) and &#8220;<a href=\"https:\/\/journals.sagepub.com\/toc\/mssa\/14\/1\">Cultural Memorial Forms<\/a>&#8221; (Memory Studies, 2021).<\/p>\n"}]},{"name":"Programme of the conference","content_left":false,"content_right":[{"acf_fc_layout":"document_block","dokumentas":[{"document_name":"Programme of the conference","file_or_link":"link","file":"https:\/\/www.tspmi.vu.lt\/wp-content\/uploads\/2025\/09\/CONFERENCE-PROGRAMME_2025.09.081-1.pdf","link":"https:\/\/www.europast.vu.lt\/images\/CONFERENCE%20PROGRAMME_2025.09.08.pdf"}]}]},{"name":"Organisers of the conference","content_left":false,"content_right":[{"acf_fc_layout":"text_block","text":"<p><strong>Scientific committee\u00a0<\/strong><\/p>\n<p><span data-contrast=\"none\">Violeta Davoli\u016bt\u0117<\/span><span data-ccp-props=\"{&quot;134233117&quot;:false,&quot;134233118&quot;:false,&quot;201341983&quot;:0,&quot;335559738&quot;:0,&quot;335559739&quot;:375,&quot;335559740&quot;:240}\">\u00a0<\/span><\/p>\n<p><span data-contrast=\"none\">Barbara T\u00f6rnquist-Plewa<\/span><span data-ccp-props=\"{&quot;134233117&quot;:false,&quot;134233118&quot;:false,&quot;201341983&quot;:0,&quot;335559738&quot;:0,&quot;335559739&quot;:375,&quot;335559740&quot;:240}\">\u00a0<\/span><\/p>\n<p><span data-contrast=\"none\">Thomas Cauvin<\/span><span data-ccp-props=\"{&quot;134233117&quot;:false,&quot;134233118&quot;:false,&quot;201341983&quot;:0,&quot;335559738&quot;:0,&quot;335559739&quot;:375,&quot;335559740&quot;:240}\">\u00a0<\/span><\/p>\n<p><span data-contrast=\"none\">Dovil\u0117 Budryt\u0117<\/span><span data-ccp-props=\"{&quot;134233117&quot;:false,&quot;134233118&quot;:false,&quot;201341983&quot;:0,&quot;335559738&quot;:0,&quot;335559739&quot;:375,&quot;335559740&quot;:240}\">\u00a0<\/span><\/p>\n<p><span data-contrast=\"none\">Odeta Rudling<\/span><span data-ccp-props=\"{&quot;134233117&quot;:false,&quot;134233118&quot;:false,&quot;201341983&quot;:0,&quot;335559738&quot;:0,&quot;335559739&quot;:375,&quot;335559740&quot;:240}\">\u00a0<\/span><\/p>\n<p><span data-contrast=\"none\">Andrius Povilas Stepavi\u010dius<\/span><span data-ccp-props=\"{&quot;134233117&quot;:false,&quot;134233118&quot;:false,&quot;201341983&quot;:0,&quot;335559738&quot;:0,&quot;335559739&quot;:375,&quot;335559740&quot;:240}\">\u00a0<\/span><\/p>\n<p><strong>Event coordinator\u00a0<\/strong><\/p>\n<p><span data-contrast=\"none\">R\u016bta Matimaityt\u0117<\/span><span data-ccp-props=\"{&quot;134233117&quot;:false,&quot;134233118&quot;:false,&quot;201341983&quot;:0,&quot;335559738&quot;:0,&quot;335559739&quot;:375,&quot;335559740&quot;:240}\">\u00a0<\/span><\/p>\n"}]}],"text":"","heading":""},"yoast_head":"<!-- This site is optimized with the Yoast SEO plugin v27.3 - https:\/\/yoast.com\/product\/yoast-seo-wordpress\/ -->\n<title>International Conference &quot;The Past and Future of Public History&quot; - TSPMI<\/title>\n<meta name=\"robots\" content=\"index, follow, max-snippet:-1, max-image-preview:large, max-video-preview:-1\" \/>\n<link rel=\"canonical\" href=\"https:\/\/www.tspmi.vu.lt\/en\/conferences\/international-conference-the-past-and-future-of-public-history\/\" \/>\n<meta property=\"og:locale\" content=\"en_US\" \/>\n<meta property=\"og:type\" content=\"article\" \/>\n<meta property=\"og:title\" content=\"International Conference &quot;The Past and Future of Public History&quot; - TSPMI\" \/>\n<meta property=\"og:url\" content=\"https:\/\/www.tspmi.vu.lt\/en\/conferences\/international-conference-the-past-and-future-of-public-history\/\" \/>\n<meta property=\"og:site_name\" content=\"TSPMI\" \/>\n<meta property=\"article:publisher\" content=\"https:\/\/www.facebook.com\/TSPMI\/\" \/>\n<meta property=\"article:modified_time\" content=\"2025-09-26T09:51:37+00:00\" \/>\n<meta property=\"og:image\" content=\"https:\/\/www.tspmi.vu.lt\/wp-content\/uploads\/Logos2021\/prie-para\u0161o-01-1.png\" \/>\n\t<meta property=\"og:image:width\" content=\"105\" \/>\n\t<meta property=\"og:image:height\" content=\"98\" \/>\n\t<meta property=\"og:image:type\" content=\"image\/png\" \/>\n<meta name=\"twitter:card\" content=\"summary_large_image\" \/>\n<script type=\"application\/ld+json\" class=\"yoast-schema-graph\">{\"@context\":\"https:\\\/\\\/schema.org\",\"@graph\":[{\"@type\":\"WebPage\",\"@id\":\"https:\\\/\\\/www.tspmi.vu.lt\\\/en\\\/conferences\\\/international-conference-the-past-and-future-of-public-history\\\/\",\"url\":\"https:\\\/\\\/www.tspmi.vu.lt\\\/en\\\/conferences\\\/international-conference-the-past-and-future-of-public-history\\\/\",\"name\":\"International Conference \\\"The Past and Future of Public History\\\" - TSPMI\",\"isPartOf\":{\"@id\":\"https:\\\/\\\/www.tspmi.vu.lt\\\/#website\"},\"datePublished\":\"2025-02-04T08:54:05+00:00\",\"dateModified\":\"2025-09-26T09:51:37+00:00\",\"breadcrumb\":{\"@id\":\"https:\\\/\\\/www.tspmi.vu.lt\\\/en\\\/conferences\\\/international-conference-the-past-and-future-of-public-history\\\/#breadcrumb\"},\"inLanguage\":\"en-US\",\"potentialAction\":[{\"@type\":\"ReadAction\",\"target\":[\"https:\\\/\\\/www.tspmi.vu.lt\\\/en\\\/conferences\\\/international-conference-the-past-and-future-of-public-history\\\/\"]}]},{\"@type\":\"BreadcrumbList\",\"@id\":\"https:\\\/\\\/www.tspmi.vu.lt\\\/en\\\/conferences\\\/international-conference-the-past-and-future-of-public-history\\\/#breadcrumb\",\"itemListElement\":[{\"@type\":\"ListItem\",\"position\":1,\"name\":\"Home\",\"item\":\"https:\\\/\\\/www.tspmi.vu.lt\\\/en\\\/\"},{\"@type\":\"ListItem\",\"position\":2,\"name\":\"Conferences\",\"item\":\"https:\\\/\\\/www.tspmi.vu.lt\\\/en\\\/conferences\\\/\"},{\"@type\":\"ListItem\",\"position\":3,\"name\":\"International Conference &#8220;The Past and Future of Public History&#8221;\"}]},{\"@type\":\"WebSite\",\"@id\":\"https:\\\/\\\/www.tspmi.vu.lt\\\/#website\",\"url\":\"https:\\\/\\\/www.tspmi.vu.lt\\\/\",\"name\":\"TSPMI\",\"description\":\"\",\"publisher\":{\"@id\":\"https:\\\/\\\/www.tspmi.vu.lt\\\/#organization\"},\"alternateName\":\"Vilniaus universitetas\",\"potentialAction\":[{\"@type\":\"SearchAction\",\"target\":{\"@type\":\"EntryPoint\",\"urlTemplate\":\"https:\\\/\\\/www.tspmi.vu.lt\\\/?s={search_term_string}\"},\"query-input\":{\"@type\":\"PropertyValueSpecification\",\"valueRequired\":true,\"valueName\":\"search_term_string\"}}],\"inLanguage\":\"en-US\"},{\"@type\":\"Organization\",\"@id\":\"https:\\\/\\\/www.tspmi.vu.lt\\\/#organization\",\"name\":\"Tarptautini\u0173 santyki\u0173 ir politikos moksl\u0173 institutas\",\"alternateName\":\"Vilniaus universitetas\",\"url\":\"https:\\\/\\\/www.tspmi.vu.lt\\\/\",\"logo\":{\"@type\":\"ImageObject\",\"inLanguage\":\"en-US\",\"@id\":\"https:\\\/\\\/www.tspmi.vu.lt\\\/#\\\/schema\\\/logo\\\/image\\\/\",\"url\":\"https:\\\/\\\/www.tspmi.vu.lt\\\/wp-content\\\/uploads\\\/2021\\\/07\\\/LOGO-LT-COLOR.png\",\"contentUrl\":\"https:\\\/\\\/www.tspmi.vu.lt\\\/wp-content\\\/uploads\\\/2021\\\/07\\\/LOGO-LT-COLOR.png\",\"width\":3860,\"height\":1405,\"caption\":\"Tarptautini\u0173 santyki\u0173 ir politikos moksl\u0173 institutas\"},\"image\":{\"@id\":\"https:\\\/\\\/www.tspmi.vu.lt\\\/#\\\/schema\\\/logo\\\/image\\\/\"},\"sameAs\":[\"https:\\\/\\\/www.facebook.com\\\/TSPMI\\\/\",\"https:\\\/\\\/www.instagram.com\\\/vu_tspmi\\\/\",\"https:\\\/\\\/lt.wikipedia.org\\\/wiki\\\/Vilniaus_universiteto_Tarptautini\u0173_santyki\u0173_ir_politikos_moksl\u0173_institutas\"]}]}<\/script>\n<!-- \/ Yoast SEO plugin. -->","yoast_head_json":{"title":"International Conference \"The Past and Future of Public History\" - TSPMI","robots":{"index":"index","follow":"follow","max-snippet":"max-snippet:-1","max-image-preview":"max-image-preview:large","max-video-preview":"max-video-preview:-1"},"canonical":"https:\/\/www.tspmi.vu.lt\/en\/conferences\/international-conference-the-past-and-future-of-public-history\/","og_locale":"en_US","og_type":"article","og_title":"International Conference \"The Past and Future of Public History\" - TSPMI","og_url":"https:\/\/www.tspmi.vu.lt\/en\/conferences\/international-conference-the-past-and-future-of-public-history\/","og_site_name":"TSPMI","article_publisher":"https:\/\/www.facebook.com\/TSPMI\/","article_modified_time":"2025-09-26T09:51:37+00:00","og_image":[{"width":105,"height":98,"url":"https:\/\/www.tspmi.vu.lt\/wp-content\/uploads\/Logos2021\/prie-para\u0161o-01-1.png","type":"image\/png"}],"twitter_card":"summary_large_image","schema":{"@context":"https:\/\/schema.org","@graph":[{"@type":"WebPage","@id":"https:\/\/www.tspmi.vu.lt\/en\/conferences\/international-conference-the-past-and-future-of-public-history\/","url":"https:\/\/www.tspmi.vu.lt\/en\/conferences\/international-conference-the-past-and-future-of-public-history\/","name":"International Conference \"The Past and Future of Public History\" - TSPMI","isPartOf":{"@id":"https:\/\/www.tspmi.vu.lt\/#website"},"datePublished":"2025-02-04T08:54:05+00:00","dateModified":"2025-09-26T09:51:37+00:00","breadcrumb":{"@id":"https:\/\/www.tspmi.vu.lt\/en\/conferences\/international-conference-the-past-and-future-of-public-history\/#breadcrumb"},"inLanguage":"en-US","potentialAction":[{"@type":"ReadAction","target":["https:\/\/www.tspmi.vu.lt\/en\/conferences\/international-conference-the-past-and-future-of-public-history\/"]}]},{"@type":"BreadcrumbList","@id":"https:\/\/www.tspmi.vu.lt\/en\/conferences\/international-conference-the-past-and-future-of-public-history\/#breadcrumb","itemListElement":[{"@type":"ListItem","position":1,"name":"Home","item":"https:\/\/www.tspmi.vu.lt\/en\/"},{"@type":"ListItem","position":2,"name":"Conferences","item":"https:\/\/www.tspmi.vu.lt\/en\/conferences\/"},{"@type":"ListItem","position":3,"name":"International Conference &#8220;The Past and Future of Public History&#8221;"}]},{"@type":"WebSite","@id":"https:\/\/www.tspmi.vu.lt\/#website","url":"https:\/\/www.tspmi.vu.lt\/","name":"TSPMI","description":"","publisher":{"@id":"https:\/\/www.tspmi.vu.lt\/#organization"},"alternateName":"Vilniaus universitetas","potentialAction":[{"@type":"SearchAction","target":{"@type":"EntryPoint","urlTemplate":"https:\/\/www.tspmi.vu.lt\/?s={search_term_string}"},"query-input":{"@type":"PropertyValueSpecification","valueRequired":true,"valueName":"search_term_string"}}],"inLanguage":"en-US"},{"@type":"Organization","@id":"https:\/\/www.tspmi.vu.lt\/#organization","name":"Tarptautini\u0173 santyki\u0173 ir politikos moksl\u0173 institutas","alternateName":"Vilniaus universitetas","url":"https:\/\/www.tspmi.vu.lt\/","logo":{"@type":"ImageObject","inLanguage":"en-US","@id":"https:\/\/www.tspmi.vu.lt\/#\/schema\/logo\/image\/","url":"https:\/\/www.tspmi.vu.lt\/wp-content\/uploads\/2021\/07\/LOGO-LT-COLOR.png","contentUrl":"https:\/\/www.tspmi.vu.lt\/wp-content\/uploads\/2021\/07\/LOGO-LT-COLOR.png","width":3860,"height":1405,"caption":"Tarptautini\u0173 santyki\u0173 ir politikos moksl\u0173 institutas"},"image":{"@id":"https:\/\/www.tspmi.vu.lt\/#\/schema\/logo\/image\/"},"sameAs":["https:\/\/www.facebook.com\/TSPMI\/","https:\/\/www.instagram.com\/vu_tspmi\/","https:\/\/lt.wikipedia.org\/wiki\/Vilniaus_universiteto_Tarptautini\u0173_santyki\u0173_ir_politikos_moksl\u0173_institutas"]}]}},"_links":{"self":[{"href":"https:\/\/www.tspmi.vu.lt\/en\/wp-json\/wp\/v2\/pages\/25895","targetHints":{"allow":["GET"]}}],"collection":[{"href":"https:\/\/www.tspmi.vu.lt\/en\/wp-json\/wp\/v2\/pages"}],"about":[{"href":"https:\/\/www.tspmi.vu.lt\/en\/wp-json\/wp\/v2\/types\/page"}],"author":[{"embeddable":true,"href":"https:\/\/www.tspmi.vu.lt\/en\/wp-json\/wp\/v2\/users\/1"}],"replies":[{"embeddable":true,"href":"https:\/\/www.tspmi.vu.lt\/en\/wp-json\/wp\/v2\/comments?post=25895"}],"version-history":[{"count":21,"href":"https:\/\/www.tspmi.vu.lt\/en\/wp-json\/wp\/v2\/pages\/25895\/revisions"}],"predecessor-version":[{"id":26775,"href":"https:\/\/www.tspmi.vu.lt\/en\/wp-json\/wp\/v2\/pages\/25895\/revisions\/26775"}],"up":[{"embeddable":true,"href":"https:\/\/www.tspmi.vu.lt\/en\/wp-json\/wp\/v2\/pages\/14229"}],"wp:attachment":[{"href":"https:\/\/www.tspmi.vu.lt\/en\/wp-json\/wp\/v2\/media?parent=25895"}],"curies":[{"name":"wp","href":"https:\/\/api.w.org\/{rel}","templated":true}]}}