{"id":25828,"date":"2025-01-16T11:47:31","date_gmt":"2025-01-16T09:47:31","guid":{"rendered":"https:\/\/www.tspmi.vu.lt\/?page_id=25828"},"modified":"2025-01-16T13:05:48","modified_gmt":"2025-01-16T11:05:48","slug":"research-infrastructures","status":"publish","type":"page","link":"https:\/\/www.tspmi.vu.lt\/en\/research-infrastructures\/","title":{"rendered":"Research Infrastructures\u00a0"},"content":{"rendered":"","protected":false},"excerpt":{"rendered":"","protected":false},"author":1,"featured_media":0,"parent":0,"menu_order":0,"comment_status":"closed","ping_status":"closed","template":"page-admission.php","meta":{"_acf_changed":false,"om_disable_all_campaigns":false,"footnotes":""},"class_list":["post-25828","page","type-page","status-publish","hentry"],"acf":{"tekstas":"","info_blocks":[{"name":"What are research infrastructures?","content_left":false,"content_right":[{"acf_fc_layout":"text_block","text":"<p><span class=\"TextRun SCXW231680928 BCX0\" lang=\"EN-GB\" xml:lang=\"EN-GB\" data-contrast=\"auto\"><span class=\"NormalTextRun SCXW231680928 BCX0\">Research infrastructures (RIs) are an essential part of any science and research system and include scientific equipment, research materials, resources, information and communication technology-based infrastructures and any other exceptional facilities essential for carrying out research and experimental development and innovation activities at the highest level. Using these infrastructures enhances the international competitiveness of research, improves the opportunities for cooperation between research teams and social partners, and has a significant social, <\/span><span class=\"NormalTextRun SCXW231680928 BCX0\">cultural<\/span><span class=\"NormalTextRun SCXW231680928 BCX0\"> and economic impact. The development of such infrastructures <\/span><span class=\"NormalTextRun SCXW231680928 BCX0\">consolidates<\/span><span class=\"NormalTextRun SCXW231680928 BCX0\"> and optimises research <\/span><span class=\"NormalTextRun SCXW231680928 BCX0\">capacities<\/span><span class=\"NormalTextRun SCXW231680928 BCX0\"> and promotes synergies between funding instruments for RIs. <\/span><span class=\"NormalTextRun SCXW231680928 BCX0\">Find out more <\/span><\/span><a class=\"Hyperlink SCXW231680928 BCX0\" href=\"https:\/\/lmt.lrv.lt\/lt\/veiklos-sritys\/mokslo-politika\/kiti-finansavimo-instrumentai\/moksliniu-tyrimu-infrastrukturos\/\" target=\"_blank\" rel=\"noreferrer noopener\"><span class=\"TextRun Underlined SCXW231680928 BCX0\" lang=\"EN-GB\" xml:lang=\"EN-GB\" data-contrast=\"none\"><span class=\"NormalTextRun SCXW231680928 BCX0\" data-ccp-charstyle=\"Hyperlink\">here<\/span><\/span><\/a><span class=\"TextRun SCXW231680928 BCX0\" lang=\"EN-GB\" xml:lang=\"EN-GB\" data-contrast=\"auto\"><span class=\"NormalTextRun SCXW231680928 BCX0\">.<\/span><\/span><span class=\"EOP SCXW231680928 BCX0\" data-ccp-props=\"{&quot;134233117&quot;:false,&quot;134233118&quot;:false,&quot;201341983&quot;:0,&quot;335551550&quot;:6,&quot;335551620&quot;:6,&quot;335559738&quot;:0,&quot;335559739&quot;:0,&quot;335559740&quot;:257}\">\u00a0<\/span><\/p>\n"}]},{"name":"Research Infrastructure Roadmap","content_left":false,"content_right":[{"acf_fc_layout":"text_block","text":"<p><span class=\"TextRun SCXW224637073 BCX0\" lang=\"EN-GB\" xml:lang=\"EN-GB\" data-contrast=\"auto\"><span class=\"NormalTextRun SCXW224637073 BCX0\">The development of RIs <\/span><span class=\"NormalTextRun AdvancedProofingIssueV2Themed SCXW224637073 BCX0\">is considered to be<\/span><span class=\"NormalTextRun SCXW224637073 BCX0\"> one of the strategic aims of science policy and is addressed in documents of national importance. One of them is the Research Infrastructure Roadmap. The <\/span><span class=\"NormalTextRun ContextualSpellingAndGrammarErrorV2Themed SCXW224637073 BCX0\">Roadmap<\/span><span class=\"NormalTextRun SCXW224637073 BCX0\"> is a strategic document for long-term RI policy based on an analysis of Lithuanian and international RIs and Lithuanian and European research priorities. In 2011, the <\/span><span class=\"NormalTextRun SCXW224637073 BCX0\">Research<\/span><span class=\"NormalTextRun SCXW224637073 BCX0\"> Council <\/span><span class=\"NormalTextRun SCXW224637073 BCX0\">of Lithuania <\/span><span class=\"NormalTextRun SCXW224637073 BCX0\">published the first Lithuanian R<\/span><span class=\"NormalTextRun SCXW224637073 BCX0\">I<\/span><span class=\"NormalTextRun SCXW224637073 BCX0\"> Roadmap. The fourth RI<\/span><span class=\"NormalTextRun SCXW224637073 BCX0\"> Roadmap, published in 2024, includes the Monitoring Electoral Democracy (<\/span><span class=\"NormalTextRun SpellingErrorV2Themed SCXW224637073 BCX0\">MEDem<\/span><span class=\"NormalTextRun SCXW224637073 BCX0\"> LT) and the Lithuanian Longitudinal Social Survey (LIST) R<\/span><span class=\"NormalTextRun SCXW224637073 BCX0\">Is<\/span><span class=\"NormalTextRun SCXW224637073 BCX0\">, whose members include the IIRPS VU researchers. You can download the latest Research Infrastructure Roadmap (in Lithuanian) <\/span><\/span><a class=\"Hyperlink SCXW224637073 BCX0\" href=\"https:\/\/lmt.lrv.lt\/lt\/naujienos\/lietuvos-mokslo-taryba-pristato-lietuvos-moksliniu-tyrimu-infrastrukturos-kelrodi\/\" target=\"_blank\" rel=\"noreferrer noopener\"><span class=\"TextRun Underlined SCXW224637073 BCX0\" lang=\"EN-GB\" xml:lang=\"EN-GB\" data-contrast=\"none\"><span class=\"NormalTextRun SCXW224637073 BCX0\" data-ccp-charstyle=\"Hyperlink\">here<\/span><\/span><\/a><span class=\"TextRun SCXW224637073 BCX0\" lang=\"EN-GB\" xml:lang=\"EN-GB\" data-contrast=\"auto\"><span class=\"NormalTextRun SCXW224637073 BCX0\">.<\/span><\/span><\/p>\n"}]},{"name":"MEDem LT RI","content_left":false,"content_right":[{"acf_fc_layout":"text_block","text":"<p><span data-contrast=\"auto\">MEDem LT is designed to coordinate and integrate activities related to electoral democracy research in Lithuania and internationally.<\/span><span data-ccp-props=\"{&quot;134233117&quot;:false,&quot;134233118&quot;:false,&quot;201341983&quot;:0,&quot;335551550&quot;:6,&quot;335551620&quot;:6,&quot;335559738&quot;:0,&quot;335559739&quot;:0,&quot;335559740&quot;:257}\">\u00a0<\/span><\/p>\n<p><span data-contrast=\"auto\">The activities of MEDem LT include research on voter behaviour and attitudes, parties, candidates, the parliamentary process, public spaces, and political campaigns, as well as informing the public and strengthening democratic practices. Several large-scale studies are foreseen between 2025 and 2030, including post-election surveys, interviews with voters, analysis of political campaigns, monitoring the implementation of electoral promises, analysis of the votes of MPs, etc. Researchers taking part in the infrastructure will have the opportunity to improve their methodological skills and consult with colleagues from abroad. The MEDem LT team will also develop the voter assistance tool manobalsas.lt, provide expert commentary to the media, develop open datasets, and make recommendations to policymakers.<\/span><span data-ccp-props=\"{&quot;134233117&quot;:false,&quot;134233118&quot;:false,&quot;201341983&quot;:0,&quot;335551550&quot;:6,&quot;335551620&quot;:6,&quot;335559738&quot;:0,&quot;335559739&quot;:0,&quot;335559740&quot;:257}\">\u00a0<\/span><\/p>\n<p><span data-contrast=\"auto\">MEDem LT aims to increase the internationality of electoral democracy research by participating in the European <\/span><a href=\"https:\/\/www.medem.eu\/\">Monitoring Electoral Democracy (MEDem)<\/a><span data-contrast=\"auto\"> RI. Membership in this infrastructure will allow Lithuania to pool and link international sources of data on the functioning of democracy, conduct higher-quality comparative research on electoral democracy, develop standards and tools for data collection and analysis, and contribute to a better understanding of the challenges facing contemporary liberal democracies. Lithuanian electoral democracy researchers will also have the opportunity to collaborate with foreign scholars, strengthen their skills through specific training, and receive the necessary professional advice.<\/span><span data-ccp-props=\"{&quot;134233117&quot;:false,&quot;134233118&quot;:false,&quot;201341983&quot;:0,&quot;335551550&quot;:6,&quot;335551620&quot;:6,&quot;335559738&quot;:0,&quot;335559739&quot;:0,&quot;335559740&quot;:257}\">\u00a0<\/span><\/p>\n<p><span data-contrast=\"auto\">Representing institution: Vilnius University (IIRPS VU).<\/span><span data-ccp-props=\"{&quot;134233117&quot;:false,&quot;134233118&quot;:false,&quot;201341983&quot;:0,&quot;335551550&quot;:6,&quot;335551620&quot;:6,&quot;335559738&quot;:0,&quot;335559739&quot;:0,&quot;335559740&quot;:257}\">\u00a0<\/span><\/p>\n<p><span data-contrast=\"auto\">Participating institutions: Kaunas University of Technology, Vytautas Magnus University.<\/span><span data-ccp-props=\"{&quot;134233117&quot;:false,&quot;134233118&quot;:false,&quot;201341983&quot;:0,&quot;335551550&quot;:6,&quot;335551620&quot;:6,&quot;335559738&quot;:0,&quot;335559739&quot;:0,&quot;335559740&quot;:257}\">\u00a0<\/span><\/p>\n<p><span data-contrast=\"auto\">Find out more information about MEDem LT research <\/span><a href=\"http:\/\/www.lnes.tspmi.vu.lt\/\">here<\/a><span data-contrast=\"auto\">.<\/span><span data-ccp-props=\"{&quot;134233117&quot;:false,&quot;134233118&quot;:false,&quot;201341983&quot;:0,&quot;335551550&quot;:6,&quot;335551620&quot;:6,&quot;335559738&quot;:0,&quot;335559739&quot;:0,&quot;335559740&quot;:257}\">\u00a0<\/span><\/p>\n"}]},{"name":"LIST RI","content_left":false,"content_right":[{"acf_fc_layout":"text_block","text":"<p><span data-contrast=\"auto\">LIST is Lithuania&#8217;s first continuous population survey designed to collect long-term data on public attitudes, values and behaviour.<\/span><\/p>\n<p><span data-contrast=\"auto\">LIST will conduct repeated panel surveys with the same respondents at regular intervals. Data will be collected on a quarterly basis, covering topics such as trust in institutions, civic engagement, climate change and evaluation of public policy. Each wave of the survey may have irregularly added question modules to meet the evolving needs of the government, academia and the public. The collected data will be made publicly available in the Lithuanian Data Archive for Social Sciences and Humanities (LiDA), enabling national and international researchers to conduct in-depth analyses of public attitudes and behaviours.<\/span><\/p>\n<p><span data-contrast=\"auto\">LIST aims to be actively involved in the international research community. In the development of the infrastructure methodology, LIST has actively collaborated with renowned international partners, such as the GESIS Panel in Germany and LISS in the Netherlands, to ensure the highest standards of research performance. LIST will also seek to create new opportunities for Lithuania to participate in international research consortia, with a focus on comparative research addressing social, economic, cultural and technological challenges in Europe. The personalised data collected by LIST will be made available to all interested users, thus contributing to international cooperation, a deeper understanding of social trends, and Lithuania&#8217;s involvement in the European Research Area.<\/span><\/p>\n<p><span data-contrast=\"auto\">Representing institution: Vilnius University (IIRPS VU).<\/span><span data-ccp-props=\"{&quot;134233117&quot;:false,&quot;134233118&quot;:false,&quot;201341983&quot;:0,&quot;335551550&quot;:6,&quot;335551620&quot;:6,&quot;335559738&quot;:0,&quot;335559739&quot;:0,&quot;335559740&quot;:257}\">\u00a0<\/span><\/p>\n<p><span data-contrast=\"auto\">Participating institutions: Kaunas University of Technology, Vytautas Magnus University, the Government Strategic Analysis Centre, the State Data Agency.<\/span><\/p>\n"}]}],"text":"","heading":""},"yoast_head":"<!-- This site is optimized with the Yoast SEO plugin v27.3 - https:\/\/yoast.com\/product\/yoast-seo-wordpress\/ -->\n<title>Research Infrastructures\u00a0 - TSPMI<\/title>\n<meta name=\"robots\" content=\"index, follow, max-snippet:-1, max-image-preview:large, max-video-preview:-1\" \/>\n<link rel=\"canonical\" href=\"https:\/\/www.tspmi.vu.lt\/en\/research-infrastructures\/\" \/>\n<meta property=\"og:locale\" content=\"en_US\" \/>\n<meta property=\"og:type\" content=\"article\" \/>\n<meta property=\"og:title\" content=\"Research Infrastructures\u00a0 - TSPMI\" \/>\n<meta property=\"og:url\" content=\"https:\/\/www.tspmi.vu.lt\/en\/research-infrastructures\/\" \/>\n<meta property=\"og:site_name\" content=\"TSPMI\" \/>\n<meta property=\"article:publisher\" content=\"https:\/\/www.facebook.com\/TSPMI\/\" \/>\n<meta property=\"article:modified_time\" content=\"2025-01-16T11:05:48+00:00\" \/>\n<meta property=\"og:image\" content=\"https:\/\/www.tspmi.vu.lt\/wp-content\/uploads\/Logos2021\/prie-para\u0161o-01-1.png\" \/>\n\t<meta property=\"og:image:width\" content=\"105\" \/>\n\t<meta property=\"og:image:height\" content=\"98\" \/>\n\t<meta property=\"og:image:type\" content=\"image\/png\" \/>\n<meta name=\"twitter:card\" content=\"summary_large_image\" \/>\n<script type=\"application\/ld+json\" class=\"yoast-schema-graph\">{\"@context\":\"https:\\\/\\\/schema.org\",\"@graph\":[{\"@type\":\"WebPage\",\"@id\":\"https:\\\/\\\/www.tspmi.vu.lt\\\/en\\\/research-infrastructures\\\/\",\"url\":\"https:\\\/\\\/www.tspmi.vu.lt\\\/en\\\/research-infrastructures\\\/\",\"name\":\"Research Infrastructures\u00a0 - TSPMI\",\"isPartOf\":{\"@id\":\"https:\\\/\\\/www.tspmi.vu.lt\\\/#website\"},\"datePublished\":\"2025-01-16T09:47:31+00:00\",\"dateModified\":\"2025-01-16T11:05:48+00:00\",\"breadcrumb\":{\"@id\":\"https:\\\/\\\/www.tspmi.vu.lt\\\/en\\\/research-infrastructures\\\/#breadcrumb\"},\"inLanguage\":\"en-US\",\"potentialAction\":[{\"@type\":\"ReadAction\",\"target\":[\"https:\\\/\\\/www.tspmi.vu.lt\\\/en\\\/research-infrastructures\\\/\"]}]},{\"@type\":\"BreadcrumbList\",\"@id\":\"https:\\\/\\\/www.tspmi.vu.lt\\\/en\\\/research-infrastructures\\\/#breadcrumb\",\"itemListElement\":[{\"@type\":\"ListItem\",\"position\":1,\"name\":\"Home\",\"item\":\"https:\\\/\\\/www.tspmi.vu.lt\\\/en\\\/\"},{\"@type\":\"ListItem\",\"position\":2,\"name\":\"Research Infrastructures\u00a0\"}]},{\"@type\":\"WebSite\",\"@id\":\"https:\\\/\\\/www.tspmi.vu.lt\\\/#website\",\"url\":\"https:\\\/\\\/www.tspmi.vu.lt\\\/\",\"name\":\"TSPMI\",\"description\":\"\",\"publisher\":{\"@id\":\"https:\\\/\\\/www.tspmi.vu.lt\\\/#organization\"},\"alternateName\":\"Vilniaus universitetas\",\"potentialAction\":[{\"@type\":\"SearchAction\",\"target\":{\"@type\":\"EntryPoint\",\"urlTemplate\":\"https:\\\/\\\/www.tspmi.vu.lt\\\/?s={search_term_string}\"},\"query-input\":{\"@type\":\"PropertyValueSpecification\",\"valueRequired\":true,\"valueName\":\"search_term_string\"}}],\"inLanguage\":\"en-US\"},{\"@type\":\"Organization\",\"@id\":\"https:\\\/\\\/www.tspmi.vu.lt\\\/#organization\",\"name\":\"Tarptautini\u0173 santyki\u0173 ir politikos moksl\u0173 institutas\",\"alternateName\":\"Vilniaus universitetas\",\"url\":\"https:\\\/\\\/www.tspmi.vu.lt\\\/\",\"logo\":{\"@type\":\"ImageObject\",\"inLanguage\":\"en-US\",\"@id\":\"https:\\\/\\\/www.tspmi.vu.lt\\\/#\\\/schema\\\/logo\\\/image\\\/\",\"url\":\"https:\\\/\\\/www.tspmi.vu.lt\\\/wp-content\\\/uploads\\\/2021\\\/07\\\/LOGO-LT-COLOR.png\",\"contentUrl\":\"https:\\\/\\\/www.tspmi.vu.lt\\\/wp-content\\\/uploads\\\/2021\\\/07\\\/LOGO-LT-COLOR.png\",\"width\":3860,\"height\":1405,\"caption\":\"Tarptautini\u0173 santyki\u0173 ir politikos moksl\u0173 institutas\"},\"image\":{\"@id\":\"https:\\\/\\\/www.tspmi.vu.lt\\\/#\\\/schema\\\/logo\\\/image\\\/\"},\"sameAs\":[\"https:\\\/\\\/www.facebook.com\\\/TSPMI\\\/\",\"https:\\\/\\\/www.instagram.com\\\/vu_tspmi\\\/\",\"https:\\\/\\\/lt.wikipedia.org\\\/wiki\\\/Vilniaus_universiteto_Tarptautini\u0173_santyki\u0173_ir_politikos_moksl\u0173_institutas\"]}]}<\/script>\n<!-- \/ Yoast SEO plugin. -->","yoast_head_json":{"title":"Research Infrastructures\u00a0 - TSPMI","robots":{"index":"index","follow":"follow","max-snippet":"max-snippet:-1","max-image-preview":"max-image-preview:large","max-video-preview":"max-video-preview:-1"},"canonical":"https:\/\/www.tspmi.vu.lt\/en\/research-infrastructures\/","og_locale":"en_US","og_type":"article","og_title":"Research Infrastructures\u00a0 - TSPMI","og_url":"https:\/\/www.tspmi.vu.lt\/en\/research-infrastructures\/","og_site_name":"TSPMI","article_publisher":"https:\/\/www.facebook.com\/TSPMI\/","article_modified_time":"2025-01-16T11:05:48+00:00","og_image":[{"width":105,"height":98,"url":"https:\/\/www.tspmi.vu.lt\/wp-content\/uploads\/Logos2021\/prie-para\u0161o-01-1.png","type":"image\/png"}],"twitter_card":"summary_large_image","schema":{"@context":"https:\/\/schema.org","@graph":[{"@type":"WebPage","@id":"https:\/\/www.tspmi.vu.lt\/en\/research-infrastructures\/","url":"https:\/\/www.tspmi.vu.lt\/en\/research-infrastructures\/","name":"Research Infrastructures\u00a0 - TSPMI","isPartOf":{"@id":"https:\/\/www.tspmi.vu.lt\/#website"},"datePublished":"2025-01-16T09:47:31+00:00","dateModified":"2025-01-16T11:05:48+00:00","breadcrumb":{"@id":"https:\/\/www.tspmi.vu.lt\/en\/research-infrastructures\/#breadcrumb"},"inLanguage":"en-US","potentialAction":[{"@type":"ReadAction","target":["https:\/\/www.tspmi.vu.lt\/en\/research-infrastructures\/"]}]},{"@type":"BreadcrumbList","@id":"https:\/\/www.tspmi.vu.lt\/en\/research-infrastructures\/#breadcrumb","itemListElement":[{"@type":"ListItem","position":1,"name":"Home","item":"https:\/\/www.tspmi.vu.lt\/en\/"},{"@type":"ListItem","position":2,"name":"Research Infrastructures\u00a0"}]},{"@type":"WebSite","@id":"https:\/\/www.tspmi.vu.lt\/#website","url":"https:\/\/www.tspmi.vu.lt\/","name":"TSPMI","description":"","publisher":{"@id":"https:\/\/www.tspmi.vu.lt\/#organization"},"alternateName":"Vilniaus universitetas","potentialAction":[{"@type":"SearchAction","target":{"@type":"EntryPoint","urlTemplate":"https:\/\/www.tspmi.vu.lt\/?s={search_term_string}"},"query-input":{"@type":"PropertyValueSpecification","valueRequired":true,"valueName":"search_term_string"}}],"inLanguage":"en-US"},{"@type":"Organization","@id":"https:\/\/www.tspmi.vu.lt\/#organization","name":"Tarptautini\u0173 santyki\u0173 ir politikos moksl\u0173 institutas","alternateName":"Vilniaus universitetas","url":"https:\/\/www.tspmi.vu.lt\/","logo":{"@type":"ImageObject","inLanguage":"en-US","@id":"https:\/\/www.tspmi.vu.lt\/#\/schema\/logo\/image\/","url":"https:\/\/www.tspmi.vu.lt\/wp-content\/uploads\/2021\/07\/LOGO-LT-COLOR.png","contentUrl":"https:\/\/www.tspmi.vu.lt\/wp-content\/uploads\/2021\/07\/LOGO-LT-COLOR.png","width":3860,"height":1405,"caption":"Tarptautini\u0173 santyki\u0173 ir politikos moksl\u0173 institutas"},"image":{"@id":"https:\/\/www.tspmi.vu.lt\/#\/schema\/logo\/image\/"},"sameAs":["https:\/\/www.facebook.com\/TSPMI\/","https:\/\/www.instagram.com\/vu_tspmi\/","https:\/\/lt.wikipedia.org\/wiki\/Vilniaus_universiteto_Tarptautini\u0173_santyki\u0173_ir_politikos_moksl\u0173_institutas"]}]}},"_links":{"self":[{"href":"https:\/\/www.tspmi.vu.lt\/en\/wp-json\/wp\/v2\/pages\/25828","targetHints":{"allow":["GET"]}}],"collection":[{"href":"https:\/\/www.tspmi.vu.lt\/en\/wp-json\/wp\/v2\/pages"}],"about":[{"href":"https:\/\/www.tspmi.vu.lt\/en\/wp-json\/wp\/v2\/types\/page"}],"author":[{"embeddable":true,"href":"https:\/\/www.tspmi.vu.lt\/en\/wp-json\/wp\/v2\/users\/1"}],"replies":[{"embeddable":true,"href":"https:\/\/www.tspmi.vu.lt\/en\/wp-json\/wp\/v2\/comments?post=25828"}],"version-history":[{"count":8,"href":"https:\/\/www.tspmi.vu.lt\/en\/wp-json\/wp\/v2\/pages\/25828\/revisions"}],"predecessor-version":[{"id":25843,"href":"https:\/\/www.tspmi.vu.lt\/en\/wp-json\/wp\/v2\/pages\/25828\/revisions\/25843"}],"wp:attachment":[{"href":"https:\/\/www.tspmi.vu.lt\/en\/wp-json\/wp\/v2\/media?parent=25828"}],"curies":[{"name":"wp","href":"https:\/\/api.w.org\/{rel}","templated":true}]}}