{"id":25444,"date":"2024-11-08T15:19:45","date_gmt":"2024-11-08T13:19:45","guid":{"rendered":"https:\/\/www.tspmi.vu.lt\/?page_id=25444"},"modified":"2025-06-05T14:51:56","modified_gmt":"2025-06-05T11:51:56","slug":"psychological-counseling-2","status":"publish","type":"page","link":"https:\/\/www.tspmi.vu.lt\/en\/psychological-counseling-2\/","title":{"rendered":"Psychological counseling"},"content":{"rendered":"","protected":false},"excerpt":{"rendered":"","protected":false},"author":1,"featured_media":0,"parent":0,"menu_order":2,"comment_status":"closed","ping_status":"closed","template":"page-library.php","meta":{"_acf_changed":false,"om_disable_all_campaigns":false,"footnotes":""},"class_list":["post-25444","page","type-page","status-publish","hentry"],"acf":{"tekstas":"<p>The purpose of\u00a0<strong>psychological counseling<\/strong>\u00a0is to help people identify, understand, and address personal or interpersonal difficulties related to psychological well-being or behavior.<\/p>\n<p>Students and employees of Vilnius University can register for individual or group psychological counselling facilitated by experienced and qualified practitioners. VU students can receive up to\u00a0<strong>4 free of charge individual<\/strong>\u00a0sessions each year. The duration of a session is 45\u201350 minutes. Sessions can be conducted in person or remotely.<\/p>\n<p><strong>You can find information about psychological support and registration for psychological <\/strong><strong>counselling on the University&#8217;s <\/strong><a href=\"https:\/\/www.vu.lt\/en\/studies\/life-at-vu\/psychological-support\"><strong>WEBSITE<\/strong><\/a>.<\/p>\n<p><strong>On the University&#8217;s website, you will find detailed information about:<\/strong><\/p>\n<ul>\n<li><strong>Registration and counselling procedures<\/strong> \u2013 learn how to register and what types of consultations are available.<\/li>\n<li><strong>Free and paid services<\/strong> \u2013 clear explanations about service accessibility and<\/li>\n<li><strong>Community Well-being Division<\/strong> \u2013 its activities, initiatives, and support programs for university members.<\/li>\n<\/ul>\n<p><strong>External support helplines<\/strong> \u2013 contacts for those seeking additional emotional orpsychological support beyond the university.<\/p>\n<p>&nbsp;<\/p>\n<p><strong>The location of consultations<\/strong><\/p>\n<p>In-person consultations are provided at the psychological counseling offices located in:<\/p>\n<ul>\n<li>Institute of International Relations and Political Science (room 404, 4<sup>th<\/sup> floor, Vokie\u010di\u0173 str. 10)<\/li>\n<li>Faculty of Philosophy (Universiteto str. 9\/1)<\/li>\n<li>Faculty of Physics (Saul\u0117tekio av. 9)<\/li>\n<li>Faculty of Medicine (M. K. \u010ciurlionio str. 21).<\/li>\n<\/ul>\n<p><strong>Emergency psychological help<\/strong><\/p>\n<p>Vilnius university community psychologists offer urgent free of charge psychological help for students and employees if:<\/p>\n<ul>\n<li>You are going through a psychological crisis &#8211; a tough period, such as losing a loved one, a traumatic experience, etc.<\/li>\n<li>You have thoughts about suicide or harming yourself.<\/li>\n<li>You have had severe psychological conditions, such as depression, psychotic episodes, etc., and you feel it may happen again shortly.<\/li>\n<\/ul>\n<p>Don&#8217;t be alone and ask for help; we will try to find solutions together.<\/p>\n<p>Register for emergency consultations by:<\/p>\n<ul>\n<li>Writing an email to <a href=\"mailto:padek@vu.lt\"><strong>padek@vu.lt<\/strong><\/a><\/li>\n<li>Calling VU community psychologists directly by phone: <strong>+370 658 99392<\/strong>, <strong>+370 699 34818<\/strong>, <strong>+370 690 09131<\/strong><\/li>\n<li>Filling in<a href=\"https:\/\/outlook.office365.com\/owa\/calendar\/kmc1@vult.onmicrosoft.com\/bookings\/\"><strong>this registration form<\/strong><\/a>.<\/li>\n<\/ul>\n<p>Consultations are available in Lithuanian, English, Russian, and Ukrainian.<\/p>\n<p>If you are worried about a friend or colleague who needs help, don&#8217;t hesitate to contact us; together, we will find ways to help them.<\/p>\n<p>&nbsp;<\/p>\n<p>&nbsp;<\/p>\n","info_blocks":false,"heading":"","text":"<p class=\"p1\">The purpose of\u00a0<b>psychological counseling<\/b>\u00a0is to help people identify, understand, and address personal or interpersonal difficulties related to psychological well-being or behavior.<\/p>\n<p class=\"p1\">Students and employees of Vilnius University can register for individual or group psychological counselling facilitated by experienced and qualified practitioners. VU students can receive up to\u00a0<b>4 free of charge individual<\/b>\u00a0sessions each year. The duration of a session is 45\u201350 minutes. Sessions can be conducted in person or remotely.<\/p>\n<p class=\"p1\"><b>You can find information about psychological support and registration for psychological counselling on the University&#8217;s <\/b><a href=\"https:\/\/www.vu.lt\/en\/studies\/life-at-vu\/psychological-support\"><span class=\"s1\"><b>WEBSITE<\/b><\/span><\/a>.<\/p>\n<p class=\"p1\"><b>On the University&#8217;s website, you will find detailed information about:<\/b><b><\/b><\/p>\n<ul class=\"ul1\">\n<li class=\"li1\"><b>Registration and counselling procedures<\/b> \u2013 learn how to register and what types of consultations are available.<\/li>\n<li class=\"li1\"><b>Free and paid services<\/b> \u2013 clear explanations about service accessibility and<\/li>\n<li class=\"li1\"><b>Community Well-being Division<\/b> \u2013 its activities, initiatives, and support programs for university members.<\/li>\n<\/ul>\n<p class=\"p1\"><b>External support helplines<\/b> \u2013 contacts for those seeking additional emotional orpsychological support beyond the university.<\/p>\n<p class=\"p1\">\n<p class=\"p1\"><b>The location of consultations<\/b><b><\/b><\/p>\n<p class=\"p1\">In-person consultations are provided at the psychological counseling offices located in:<\/p>\n<ul class=\"ul1\">\n<li class=\"li1\">Institute of International Relations and Political Science (room 404, 4<sup>th<\/sup> floor, Vokie\u010di\u0173 str. 10)<\/li>\n<li class=\"li1\">Faculty of Philosophy (Universiteto str. 9\/1)<\/li>\n<li class=\"li1\">Faculty of Physics (Saul\u0117tekio av. 9)<\/li>\n<li class=\"li1\">Faculty of Medicine (M. K. \u010ciurlionio str. 21).<\/li>\n<\/ul>\n<p class=\"p1\"><b>Emergency psychological help<\/b><b><\/b><\/p>\n<p class=\"p1\">Vilnius university community psychologists offer urgent free of charge psychological help for students and employees if:<\/p>\n<ul class=\"ul1\">\n<li class=\"li1\">You are going through a psychological crisis &#8211; a tough period, such as losing a loved one, a traumatic experience, etc.<\/li>\n<li class=\"li1\">You have thoughts about suicide or harming yourself.<\/li>\n<li class=\"li1\">You have had severe psychological conditions, such as depression, psychotic episodes, etc., and you feel it may happen again shortly.<\/li>\n<\/ul>\n<p class=\"p1\">Don&#8217;t be alone and ask for help; we will try to find solutions together.<\/p>\n<p class=\"p1\">Register for emergency consultations by:<\/p>\n<ul class=\"ul1\">\n<li class=\"li1\">Writing an email to <a href=\"mailto:padek@vu.lt\"><span class=\"s1\"><b>padek@vu.lt<\/b><b><\/b><\/span><\/a><\/li>\n<li class=\"li1\">Calling VU community psychologists directly by phone: <b>+370 658 99392<\/b>, <b>+370 699 34818<\/b>, <b>+370 690 09131<\/b><b><\/b><\/li>\n<li class=\"li1\">Filling in<a href=\"https:\/\/outlook.office365.com\/owa\/calendar\/kmc1@vult.onmicrosoft.com\/bookings\/\"><span class=\"s1\"><b>this registration form<\/b><\/span><\/a>.<\/li>\n<\/ul>\n<p class=\"p1\">Consultations are available in Lithuanian, English, Russian, and Ukrainian.<\/p>\n<p class=\"p1\">If you are worried about a friend or colleague who needs help, don&#8217;t hesitate to contact us; together, we will find ways to help them.<\/p>\n","worktimes":false,"phones":false,"emails":false,"login_heading":"","login_text":"","login_link":""},"yoast_head":"<!-- This site is optimized with the Yoast SEO plugin v27.3 - https:\/\/yoast.com\/product\/yoast-seo-wordpress\/ -->\n<title>Psychological counseling - TSPMI<\/title>\n<meta name=\"robots\" content=\"index, follow, max-snippet:-1, max-image-preview:large, max-video-preview:-1\" \/>\n<link rel=\"canonical\" href=\"https:\/\/www.tspmi.vu.lt\/en\/psychological-counseling-2\/\" \/>\n<meta property=\"og:locale\" content=\"en_US\" \/>\n<meta property=\"og:type\" content=\"article\" \/>\n<meta property=\"og:title\" content=\"Psychological counseling - TSPMI\" \/>\n<meta property=\"og:url\" content=\"https:\/\/www.tspmi.vu.lt\/en\/psychological-counseling-2\/\" \/>\n<meta property=\"og:site_name\" content=\"TSPMI\" \/>\n<meta property=\"article:publisher\" content=\"https:\/\/www.facebook.com\/TSPMI\/\" \/>\n<meta property=\"article:modified_time\" content=\"2025-06-05T11:51:56+00:00\" \/>\n<meta property=\"og:image\" content=\"https:\/\/www.tspmi.vu.lt\/wp-content\/uploads\/Logos2021\/prie-para\u0161o-01-1.png\" \/>\n\t<meta property=\"og:image:width\" content=\"105\" \/>\n\t<meta property=\"og:image:height\" content=\"98\" \/>\n\t<meta property=\"og:image:type\" content=\"image\/png\" \/>\n<meta name=\"twitter:card\" content=\"summary_large_image\" \/>\n<script type=\"application\/ld+json\" class=\"yoast-schema-graph\">{\"@context\":\"https:\\\/\\\/schema.org\",\"@graph\":[{\"@type\":\"WebPage\",\"@id\":\"https:\\\/\\\/www.tspmi.vu.lt\\\/en\\\/psychological-counseling-2\\\/\",\"url\":\"https:\\\/\\\/www.tspmi.vu.lt\\\/en\\\/psychological-counseling-2\\\/\",\"name\":\"Psychological counseling - TSPMI\",\"isPartOf\":{\"@id\":\"https:\\\/\\\/www.tspmi.vu.lt\\\/#website\"},\"datePublished\":\"2024-11-08T13:19:45+00:00\",\"dateModified\":\"2025-06-05T11:51:56+00:00\",\"breadcrumb\":{\"@id\":\"https:\\\/\\\/www.tspmi.vu.lt\\\/en\\\/psychological-counseling-2\\\/#breadcrumb\"},\"inLanguage\":\"en-US\",\"potentialAction\":[{\"@type\":\"ReadAction\",\"target\":[\"https:\\\/\\\/www.tspmi.vu.lt\\\/en\\\/psychological-counseling-2\\\/\"]}]},{\"@type\":\"BreadcrumbList\",\"@id\":\"https:\\\/\\\/www.tspmi.vu.lt\\\/en\\\/psychological-counseling-2\\\/#breadcrumb\",\"itemListElement\":[{\"@type\":\"ListItem\",\"position\":1,\"name\":\"Home\",\"item\":\"https:\\\/\\\/www.tspmi.vu.lt\\\/en\\\/\"},{\"@type\":\"ListItem\",\"position\":2,\"name\":\"Psychological counseling\"}]},{\"@type\":\"WebSite\",\"@id\":\"https:\\\/\\\/www.tspmi.vu.lt\\\/#website\",\"url\":\"https:\\\/\\\/www.tspmi.vu.lt\\\/\",\"name\":\"TSPMI\",\"description\":\"\",\"publisher\":{\"@id\":\"https:\\\/\\\/www.tspmi.vu.lt\\\/#organization\"},\"alternateName\":\"Vilniaus universitetas\",\"potentialAction\":[{\"@type\":\"SearchAction\",\"target\":{\"@type\":\"EntryPoint\",\"urlTemplate\":\"https:\\\/\\\/www.tspmi.vu.lt\\\/?s={search_term_string}\"},\"query-input\":{\"@type\":\"PropertyValueSpecification\",\"valueRequired\":true,\"valueName\":\"search_term_string\"}}],\"inLanguage\":\"en-US\"},{\"@type\":\"Organization\",\"@id\":\"https:\\\/\\\/www.tspmi.vu.lt\\\/#organization\",\"name\":\"Tarptautini\u0173 santyki\u0173 ir politikos moksl\u0173 institutas\",\"alternateName\":\"Vilniaus universitetas\",\"url\":\"https:\\\/\\\/www.tspmi.vu.lt\\\/\",\"logo\":{\"@type\":\"ImageObject\",\"inLanguage\":\"en-US\",\"@id\":\"https:\\\/\\\/www.tspmi.vu.lt\\\/#\\\/schema\\\/logo\\\/image\\\/\",\"url\":\"https:\\\/\\\/www.tspmi.vu.lt\\\/wp-content\\\/uploads\\\/2021\\\/07\\\/LOGO-LT-COLOR.png\",\"contentUrl\":\"https:\\\/\\\/www.tspmi.vu.lt\\\/wp-content\\\/uploads\\\/2021\\\/07\\\/LOGO-LT-COLOR.png\",\"width\":3860,\"height\":1405,\"caption\":\"Tarptautini\u0173 santyki\u0173 ir politikos moksl\u0173 institutas\"},\"image\":{\"@id\":\"https:\\\/\\\/www.tspmi.vu.lt\\\/#\\\/schema\\\/logo\\\/image\\\/\"},\"sameAs\":[\"https:\\\/\\\/www.facebook.com\\\/TSPMI\\\/\",\"https:\\\/\\\/www.instagram.com\\\/vu_tspmi\\\/\",\"https:\\\/\\\/lt.wikipedia.org\\\/wiki\\\/Vilniaus_universiteto_Tarptautini\u0173_santyki\u0173_ir_politikos_moksl\u0173_institutas\"]}]}<\/script>\n<!-- \/ Yoast SEO plugin. -->","yoast_head_json":{"title":"Psychological counseling - TSPMI","robots":{"index":"index","follow":"follow","max-snippet":"max-snippet:-1","max-image-preview":"max-image-preview:large","max-video-preview":"max-video-preview:-1"},"canonical":"https:\/\/www.tspmi.vu.lt\/en\/psychological-counseling-2\/","og_locale":"en_US","og_type":"article","og_title":"Psychological counseling - TSPMI","og_url":"https:\/\/www.tspmi.vu.lt\/en\/psychological-counseling-2\/","og_site_name":"TSPMI","article_publisher":"https:\/\/www.facebook.com\/TSPMI\/","article_modified_time":"2025-06-05T11:51:56+00:00","og_image":[{"width":105,"height":98,"url":"https:\/\/www.tspmi.vu.lt\/wp-content\/uploads\/Logos2021\/prie-para\u0161o-01-1.png","type":"image\/png"}],"twitter_card":"summary_large_image","schema":{"@context":"https:\/\/schema.org","@graph":[{"@type":"WebPage","@id":"https:\/\/www.tspmi.vu.lt\/en\/psychological-counseling-2\/","url":"https:\/\/www.tspmi.vu.lt\/en\/psychological-counseling-2\/","name":"Psychological counseling - TSPMI","isPartOf":{"@id":"https:\/\/www.tspmi.vu.lt\/#website"},"datePublished":"2024-11-08T13:19:45+00:00","dateModified":"2025-06-05T11:51:56+00:00","breadcrumb":{"@id":"https:\/\/www.tspmi.vu.lt\/en\/psychological-counseling-2\/#breadcrumb"},"inLanguage":"en-US","potentialAction":[{"@type":"ReadAction","target":["https:\/\/www.tspmi.vu.lt\/en\/psychological-counseling-2\/"]}]},{"@type":"BreadcrumbList","@id":"https:\/\/www.tspmi.vu.lt\/en\/psychological-counseling-2\/#breadcrumb","itemListElement":[{"@type":"ListItem","position":1,"name":"Home","item":"https:\/\/www.tspmi.vu.lt\/en\/"},{"@type":"ListItem","position":2,"name":"Psychological counseling"}]},{"@type":"WebSite","@id":"https:\/\/www.tspmi.vu.lt\/#website","url":"https:\/\/www.tspmi.vu.lt\/","name":"TSPMI","description":"","publisher":{"@id":"https:\/\/www.tspmi.vu.lt\/#organization"},"alternateName":"Vilniaus universitetas","potentialAction":[{"@type":"SearchAction","target":{"@type":"EntryPoint","urlTemplate":"https:\/\/www.tspmi.vu.lt\/?s={search_term_string}"},"query-input":{"@type":"PropertyValueSpecification","valueRequired":true,"valueName":"search_term_string"}}],"inLanguage":"en-US"},{"@type":"Organization","@id":"https:\/\/www.tspmi.vu.lt\/#organization","name":"Tarptautini\u0173 santyki\u0173 ir politikos moksl\u0173 institutas","alternateName":"Vilniaus universitetas","url":"https:\/\/www.tspmi.vu.lt\/","logo":{"@type":"ImageObject","inLanguage":"en-US","@id":"https:\/\/www.tspmi.vu.lt\/#\/schema\/logo\/image\/","url":"https:\/\/www.tspmi.vu.lt\/wp-content\/uploads\/2021\/07\/LOGO-LT-COLOR.png","contentUrl":"https:\/\/www.tspmi.vu.lt\/wp-content\/uploads\/2021\/07\/LOGO-LT-COLOR.png","width":3860,"height":1405,"caption":"Tarptautini\u0173 santyki\u0173 ir politikos moksl\u0173 institutas"},"image":{"@id":"https:\/\/www.tspmi.vu.lt\/#\/schema\/logo\/image\/"},"sameAs":["https:\/\/www.facebook.com\/TSPMI\/","https:\/\/www.instagram.com\/vu_tspmi\/","https:\/\/lt.wikipedia.org\/wiki\/Vilniaus_universiteto_Tarptautini\u0173_santyki\u0173_ir_politikos_moksl\u0173_institutas"]}]}},"_links":{"self":[{"href":"https:\/\/www.tspmi.vu.lt\/en\/wp-json\/wp\/v2\/pages\/25444","targetHints":{"allow":["GET"]}}],"collection":[{"href":"https:\/\/www.tspmi.vu.lt\/en\/wp-json\/wp\/v2\/pages"}],"about":[{"href":"https:\/\/www.tspmi.vu.lt\/en\/wp-json\/wp\/v2\/types\/page"}],"author":[{"embeddable":true,"href":"https:\/\/www.tspmi.vu.lt\/en\/wp-json\/wp\/v2\/users\/1"}],"replies":[{"embeddable":true,"href":"https:\/\/www.tspmi.vu.lt\/en\/wp-json\/wp\/v2\/comments?post=25444"}],"version-history":[{"count":6,"href":"https:\/\/www.tspmi.vu.lt\/en\/wp-json\/wp\/v2\/pages\/25444\/revisions"}],"predecessor-version":[{"id":26431,"href":"https:\/\/www.tspmi.vu.lt\/en\/wp-json\/wp\/v2\/pages\/25444\/revisions\/26431"}],"wp:attachment":[{"href":"https:\/\/www.tspmi.vu.lt\/en\/wp-json\/wp\/v2\/media?parent=25444"}],"curies":[{"name":"wp","href":"https:\/\/api.w.org\/{rel}","templated":true}]}}