{"id":25290,"date":"2024-09-30T16:23:07","date_gmt":"2024-09-30T13:23:07","guid":{"rendered":"https:\/\/www.tspmi.vu.lt\/?page_id=25290"},"modified":"2025-02-04T10:12:11","modified_gmt":"2025-02-04T08:12:11","slug":"annual-lithuanian-political-science-conference-2024","status":"publish","type":"page","link":"https:\/\/www.tspmi.vu.lt\/en\/conferences\/annual-lithuanian-political-science-conference-2024\/","title":{"rendered":"Annual Lithuanian Political Science Conference &#8220;The Year of Elections: Lithuania, Europe, the World&#8221; (archive)"},"content":{"rendered":"","protected":false},"excerpt":{"rendered":"","protected":false},"author":5,"featured_media":0,"parent":14229,"menu_order":0,"comment_status":"closed","ping_status":"closed","template":"page-admission.php","meta":{"_acf_changed":false,"om_disable_all_campaigns":false,"footnotes":""},"class_list":["post-25290","page","type-page","status-publish","hentry"],"acf":{"info_blocks":[{"name":"About the conference","content_left":false,"content_right":[{"acf_fc_layout":"text_block","text":"<p><span data-contrast=\"auto\">The Institute of International Relations and Political Science of Vilnius University is pleased to announce its annual Lithuanian Political Science Conference, themed \u201cThe Year of Elections: Lithuania, Europe, the World\u201d, to be held on <\/span><b><span data-contrast=\"auto\">5-6 December 2024<\/span><\/b><span data-contrast=\"auto\">.<\/span><span data-ccp-props=\"{&quot;201341983&quot;:0,&quot;335551550&quot;:6,&quot;335551620&quot;:6,&quot;335559739&quot;:160,&quot;335559740&quot;:259}\">\u00a0<\/span><\/p>\n<p><span data-contrast=\"auto\">2024 may be called \u201cthe year of elections\u201d: the Lithuanian voters are fulfilling their civic duty by voting in the presidential and parliamentary elections, and, along with the rest of the citizens of the European Union, has expressed their will by electing the new Members of the European Parliament. This year, people who cast their ballot are redrawing the political map in more than 70 countries around the world, from Taiwan or India to the United Kingdom and the United States of America. The campaigns and results of these elections have highlighted the challenges of democratic resilience and the changes in domestic and foreign policy in countries around the world.\u00a0<\/span><span data-ccp-props=\"{&quot;201341983&quot;:0,&quot;335551550&quot;:6,&quot;335551620&quot;:6,&quot;335559739&quot;:160,&quot;335559740&quot;:259}\">\u00a0<\/span><\/p>\n<p><span data-contrast=\"auto\">Where will Lithuania stand in this changing global context, and what impact will the outcomes of the national elections have on the country\u2019s political, social, economic, and cultural future? What are the implications of the increasing polarization within countries and internationally for the state of democracy and decision-making processes? How are the 2024 elections affected by global processes and how will the outcome of these elections in different parts of the world affect the global order?\u00a0\u00a0<\/span><span data-ccp-props=\"{&quot;201341983&quot;:0,&quot;335551550&quot;:6,&quot;335551620&quot;:6,&quot;335559739&quot;:160,&quot;335559740&quot;:259}\">\u00a0<\/span><\/p>\n<p><span data-contrast=\"auto\">To discuss these issues, we invite to submit applications for individual presentations and panel discussions on topics related to comparative politics, political economy, political behavior, political theory, international relations, state governance, public administration, foreign policy, security and defense policy, as well as interdisciplinary presentations. The conference welcomes presentations and panels that showcase research conducted this year, upcoming or already published publications, and ongoing projects.<\/span><\/p>\n"}]},{"name":"Keynote speakers","content_left":false,"content_right":[{"acf_fc_layout":"text_block","text":"<p><img loading=\"lazy\" decoding=\"async\" class=\"alignleft\" src=\"https:\/\/www.tspmi.vu.lt\/wp-content\/uploads\/2024\/10\/Allan_Sikk.jpg\" width=\"176\" height=\"164\" \/><\/p>\n<p><a href=\"https:\/\/profiles.ucl.ac.uk\/5147\"><strong>Allan Sikk<\/strong><\/a> is a Professor of Comparative Politics at University College London (UCL) School of Slavonic and East European Studies. His research interests include electoral candidates, party switching in parliaments, and the evolution of party systems, with a particular focus on Central and Eastern Europe. He obtained his PhD from the University of Tartu and later served as the head of the Research Service at the Parliament of Estonia. Currently, he is a co-principal investigator of the <a href=\"https:\/\/instapartyproject.com\/\">\u201cINSTAPARTY: Party Instability in Parliaments\u201d<\/a> project (2021-2025), funded by the Norwegian Research Council.\u00a0He is also the regional coordinator for East-Central and Southeast Europe for the Bertelsmann Transformation Index (<a href=\"https:\/\/bti-project.org\/\">BTI<\/a>). Allan Sikk has authored numerous publications, including articles in prominent journals such as<em> Party Politics, European Journal of Political Research and Journal of Baltic Politics<\/em>. His latest book, <em>\u201c<a href=\"https:\/\/academic.oup.com\/book\/55134\">Party People: Candidates and Party Evolution<\/a>\u201d <\/em>(2023), co-authored with Philipp K\u00f6ker, conceptualises candidates as \u2018party genes\u2019 and develops a candidate-based approach to party evolution.<\/p>\n<p>Allan Sikk will deliver the keynote speech &#8220;Bringing the People Back In: From an Organisational to an Evolutionary Paradigm in Party Studies&#8221; on 5 December at 9:15 am in Room 402.<\/p>\n<p><img loading=\"lazy\" decoding=\"async\" class=\"wp-image-25423 alignleft\" src=\"https:\/\/www.tspmi.vu.lt\/wp-content\/uploads\/2024\/11\/Jan-Behrends-ZZF-Potsdam-Foto_Andy-Kuchenmeister.tif__1-206x300.jpg\" alt=\"\" width=\"175\" height=\"255\" srcset=\"https:\/\/www.tspmi.vu.lt\/wp-content\/uploads\/2024\/11\/Jan-Behrends-ZZF-Potsdam-Foto_Andy-Kuchenmeister.tif__1-206x300.jpg 206w, https:\/\/www.tspmi.vu.lt\/wp-content\/uploads\/2024\/11\/Jan-Behrends-ZZF-Potsdam-Foto_Andy-Kuchenmeister.tif__1-703x1024.jpg 703w, https:\/\/www.tspmi.vu.lt\/wp-content\/uploads\/2024\/11\/Jan-Behrends-ZZF-Potsdam-Foto_Andy-Kuchenmeister.tif__1-768x1118.jpg 768w, https:\/\/www.tspmi.vu.lt\/wp-content\/uploads\/2024\/11\/Jan-Behrends-ZZF-Potsdam-Foto_Andy-Kuchenmeister.tif__1-1055x1536.jpg 1055w, https:\/\/www.tspmi.vu.lt\/wp-content\/uploads\/2024\/11\/Jan-Behrends-ZZF-Potsdam-Foto_Andy-Kuchenmeister.tif__1-1407x2048.jpg 1407w, https:\/\/www.tspmi.vu.lt\/wp-content\/uploads\/2024\/11\/Jan-Behrends-ZZF-Potsdam-Foto_Andy-Kuchenmeister.tif__1-275x400.jpg 275w, https:\/\/www.tspmi.vu.lt\/wp-content\/uploads\/2024\/11\/Jan-Behrends-ZZF-Potsdam-Foto_Andy-Kuchenmeister.tif__1-scaled.jpg 1758w\" sizes=\"auto, (max-width: 175px) 100vw, 175px\" \/><\/p>\n<p><strong><a href=\"https:\/\/zzf-potsdam.de\/en\/institution\/people\/staff\/jan-c-behrends\">Jan Claas Behrends<\/a><\/strong> is a senior researcher at the Leibniz Centre for Contemporary History in Potsdam and a Professor of History at European University Viadrina in Frankfurt. His research interests include the modern history of Russia, Poland and Ukraine, Stalinism and modern dictatorships, war and violence as well as the post-Soviet era. The research of prof. Behrends features interdisciplinary approach that combines historical, political science, and sociological analyses to comprehensively examine the impact of authoritarianism and war on societal structures and dynamics. The researcher has authored multiple scholarly publications, including his recent monograph <em>Postsowjetische Lebenswelten. The Post-Soviet Experience. Society and Everyday Life after Communism<\/em> (2021) as well as papers in such journals as <em>Nationalities Papers<\/em>, <em>European Review of History<\/em> and <em>Osteuropa<\/em>. Currently, he is also one of the coordinators of the interdisciplinary research network \u201c<a href=\"https:\/\/legacies-of-communism.eu\/\">Legacies of Communism? Post\u2010Communist Europe from Stagnation to Reform, between Autocracy and Revolution<\/a>\u201d funded by a SAW-grant of the Leibniz Association.<\/p>\n<p>Jan Claas Behrends will deliver the keynote speech &#8220;Russia going from Totalitarianism back to Totalitarianism \u2013 Stalin to Putin&#8221; on 6 December at 5 pm in Room 402.<\/p>\n"}]},{"name":"Programme of the conference","content_left":false,"content_right":[{"acf_fc_layout":"document_block","dokumentas":[{"document_name":"Programme of the conference","file_or_link":"file","file":"https:\/\/www.tspmi.vu.lt\/wp-content\/uploads\/2024\/12\/Programa-2024-m.-metine-Lietuvos-politikos-mokslu-konferencija.pdf","link":""}]}]},{"name":"Organizers of the conference","content_left":false,"content_right":[{"acf_fc_layout":"text_block","text":"<p><span data-contrast=\"auto\">The conference organizing committee consists of scholars and administrative staff from the Institute of International Relations and Political Science, Vilnius University:<\/span><span data-ccp-props=\"{&quot;201341983&quot;:0,&quot;335551550&quot;:6,&quot;335551620&quot;:6,&quot;335559739&quot;:160,&quot;335559740&quot;:259}\">\u00a0<\/span><\/p>\n<ul>\n<li data-leveltext=\"-\" data-font=\"Aptos\" data-listid=\"1\" data-list-defn-props=\"{&quot;335552541&quot;:1,&quot;335559683&quot;:0,&quot;335559684&quot;:-2,&quot;335559685&quot;:720,&quot;335559991&quot;:360,&quot;469769226&quot;:&quot;Aptos&quot;,&quot;469769242&quot;:[8226],&quot;469777803&quot;:&quot;left&quot;,&quot;469777804&quot;:&quot;-&quot;,&quot;469777815&quot;:&quot;hybridMultilevel&quot;}\" aria-setsize=\"-1\" data-aria-posinset=\"7\" data-aria-level=\"1\"><span data-contrast=\"auto\">Prof. Dr. Ain\u0117 Ramonait\u0117<\/span><\/li>\n<li data-leveltext=\"-\" data-font=\"Aptos\" data-listid=\"1\" data-list-defn-props=\"{&quot;335552541&quot;:1,&quot;335559683&quot;:0,&quot;335559684&quot;:-2,&quot;335559685&quot;:720,&quot;335559991&quot;:360,&quot;469769226&quot;:&quot;Aptos&quot;,&quot;469769242&quot;:[8226],&quot;469777803&quot;:&quot;left&quot;,&quot;469777804&quot;:&quot;-&quot;,&quot;469777815&quot;:&quot;hybridMultilevel&quot;}\" aria-setsize=\"-1\" data-aria-posinset=\"8\" data-aria-level=\"1\"><span data-contrast=\"auto\">Prof. Dr. Gediminas Vitkus<\/span><\/li>\n<li data-leveltext=\"-\" data-font=\"Aptos\" data-listid=\"1\" data-list-defn-props=\"{&quot;335552541&quot;:1,&quot;335559683&quot;:0,&quot;335559684&quot;:-2,&quot;335559685&quot;:720,&quot;335559991&quot;:360,&quot;469769226&quot;:&quot;Aptos&quot;,&quot;469769242&quot;:[8226],&quot;469777803&quot;:&quot;left&quot;,&quot;469777804&quot;:&quot;-&quot;,&quot;469777815&quot;:&quot;hybridMultilevel&quot;}\" aria-setsize=\"-1\" data-aria-posinset=\"8\" data-aria-level=\"1\"><span data-contrast=\"auto\">Assoc. Prof. Dr. Justinas Dementavi\u010dius<\/span><\/li>\n<li data-leveltext=\"-\" data-font=\"Aptos\" data-listid=\"1\" data-list-defn-props=\"{&quot;335552541&quot;:1,&quot;335559683&quot;:0,&quot;335559684&quot;:-2,&quot;335559685&quot;:720,&quot;335559991&quot;:360,&quot;469769226&quot;:&quot;Aptos&quot;,&quot;469769242&quot;:[8226],&quot;469777803&quot;:&quot;left&quot;,&quot;469777804&quot;:&quot;-&quot;,&quot;469777815&quot;:&quot;hybridMultilevel&quot;}\" aria-setsize=\"-1\" data-aria-posinset=\"10\" data-aria-level=\"1\"><span data-contrast=\"auto\">Dr. Vilius Ma\u010dkinis<\/span><\/li>\n<li data-leveltext=\"-\" data-font=\"Aptos\" data-listid=\"1\" data-list-defn-props=\"{&quot;335552541&quot;:1,&quot;335559683&quot;:0,&quot;335559684&quot;:-2,&quot;335559685&quot;:720,&quot;335559991&quot;:360,&quot;469769226&quot;:&quot;Aptos&quot;,&quot;469769242&quot;:[8226],&quot;469777803&quot;:&quot;left&quot;,&quot;469777804&quot;:&quot;-&quot;,&quot;469777815&quot;:&quot;hybridMultilevel&quot;}\" aria-setsize=\"-1\" data-aria-posinset=\"10\" data-aria-level=\"1\"><span data-contrast=\"auto\">Dr. Ieva Giedraityt\u0117<\/span><\/li>\n<li data-leveltext=\"-\" data-font=\"Aptos\" data-listid=\"1\" data-list-defn-props=\"{&quot;335552541&quot;:1,&quot;335559683&quot;:0,&quot;335559684&quot;:-2,&quot;335559685&quot;:720,&quot;335559991&quot;:360,&quot;469769226&quot;:&quot;Aptos&quot;,&quot;469769242&quot;:[8226],&quot;469777803&quot;:&quot;left&quot;,&quot;469777804&quot;:&quot;-&quot;,&quot;469777815&quot;:&quot;hybridMultilevel&quot;}\" aria-setsize=\"-1\" data-aria-posinset=\"10\" data-aria-level=\"1\"><span data-contrast=\"auto\">Rasa Bortkevi\u010di\u016bt\u0117<\/span><\/li>\n<li data-leveltext=\"-\" data-font=\"Aptos\" data-listid=\"1\" data-list-defn-props=\"{&quot;335552541&quot;:1,&quot;335559683&quot;:0,&quot;335559684&quot;:-2,&quot;335559685&quot;:720,&quot;335559991&quot;:360,&quot;469769226&quot;:&quot;Aptos&quot;,&quot;469769242&quot;:[8226],&quot;469777803&quot;:&quot;left&quot;,&quot;469777804&quot;:&quot;-&quot;,&quot;469777815&quot;:&quot;hybridMultilevel&quot;}\" aria-setsize=\"-1\" data-aria-posinset=\"10\" data-aria-level=\"1\">Emilija Grigaityt\u0117<\/li>\n<\/ul>\n"}]}]},"yoast_head":"<!-- This site is optimized with the Yoast SEO plugin v27.3 - https:\/\/yoast.com\/product\/yoast-seo-wordpress\/ -->\n<title>Annual Lithuanian Political Science Conference &quot;The Year of Elections: Lithuania, Europe, the World&quot;<\/title>\n<meta name=\"description\" content=\"Annual Lithuanian Political Science Conference &quot;The Echoes of Polycrisis in Lithuania and the World&quot; will be held on November 30 \u2013 December 1, 2023.\" \/>\n<meta name=\"robots\" content=\"index, follow, max-snippet:-1, max-image-preview:large, max-video-preview:-1\" \/>\n<link rel=\"canonical\" href=\"https:\/\/www.tspmi.vu.lt\/en\/conferences\/annual-lithuanian-political-science-conference-2024\/\" \/>\n<meta property=\"og:locale\" content=\"en_US\" \/>\n<meta property=\"og:type\" content=\"article\" \/>\n<meta property=\"og:title\" content=\"Annual Lithuanian Political Science Conference &quot;The Year of Elections: Lithuania, Europe, the World&quot;\" \/>\n<meta property=\"og:description\" content=\"Annual Lithuanian Political Science Conference &quot;The Echoes of Polycrisis in Lithuania and the World&quot; will be held on November 30 \u2013 December 1, 2023.\" \/>\n<meta property=\"og:url\" content=\"https:\/\/www.tspmi.vu.lt\/en\/conferences\/annual-lithuanian-political-science-conference-2024\/\" \/>\n<meta property=\"og:site_name\" content=\"TSPMI\" \/>\n<meta property=\"article:publisher\" content=\"https:\/\/www.facebook.com\/TSPMI\/\" \/>\n<meta property=\"article:modified_time\" content=\"2025-02-04T08:12:11+00:00\" \/>\n<meta property=\"og:image\" content=\"https:\/\/www.tspmi.vu.lt\/wp-content\/uploads\/Logos2021\/prie-para\u0161o-01-1.png\" \/>\n\t<meta property=\"og:image:width\" content=\"105\" \/>\n\t<meta property=\"og:image:height\" content=\"98\" \/>\n\t<meta property=\"og:image:type\" content=\"image\/png\" \/>\n<meta name=\"twitter:card\" content=\"summary_large_image\" \/>\n<script type=\"application\/ld+json\" class=\"yoast-schema-graph\">{\"@context\":\"https:\\\/\\\/schema.org\",\"@graph\":[{\"@type\":\"WebPage\",\"@id\":\"https:\\\/\\\/www.tspmi.vu.lt\\\/en\\\/conferences\\\/annual-lithuanian-political-science-conference-2024\\\/\",\"url\":\"https:\\\/\\\/www.tspmi.vu.lt\\\/en\\\/conferences\\\/annual-lithuanian-political-science-conference-2024\\\/\",\"name\":\"Annual Lithuanian Political Science Conference \\\"The Year of Elections: Lithuania, Europe, the World\\\"\",\"isPartOf\":{\"@id\":\"https:\\\/\\\/www.tspmi.vu.lt\\\/#website\"},\"datePublished\":\"2024-09-30T13:23:07+00:00\",\"dateModified\":\"2025-02-04T08:12:11+00:00\",\"description\":\"Annual Lithuanian Political Science Conference \\\"The Echoes of Polycrisis in Lithuania and the World\\\" will be held on November 30 \u2013 December 1, 2023.\",\"breadcrumb\":{\"@id\":\"https:\\\/\\\/www.tspmi.vu.lt\\\/en\\\/conferences\\\/annual-lithuanian-political-science-conference-2024\\\/#breadcrumb\"},\"inLanguage\":\"en-US\",\"potentialAction\":[{\"@type\":\"ReadAction\",\"target\":[\"https:\\\/\\\/www.tspmi.vu.lt\\\/en\\\/conferences\\\/annual-lithuanian-political-science-conference-2024\\\/\"]}]},{\"@type\":\"BreadcrumbList\",\"@id\":\"https:\\\/\\\/www.tspmi.vu.lt\\\/en\\\/conferences\\\/annual-lithuanian-political-science-conference-2024\\\/#breadcrumb\",\"itemListElement\":[{\"@type\":\"ListItem\",\"position\":1,\"name\":\"Home\",\"item\":\"https:\\\/\\\/www.tspmi.vu.lt\\\/en\\\/\"},{\"@type\":\"ListItem\",\"position\":2,\"name\":\"Conferences\",\"item\":\"https:\\\/\\\/www.tspmi.vu.lt\\\/en\\\/conferences\\\/\"},{\"@type\":\"ListItem\",\"position\":3,\"name\":\"Annual Lithuanian Political Science Conference &#8220;The Year of Elections: Lithuania, Europe, the World&#8221; (archive)\"}]},{\"@type\":\"WebSite\",\"@id\":\"https:\\\/\\\/www.tspmi.vu.lt\\\/#website\",\"url\":\"https:\\\/\\\/www.tspmi.vu.lt\\\/\",\"name\":\"TSPMI\",\"description\":\"\",\"publisher\":{\"@id\":\"https:\\\/\\\/www.tspmi.vu.lt\\\/#organization\"},\"alternateName\":\"Vilniaus universitetas\",\"potentialAction\":[{\"@type\":\"SearchAction\",\"target\":{\"@type\":\"EntryPoint\",\"urlTemplate\":\"https:\\\/\\\/www.tspmi.vu.lt\\\/?s={search_term_string}\"},\"query-input\":{\"@type\":\"PropertyValueSpecification\",\"valueRequired\":true,\"valueName\":\"search_term_string\"}}],\"inLanguage\":\"en-US\"},{\"@type\":\"Organization\",\"@id\":\"https:\\\/\\\/www.tspmi.vu.lt\\\/#organization\",\"name\":\"Tarptautini\u0173 santyki\u0173 ir politikos moksl\u0173 institutas\",\"alternateName\":\"Vilniaus universitetas\",\"url\":\"https:\\\/\\\/www.tspmi.vu.lt\\\/\",\"logo\":{\"@type\":\"ImageObject\",\"inLanguage\":\"en-US\",\"@id\":\"https:\\\/\\\/www.tspmi.vu.lt\\\/#\\\/schema\\\/logo\\\/image\\\/\",\"url\":\"https:\\\/\\\/www.tspmi.vu.lt\\\/wp-content\\\/uploads\\\/2021\\\/07\\\/LOGO-LT-COLOR.png\",\"contentUrl\":\"https:\\\/\\\/www.tspmi.vu.lt\\\/wp-content\\\/uploads\\\/2021\\\/07\\\/LOGO-LT-COLOR.png\",\"width\":3860,\"height\":1405,\"caption\":\"Tarptautini\u0173 santyki\u0173 ir politikos moksl\u0173 institutas\"},\"image\":{\"@id\":\"https:\\\/\\\/www.tspmi.vu.lt\\\/#\\\/schema\\\/logo\\\/image\\\/\"},\"sameAs\":[\"https:\\\/\\\/www.facebook.com\\\/TSPMI\\\/\",\"https:\\\/\\\/www.instagram.com\\\/vu_tspmi\\\/\",\"https:\\\/\\\/lt.wikipedia.org\\\/wiki\\\/Vilniaus_universiteto_Tarptautini\u0173_santyki\u0173_ir_politikos_moksl\u0173_institutas\"]}]}<\/script>\n<!-- \/ Yoast SEO plugin. -->","yoast_head_json":{"title":"Annual Lithuanian Political Science Conference \"The Year of Elections: Lithuania, Europe, the World\"","description":"Annual Lithuanian Political Science Conference \"The Echoes of Polycrisis in Lithuania and the World\" will be held on November 30 \u2013 December 1, 2023.","robots":{"index":"index","follow":"follow","max-snippet":"max-snippet:-1","max-image-preview":"max-image-preview:large","max-video-preview":"max-video-preview:-1"},"canonical":"https:\/\/www.tspmi.vu.lt\/en\/conferences\/annual-lithuanian-political-science-conference-2024\/","og_locale":"en_US","og_type":"article","og_title":"Annual Lithuanian Political Science Conference \"The Year of Elections: Lithuania, Europe, the World\"","og_description":"Annual Lithuanian Political Science Conference \"The Echoes of Polycrisis in Lithuania and the World\" will be held on November 30 \u2013 December 1, 2023.","og_url":"https:\/\/www.tspmi.vu.lt\/en\/conferences\/annual-lithuanian-political-science-conference-2024\/","og_site_name":"TSPMI","article_publisher":"https:\/\/www.facebook.com\/TSPMI\/","article_modified_time":"2025-02-04T08:12:11+00:00","og_image":[{"width":105,"height":98,"url":"https:\/\/www.tspmi.vu.lt\/wp-content\/uploads\/Logos2021\/prie-para\u0161o-01-1.png","type":"image\/png"}],"twitter_card":"summary_large_image","schema":{"@context":"https:\/\/schema.org","@graph":[{"@type":"WebPage","@id":"https:\/\/www.tspmi.vu.lt\/en\/conferences\/annual-lithuanian-political-science-conference-2024\/","url":"https:\/\/www.tspmi.vu.lt\/en\/conferences\/annual-lithuanian-political-science-conference-2024\/","name":"Annual Lithuanian Political Science Conference \"The Year of Elections: Lithuania, Europe, the World\"","isPartOf":{"@id":"https:\/\/www.tspmi.vu.lt\/#website"},"datePublished":"2024-09-30T13:23:07+00:00","dateModified":"2025-02-04T08:12:11+00:00","description":"Annual Lithuanian Political Science Conference \"The Echoes of Polycrisis in Lithuania and the World\" will be held on November 30 \u2013 December 1, 2023.","breadcrumb":{"@id":"https:\/\/www.tspmi.vu.lt\/en\/conferences\/annual-lithuanian-political-science-conference-2024\/#breadcrumb"},"inLanguage":"en-US","potentialAction":[{"@type":"ReadAction","target":["https:\/\/www.tspmi.vu.lt\/en\/conferences\/annual-lithuanian-political-science-conference-2024\/"]}]},{"@type":"BreadcrumbList","@id":"https:\/\/www.tspmi.vu.lt\/en\/conferences\/annual-lithuanian-political-science-conference-2024\/#breadcrumb","itemListElement":[{"@type":"ListItem","position":1,"name":"Home","item":"https:\/\/www.tspmi.vu.lt\/en\/"},{"@type":"ListItem","position":2,"name":"Conferences","item":"https:\/\/www.tspmi.vu.lt\/en\/conferences\/"},{"@type":"ListItem","position":3,"name":"Annual Lithuanian Political Science Conference &#8220;The Year of Elections: Lithuania, Europe, the World&#8221; (archive)"}]},{"@type":"WebSite","@id":"https:\/\/www.tspmi.vu.lt\/#website","url":"https:\/\/www.tspmi.vu.lt\/","name":"TSPMI","description":"","publisher":{"@id":"https:\/\/www.tspmi.vu.lt\/#organization"},"alternateName":"Vilniaus universitetas","potentialAction":[{"@type":"SearchAction","target":{"@type":"EntryPoint","urlTemplate":"https:\/\/www.tspmi.vu.lt\/?s={search_term_string}"},"query-input":{"@type":"PropertyValueSpecification","valueRequired":true,"valueName":"search_term_string"}}],"inLanguage":"en-US"},{"@type":"Organization","@id":"https:\/\/www.tspmi.vu.lt\/#organization","name":"Tarptautini\u0173 santyki\u0173 ir politikos moksl\u0173 institutas","alternateName":"Vilniaus universitetas","url":"https:\/\/www.tspmi.vu.lt\/","logo":{"@type":"ImageObject","inLanguage":"en-US","@id":"https:\/\/www.tspmi.vu.lt\/#\/schema\/logo\/image\/","url":"https:\/\/www.tspmi.vu.lt\/wp-content\/uploads\/2021\/07\/LOGO-LT-COLOR.png","contentUrl":"https:\/\/www.tspmi.vu.lt\/wp-content\/uploads\/2021\/07\/LOGO-LT-COLOR.png","width":3860,"height":1405,"caption":"Tarptautini\u0173 santyki\u0173 ir politikos moksl\u0173 institutas"},"image":{"@id":"https:\/\/www.tspmi.vu.lt\/#\/schema\/logo\/image\/"},"sameAs":["https:\/\/www.facebook.com\/TSPMI\/","https:\/\/www.instagram.com\/vu_tspmi\/","https:\/\/lt.wikipedia.org\/wiki\/Vilniaus_universiteto_Tarptautini\u0173_santyki\u0173_ir_politikos_moksl\u0173_institutas"]}]}},"_links":{"self":[{"href":"https:\/\/www.tspmi.vu.lt\/en\/wp-json\/wp\/v2\/pages\/25290","targetHints":{"allow":["GET"]}}],"collection":[{"href":"https:\/\/www.tspmi.vu.lt\/en\/wp-json\/wp\/v2\/pages"}],"about":[{"href":"https:\/\/www.tspmi.vu.lt\/en\/wp-json\/wp\/v2\/types\/page"}],"author":[{"embeddable":true,"href":"https:\/\/www.tspmi.vu.lt\/en\/wp-json\/wp\/v2\/users\/5"}],"replies":[{"embeddable":true,"href":"https:\/\/www.tspmi.vu.lt\/en\/wp-json\/wp\/v2\/comments?post=25290"}],"version-history":[{"count":18,"href":"https:\/\/www.tspmi.vu.lt\/en\/wp-json\/wp\/v2\/pages\/25290\/revisions"}],"predecessor-version":[{"id":25885,"href":"https:\/\/www.tspmi.vu.lt\/en\/wp-json\/wp\/v2\/pages\/25290\/revisions\/25885"}],"up":[{"embeddable":true,"href":"https:\/\/www.tspmi.vu.lt\/en\/wp-json\/wp\/v2\/pages\/14229"}],"wp:attachment":[{"href":"https:\/\/www.tspmi.vu.lt\/en\/wp-json\/wp\/v2\/media?parent=25290"}],"curies":[{"name":"wp","href":"https:\/\/api.w.org\/{rel}","templated":true}]}}