{"id":23710,"date":"2023-11-07T11:36:59","date_gmt":"2023-11-07T09:36:59","guid":{"rendered":"https:\/\/www.tspmi.vu.lt\/?page_id=23710"},"modified":"2023-12-19T15:02:01","modified_gmt":"2023-12-19T13:02:01","slug":"annual-political-science-conference-2023","status":"publish","type":"page","link":"https:\/\/www.tspmi.vu.lt\/en\/conferences\/annual-political-science-conference-2023\/","title":{"rendered":"Annual Lithuanian Political Science Conference &#8220;The Echoes of Polycrisis in Lithuania and the World&#8221; (archive)"},"content":{"rendered":"","protected":false},"excerpt":{"rendered":"","protected":false},"author":1,"featured_media":0,"parent":14229,"menu_order":0,"comment_status":"closed","ping_status":"closed","template":"page-admission.php","meta":{"_acf_changed":false,"om_disable_all_campaigns":false,"footnotes":""},"class_list":["post-23710","page","type-page","status-publish","hentry"],"acf":{"info_blocks":[{"name":"About the conference","content_left":false,"content_right":[{"acf_fc_layout":"text_block","text":"<p>The war in Ukraine that shaken the European security architecture; violent storms and all-devouring fires as harbingers of an impending climate apocalypse; intractable price leaps and a general post-pandemic economic recession; intensifying global migration flows; aggressive and spreading authoritarian regimes; the development of artificial intelligence and other advanced technologies threatening to transform human, state, and societal relations. These signs testify that we are witnessing a multifaceted (or poly-) crisis.<\/p>\n<p>These and other circumstances not only raise existential challenges to contemporary democracies, and rule-based global order but necessitate Lithuania, like other small states, to closely monitor these changes and seek the best ways to respond to them. It is also valuable to expand the scope of analysis to assess how the same global phenomena are perceived in different regions.<\/p>\n<p>To consider these questions, the Association of Lithuanian Political Scientists and the Institute of International Relations and Political Science at Vilnius University organised the two-day annual Lithuanian Political Science Conference <strong>&#8220;The Echoes of Polycrisis in Lithuania and the World&#8221;<\/strong>, which took place at the Institute of International Relations and Political Science of Vilnius University on <strong>November 30 \u2013 December 1, 2023<\/strong>.<\/p>\n"}]},{"name":"Keynote speakers","content_left":false,"content_right":[{"acf_fc_layout":"text_block","text":"<p><img loading=\"lazy\" decoding=\"async\" class=\"alignnone size-medium wp-image-23708\" src=\"https:\/\/www.tspmi.vu.lt\/wp-content\/uploads\/2023\/11\/maria-1100x600-v2-300x164.jpg\" alt=\"\" width=\"300\" height=\"164\" srcset=\"https:\/\/www.tspmi.vu.lt\/wp-content\/uploads\/2023\/11\/maria-1100x600-v2-300x164.jpg 300w, https:\/\/www.tspmi.vu.lt\/wp-content\/uploads\/2023\/11\/maria-1100x600-v2-1024x559.jpg 1024w, https:\/\/www.tspmi.vu.lt\/wp-content\/uploads\/2023\/11\/maria-1100x600-v2-768x419.jpg 768w, https:\/\/www.tspmi.vu.lt\/wp-content\/uploads\/2023\/11\/maria-1100x600-v2-650x355.jpg 650w, https:\/\/www.tspmi.vu.lt\/wp-content\/uploads\/2023\/11\/maria-1100x600-v2.jpg 1100w\" sizes=\"auto, (max-width: 300px) 100vw, 300px\" \/><\/p>\n<p><a href=\"https:\/\/politicalscience.ku.dk\/staff\/Academic_staff\/?pure=en\/persons\/722206\">Maria M\u00e4lksoo<\/a> is a professor of the University of Copenhagen, whose research foci are in Critical Security Studies (ontological security, securitization of historical memory, hybrid warfare); political anthropology (liminality, rituals), and the political practice of deterrence, with a focus on NATO\u2019s eastern flank. Prof. M\u00e4lksoo is the Principal Investigator of the European Research Council&#8217;s Consolidator Grant RITUAL DETERRENCE (Ritual Action: Making Deterrence Matter in International Security and Memory Politics, 2022-2027). She is also the PI of the University of Copenhagen team in the Volkswagen Foundation-supported MEMOCRACY consortium (The Challenge of Populist Memory Politics of Europe: Towards Effective Responses to Militant Legislation on the Past, 2021-2024). She is the author of The Politics of Becoming European: A Study of Polish and Baltic Post-Cold War Security Imaginaries (Routledge, 2010), a co-author of Remembering Katyn (Polity, 2012) and an editor of the Handbook on the Politics of Memory (Edward Elgar, 2023).<\/p>\n"}]},{"name":"Programme of the conference","content_left":false,"content_right":[{"acf_fc_layout":"document_block","dokumentas":[{"document_name":"Programme of the conference","file_or_link":"file","file":"https:\/\/www.tspmi.vu.lt\/wp-content\/uploads\/2023\/11\/Metine-Lietuvos-politikos-mokslu-konferencija-\u201ePolikrizes-atgarsiai-Lietuvoje-ir-pasaulyje-1-1.pdf","link":""}]}]}]},"yoast_head":"<!-- This site is optimized with the Yoast SEO plugin v27.3 - https:\/\/yoast.com\/product\/yoast-seo-wordpress\/ -->\n<title>Annual Lithuanian Political Science Conference &quot;The Echoes of Polycrisis in Lithuania and the World&quot;<\/title>\n<meta name=\"description\" content=\"Annual Lithuanian Political Science Conference &quot;The Echoes of Polycrisis in Lithuania and the World&quot; will be held on November 30 \u2013 December 1, 2023.\" \/>\n<meta name=\"robots\" content=\"index, follow, max-snippet:-1, max-image-preview:large, max-video-preview:-1\" \/>\n<link rel=\"canonical\" href=\"https:\/\/www.tspmi.vu.lt\/en\/conferences\/annual-political-science-conference-2023\/\" \/>\n<meta property=\"og:locale\" content=\"en_US\" \/>\n<meta property=\"og:type\" content=\"article\" \/>\n<meta property=\"og:title\" content=\"Annual Lithuanian Political Science Conference &quot;The Echoes of Polycrisis in Lithuania and the World&quot;\" \/>\n<meta property=\"og:description\" content=\"Annual Lithuanian Political Science Conference &quot;The Echoes of Polycrisis in Lithuania and the World&quot; will be held on November 30 \u2013 December 1, 2023.\" \/>\n<meta property=\"og:url\" content=\"https:\/\/www.tspmi.vu.lt\/en\/conferences\/annual-political-science-conference-2023\/\" \/>\n<meta property=\"og:site_name\" content=\"TSPMI\" \/>\n<meta property=\"article:publisher\" content=\"https:\/\/www.facebook.com\/TSPMI\/\" \/>\n<meta property=\"article:modified_time\" content=\"2023-12-19T13:02:01+00:00\" \/>\n<meta property=\"og:image\" content=\"https:\/\/www.tspmi.vu.lt\/wp-content\/uploads\/Logos2021\/prie-para\u0161o-01-1.png\" \/>\n\t<meta property=\"og:image:width\" content=\"105\" \/>\n\t<meta property=\"og:image:height\" content=\"98\" \/>\n\t<meta property=\"og:image:type\" content=\"image\/png\" \/>\n<meta name=\"twitter:card\" content=\"summary_large_image\" \/>\n<script type=\"application\/ld+json\" class=\"yoast-schema-graph\">{\"@context\":\"https:\\\/\\\/schema.org\",\"@graph\":[{\"@type\":\"WebPage\",\"@id\":\"https:\\\/\\\/www.tspmi.vu.lt\\\/en\\\/conferences\\\/annual-political-science-conference-2023\\\/\",\"url\":\"https:\\\/\\\/www.tspmi.vu.lt\\\/en\\\/conferences\\\/annual-political-science-conference-2023\\\/\",\"name\":\"Annual Lithuanian Political Science Conference \\\"The Echoes of Polycrisis in Lithuania and the World\\\"\",\"isPartOf\":{\"@id\":\"https:\\\/\\\/www.tspmi.vu.lt\\\/#website\"},\"datePublished\":\"2023-11-07T09:36:59+00:00\",\"dateModified\":\"2023-12-19T13:02:01+00:00\",\"description\":\"Annual Lithuanian Political Science Conference \\\"The Echoes of Polycrisis in Lithuania and the World\\\" will be held on November 30 \u2013 December 1, 2023.\",\"breadcrumb\":{\"@id\":\"https:\\\/\\\/www.tspmi.vu.lt\\\/en\\\/conferences\\\/annual-political-science-conference-2023\\\/#breadcrumb\"},\"inLanguage\":\"en-US\",\"potentialAction\":[{\"@type\":\"ReadAction\",\"target\":[\"https:\\\/\\\/www.tspmi.vu.lt\\\/en\\\/conferences\\\/annual-political-science-conference-2023\\\/\"]}]},{\"@type\":\"BreadcrumbList\",\"@id\":\"https:\\\/\\\/www.tspmi.vu.lt\\\/en\\\/conferences\\\/annual-political-science-conference-2023\\\/#breadcrumb\",\"itemListElement\":[{\"@type\":\"ListItem\",\"position\":1,\"name\":\"Home\",\"item\":\"https:\\\/\\\/www.tspmi.vu.lt\\\/en\\\/\"},{\"@type\":\"ListItem\",\"position\":2,\"name\":\"Conferences\",\"item\":\"https:\\\/\\\/www.tspmi.vu.lt\\\/en\\\/conferences\\\/\"},{\"@type\":\"ListItem\",\"position\":3,\"name\":\"Annual Lithuanian Political Science Conference &#8220;The Echoes of Polycrisis in Lithuania and the World&#8221; (archive)\"}]},{\"@type\":\"WebSite\",\"@id\":\"https:\\\/\\\/www.tspmi.vu.lt\\\/#website\",\"url\":\"https:\\\/\\\/www.tspmi.vu.lt\\\/\",\"name\":\"TSPMI\",\"description\":\"\",\"publisher\":{\"@id\":\"https:\\\/\\\/www.tspmi.vu.lt\\\/#organization\"},\"alternateName\":\"Vilniaus universitetas\",\"potentialAction\":[{\"@type\":\"SearchAction\",\"target\":{\"@type\":\"EntryPoint\",\"urlTemplate\":\"https:\\\/\\\/www.tspmi.vu.lt\\\/?s={search_term_string}\"},\"query-input\":{\"@type\":\"PropertyValueSpecification\",\"valueRequired\":true,\"valueName\":\"search_term_string\"}}],\"inLanguage\":\"en-US\"},{\"@type\":\"Organization\",\"@id\":\"https:\\\/\\\/www.tspmi.vu.lt\\\/#organization\",\"name\":\"Tarptautini\u0173 santyki\u0173 ir politikos moksl\u0173 institutas\",\"alternateName\":\"Vilniaus universitetas\",\"url\":\"https:\\\/\\\/www.tspmi.vu.lt\\\/\",\"logo\":{\"@type\":\"ImageObject\",\"inLanguage\":\"en-US\",\"@id\":\"https:\\\/\\\/www.tspmi.vu.lt\\\/#\\\/schema\\\/logo\\\/image\\\/\",\"url\":\"https:\\\/\\\/www.tspmi.vu.lt\\\/wp-content\\\/uploads\\\/2021\\\/07\\\/LOGO-LT-COLOR.png\",\"contentUrl\":\"https:\\\/\\\/www.tspmi.vu.lt\\\/wp-content\\\/uploads\\\/2021\\\/07\\\/LOGO-LT-COLOR.png\",\"width\":3860,\"height\":1405,\"caption\":\"Tarptautini\u0173 santyki\u0173 ir politikos moksl\u0173 institutas\"},\"image\":{\"@id\":\"https:\\\/\\\/www.tspmi.vu.lt\\\/#\\\/schema\\\/logo\\\/image\\\/\"},\"sameAs\":[\"https:\\\/\\\/www.facebook.com\\\/TSPMI\\\/\",\"https:\\\/\\\/www.instagram.com\\\/vu_tspmi\\\/\",\"https:\\\/\\\/lt.wikipedia.org\\\/wiki\\\/Vilniaus_universiteto_Tarptautini\u0173_santyki\u0173_ir_politikos_moksl\u0173_institutas\"]}]}<\/script>\n<!-- \/ Yoast SEO plugin. -->","yoast_head_json":{"title":"Annual Lithuanian Political Science Conference \"The Echoes of Polycrisis in Lithuania and the World\"","description":"Annual Lithuanian Political Science Conference \"The Echoes of Polycrisis in Lithuania and the World\" will be held on November 30 \u2013 December 1, 2023.","robots":{"index":"index","follow":"follow","max-snippet":"max-snippet:-1","max-image-preview":"max-image-preview:large","max-video-preview":"max-video-preview:-1"},"canonical":"https:\/\/www.tspmi.vu.lt\/en\/conferences\/annual-political-science-conference-2023\/","og_locale":"en_US","og_type":"article","og_title":"Annual Lithuanian Political Science Conference \"The Echoes of Polycrisis in Lithuania and the World\"","og_description":"Annual Lithuanian Political Science Conference \"The Echoes of Polycrisis in Lithuania and the World\" will be held on November 30 \u2013 December 1, 2023.","og_url":"https:\/\/www.tspmi.vu.lt\/en\/conferences\/annual-political-science-conference-2023\/","og_site_name":"TSPMI","article_publisher":"https:\/\/www.facebook.com\/TSPMI\/","article_modified_time":"2023-12-19T13:02:01+00:00","og_image":[{"width":105,"height":98,"url":"https:\/\/www.tspmi.vu.lt\/wp-content\/uploads\/Logos2021\/prie-para\u0161o-01-1.png","type":"image\/png"}],"twitter_card":"summary_large_image","schema":{"@context":"https:\/\/schema.org","@graph":[{"@type":"WebPage","@id":"https:\/\/www.tspmi.vu.lt\/en\/conferences\/annual-political-science-conference-2023\/","url":"https:\/\/www.tspmi.vu.lt\/en\/conferences\/annual-political-science-conference-2023\/","name":"Annual Lithuanian Political Science Conference \"The Echoes of Polycrisis in Lithuania and the World\"","isPartOf":{"@id":"https:\/\/www.tspmi.vu.lt\/#website"},"datePublished":"2023-11-07T09:36:59+00:00","dateModified":"2023-12-19T13:02:01+00:00","description":"Annual Lithuanian Political Science Conference \"The Echoes of Polycrisis in Lithuania and the World\" will be held on November 30 \u2013 December 1, 2023.","breadcrumb":{"@id":"https:\/\/www.tspmi.vu.lt\/en\/conferences\/annual-political-science-conference-2023\/#breadcrumb"},"inLanguage":"en-US","potentialAction":[{"@type":"ReadAction","target":["https:\/\/www.tspmi.vu.lt\/en\/conferences\/annual-political-science-conference-2023\/"]}]},{"@type":"BreadcrumbList","@id":"https:\/\/www.tspmi.vu.lt\/en\/conferences\/annual-political-science-conference-2023\/#breadcrumb","itemListElement":[{"@type":"ListItem","position":1,"name":"Home","item":"https:\/\/www.tspmi.vu.lt\/en\/"},{"@type":"ListItem","position":2,"name":"Conferences","item":"https:\/\/www.tspmi.vu.lt\/en\/conferences\/"},{"@type":"ListItem","position":3,"name":"Annual Lithuanian Political Science Conference &#8220;The Echoes of Polycrisis in Lithuania and the World&#8221; (archive)"}]},{"@type":"WebSite","@id":"https:\/\/www.tspmi.vu.lt\/#website","url":"https:\/\/www.tspmi.vu.lt\/","name":"TSPMI","description":"","publisher":{"@id":"https:\/\/www.tspmi.vu.lt\/#organization"},"alternateName":"Vilniaus universitetas","potentialAction":[{"@type":"SearchAction","target":{"@type":"EntryPoint","urlTemplate":"https:\/\/www.tspmi.vu.lt\/?s={search_term_string}"},"query-input":{"@type":"PropertyValueSpecification","valueRequired":true,"valueName":"search_term_string"}}],"inLanguage":"en-US"},{"@type":"Organization","@id":"https:\/\/www.tspmi.vu.lt\/#organization","name":"Tarptautini\u0173 santyki\u0173 ir politikos moksl\u0173 institutas","alternateName":"Vilniaus universitetas","url":"https:\/\/www.tspmi.vu.lt\/","logo":{"@type":"ImageObject","inLanguage":"en-US","@id":"https:\/\/www.tspmi.vu.lt\/#\/schema\/logo\/image\/","url":"https:\/\/www.tspmi.vu.lt\/wp-content\/uploads\/2021\/07\/LOGO-LT-COLOR.png","contentUrl":"https:\/\/www.tspmi.vu.lt\/wp-content\/uploads\/2021\/07\/LOGO-LT-COLOR.png","width":3860,"height":1405,"caption":"Tarptautini\u0173 santyki\u0173 ir politikos moksl\u0173 institutas"},"image":{"@id":"https:\/\/www.tspmi.vu.lt\/#\/schema\/logo\/image\/"},"sameAs":["https:\/\/www.facebook.com\/TSPMI\/","https:\/\/www.instagram.com\/vu_tspmi\/","https:\/\/lt.wikipedia.org\/wiki\/Vilniaus_universiteto_Tarptautini\u0173_santyki\u0173_ir_politikos_moksl\u0173_institutas"]}]}},"_links":{"self":[{"href":"https:\/\/www.tspmi.vu.lt\/en\/wp-json\/wp\/v2\/pages\/23710","targetHints":{"allow":["GET"]}}],"collection":[{"href":"https:\/\/www.tspmi.vu.lt\/en\/wp-json\/wp\/v2\/pages"}],"about":[{"href":"https:\/\/www.tspmi.vu.lt\/en\/wp-json\/wp\/v2\/types\/page"}],"author":[{"embeddable":true,"href":"https:\/\/www.tspmi.vu.lt\/en\/wp-json\/wp\/v2\/users\/1"}],"replies":[{"embeddable":true,"href":"https:\/\/www.tspmi.vu.lt\/en\/wp-json\/wp\/v2\/comments?post=23710"}],"version-history":[{"count":16,"href":"https:\/\/www.tspmi.vu.lt\/en\/wp-json\/wp\/v2\/pages\/23710\/revisions"}],"predecessor-version":[{"id":23998,"href":"https:\/\/www.tspmi.vu.lt\/en\/wp-json\/wp\/v2\/pages\/23710\/revisions\/23998"}],"up":[{"embeddable":true,"href":"https:\/\/www.tspmi.vu.lt\/en\/wp-json\/wp\/v2\/pages\/14229"}],"wp:attachment":[{"href":"https:\/\/www.tspmi.vu.lt\/en\/wp-json\/wp\/v2\/media?parent=23710"}],"curies":[{"name":"wp","href":"https:\/\/api.w.org\/{rel}","templated":true}]}}