{"id":22417,"date":"2017-08-23T16:32:19","date_gmt":"2017-08-23T13:32:19","guid":{"rendered":"https:\/\/www.tspmi.vu.lt\/phd-studies\/doktoranturos-studiju-programa\/"},"modified":"2023-05-15T10:44:42","modified_gmt":"2023-05-15T07:44:42","slug":"phd-studies-programme","status":"publish","type":"page","link":"https:\/\/www.tspmi.vu.lt\/en\/phd-studies\/phd-studies-programme\/","title":{"rendered":"PhD studies programme"},"content":{"rendered":"","protected":false},"excerpt":{"rendered":"","protected":false},"author":1,"featured_media":0,"parent":7088,"menu_order":0,"comment_status":"closed","ping_status":"closed","template":"page-doctoral-studies-program.php","meta":{"_acf_changed":false,"om_disable_all_campaigns":false,"footnotes":""},"class_list":["post-22417","page","type-page","status-publish","hentry"],"acf":{"text":"PhD in Political Science is the highest level of political science studies aiming to train political scientists and develop the political science field in Lithuania. The PhD in Political Science process consists of doctoral studies, focused scientific research, and preparation of a PhD thesis. Political science doctoral studies are conducted following the study programme approved by the VU TSPMI Council and the Rector of Vilnius University. A doctoral student shall study at least three study courses. The courses are divided into compulsory and optional. In addition, TSPMI doctoral students are participating in a regularly held doctoral colloquium.","semester_things":[{"name":"The Logic of Social Science Research","credits":"11 ECTS","text":"A compulsory course for doctoral candidates at the Institute of International Relations and Political Science. It aims to introduce the fundamental epistemological, ontological and methodological debates in the social sciences.","program":"https:\/\/www.tspmi.vu.lt\/wp-content\/uploads\/2023\/05\/The-Logic-of-Social-Science-Research-1.pdf"},{"name":"Research Methods for Social Sciences and their Application","credits":"11 ECTS","text":"A compulsory course for doctoral candidates in the field of political science and sociology. The objective of the course is to introduce basic quantitative and qualitative methods in the social sciences and to provide the key skills for their practical application.","program":"https:\/\/www.tspmi.vu.lt\/wp-content\/uploads\/2023\/05\/Research-Methods-for-Social-Sciences.pdf"},{"name":"Public Policy and Administration","credits":"8 ECTS","text":"An optional course for doctoral candidates in political science. This course is focused on the analysis of public policy and administration.","program":"https:\/\/www.tspmi.vu.lt\/wp-content\/uploads\/2022\/03\/Public-Policy-and-Administration.pdf"},{"name":"Political Philosophy","credits":"8 ECTS","text":"An optional course for doctoral candidates in political science. This course is focused on the study of key authors in classical and contemporary political theory.","program":"https:\/\/www.tspmi.vu.lt\/wp-content\/uploads\/2022\/03\/Political-Philosophy.pdf"},{"name":"Contemporary Political Regimes","credits":"8 ECTS","text":"An optional course for doctoral candidates in political science. This course focuses on analysing contemporary political regimes, their typology and change.","program":"https:\/\/www.tspmi.vu.lt\/wp-content\/uploads\/2022\/03\/Contemporary-Political-Regimes.pdf"},{"name":"Cooperation and Integration in Europe","credits":"8 ECTS","text":"An optional course for doctoral candidates in political science. This course is focused on the purpose, institutional set-up, experience and evolution of international cooperation organisations on the European continent (the European Union, the Council of Europe, NATO, the OSCE and other sub-regional organisations).","program":"https:\/\/www.tspmi.vu.lt\/wp-content\/uploads\/2022\/03\/Cooperation-and-Integration-in-Europe.pdf"},{"name":"Theories of International Relations","credits":"8 ECTS","text":"An optional course for doctoral candidates in political science. This course focuses on the analysis and application of international relations theories and methodological debates in political science.","program":"https:\/\/www.tspmi.vu.lt\/wp-content\/uploads\/2022\/03\/Theories-of-International-Relations.pdf"},{"name":"Political Sociology","credits":"8 ECTS","text":"An optional course for doctoral candidates in political science. This course focuses on the sociological analysis of politics.","program":"https:\/\/www.tspmi.vu.lt\/wp-content\/uploads\/2022\/03\/Political-Sociology.pdf"}]},"yoast_head":"<!-- This site is optimized with the Yoast SEO plugin v27.3 - https:\/\/yoast.com\/product\/yoast-seo-wordpress\/ -->\n<title>Doktorant\u016bros studij\u0173 programa I VU TSPMI<\/title>\n<meta name=\"description\" content=\"VU TSPMI doktorant\u016bros studij\u0173 programa.\" \/>\n<meta name=\"robots\" content=\"index, follow, max-snippet:-1, max-image-preview:large, max-video-preview:-1\" \/>\n<link rel=\"canonical\" href=\"https:\/\/www.tspmi.vu.lt\/en\/phd-studies\/phd-studies-programme\/\" \/>\n<meta property=\"og:locale\" content=\"en_US\" \/>\n<meta property=\"og:type\" content=\"article\" \/>\n<meta property=\"og:title\" content=\"Doktorant\u016bros studij\u0173 programa I VU TSPMI\" \/>\n<meta property=\"og:description\" content=\"VU TSPMI doktorant\u016bros studij\u0173 programa.\" \/>\n<meta property=\"og:url\" content=\"https:\/\/www.tspmi.vu.lt\/en\/phd-studies\/phd-studies-programme\/\" \/>\n<meta property=\"og:site_name\" content=\"TSPMI\" \/>\n<meta property=\"article:publisher\" content=\"https:\/\/www.facebook.com\/TSPMI\/\" \/>\n<meta property=\"article:modified_time\" content=\"2023-05-15T07:44:42+00:00\" \/>\n<meta property=\"og:image\" content=\"https:\/\/www.tspmi.vu.lt\/wp-content\/uploads\/Logos2021\/prie-para\u0161o-01-1.png\" \/>\n\t<meta property=\"og:image:width\" content=\"105\" \/>\n\t<meta property=\"og:image:height\" content=\"98\" \/>\n\t<meta property=\"og:image:type\" content=\"image\/png\" \/>\n<meta name=\"twitter:card\" content=\"summary_large_image\" \/>\n<script type=\"application\/ld+json\" class=\"yoast-schema-graph\">{\"@context\":\"https:\\\/\\\/schema.org\",\"@graph\":[{\"@type\":\"WebPage\",\"@id\":\"https:\\\/\\\/www.tspmi.vu.lt\\\/en\\\/phd-studies\\\/phd-studies-programme\\\/\",\"url\":\"https:\\\/\\\/www.tspmi.vu.lt\\\/en\\\/phd-studies\\\/phd-studies-programme\\\/\",\"name\":\"Doktorant\u016bros studij\u0173 programa I VU TSPMI\",\"isPartOf\":{\"@id\":\"https:\\\/\\\/www.tspmi.vu.lt\\\/#website\"},\"datePublished\":\"2017-08-23T13:32:19+00:00\",\"dateModified\":\"2023-05-15T07:44:42+00:00\",\"description\":\"VU TSPMI doktorant\u016bros studij\u0173 programa.\",\"breadcrumb\":{\"@id\":\"https:\\\/\\\/www.tspmi.vu.lt\\\/en\\\/phd-studies\\\/phd-studies-programme\\\/#breadcrumb\"},\"inLanguage\":\"en-US\",\"potentialAction\":[{\"@type\":\"ReadAction\",\"target\":[\"https:\\\/\\\/www.tspmi.vu.lt\\\/en\\\/phd-studies\\\/phd-studies-programme\\\/\"]}]},{\"@type\":\"BreadcrumbList\",\"@id\":\"https:\\\/\\\/www.tspmi.vu.lt\\\/en\\\/phd-studies\\\/phd-studies-programme\\\/#breadcrumb\",\"itemListElement\":[{\"@type\":\"ListItem\",\"position\":1,\"name\":\"Home\",\"item\":\"https:\\\/\\\/www.tspmi.vu.lt\\\/en\\\/\"},{\"@type\":\"ListItem\",\"position\":2,\"name\":\"PhD studies\",\"item\":\"https:\\\/\\\/www.tspmi.vu.lt\\\/en\\\/phd-studies\\\/\"},{\"@type\":\"ListItem\",\"position\":3,\"name\":\"PhD studies programme\"}]},{\"@type\":\"WebSite\",\"@id\":\"https:\\\/\\\/www.tspmi.vu.lt\\\/#website\",\"url\":\"https:\\\/\\\/www.tspmi.vu.lt\\\/\",\"name\":\"TSPMI\",\"description\":\"\",\"publisher\":{\"@id\":\"https:\\\/\\\/www.tspmi.vu.lt\\\/#organization\"},\"alternateName\":\"Vilniaus universitetas\",\"potentialAction\":[{\"@type\":\"SearchAction\",\"target\":{\"@type\":\"EntryPoint\",\"urlTemplate\":\"https:\\\/\\\/www.tspmi.vu.lt\\\/?s={search_term_string}\"},\"query-input\":{\"@type\":\"PropertyValueSpecification\",\"valueRequired\":true,\"valueName\":\"search_term_string\"}}],\"inLanguage\":\"en-US\"},{\"@type\":\"Organization\",\"@id\":\"https:\\\/\\\/www.tspmi.vu.lt\\\/#organization\",\"name\":\"Tarptautini\u0173 santyki\u0173 ir politikos moksl\u0173 institutas\",\"alternateName\":\"Vilniaus universitetas\",\"url\":\"https:\\\/\\\/www.tspmi.vu.lt\\\/\",\"logo\":{\"@type\":\"ImageObject\",\"inLanguage\":\"en-US\",\"@id\":\"https:\\\/\\\/www.tspmi.vu.lt\\\/#\\\/schema\\\/logo\\\/image\\\/\",\"url\":\"https:\\\/\\\/www.tspmi.vu.lt\\\/wp-content\\\/uploads\\\/2021\\\/07\\\/LOGO-LT-COLOR.png\",\"contentUrl\":\"https:\\\/\\\/www.tspmi.vu.lt\\\/wp-content\\\/uploads\\\/2021\\\/07\\\/LOGO-LT-COLOR.png\",\"width\":3860,\"height\":1405,\"caption\":\"Tarptautini\u0173 santyki\u0173 ir politikos moksl\u0173 institutas\"},\"image\":{\"@id\":\"https:\\\/\\\/www.tspmi.vu.lt\\\/#\\\/schema\\\/logo\\\/image\\\/\"},\"sameAs\":[\"https:\\\/\\\/www.facebook.com\\\/TSPMI\\\/\",\"https:\\\/\\\/www.instagram.com\\\/vu_tspmi\\\/\",\"https:\\\/\\\/lt.wikipedia.org\\\/wiki\\\/Vilniaus_universiteto_Tarptautini\u0173_santyki\u0173_ir_politikos_moksl\u0173_institutas\"]}]}<\/script>\n<!-- \/ Yoast SEO plugin. -->","yoast_head_json":{"title":"Doktorant\u016bros studij\u0173 programa I VU TSPMI","description":"VU TSPMI doktorant\u016bros studij\u0173 programa.","robots":{"index":"index","follow":"follow","max-snippet":"max-snippet:-1","max-image-preview":"max-image-preview:large","max-video-preview":"max-video-preview:-1"},"canonical":"https:\/\/www.tspmi.vu.lt\/en\/phd-studies\/phd-studies-programme\/","og_locale":"en_US","og_type":"article","og_title":"Doktorant\u016bros studij\u0173 programa I VU TSPMI","og_description":"VU TSPMI doktorant\u016bros studij\u0173 programa.","og_url":"https:\/\/www.tspmi.vu.lt\/en\/phd-studies\/phd-studies-programme\/","og_site_name":"TSPMI","article_publisher":"https:\/\/www.facebook.com\/TSPMI\/","article_modified_time":"2023-05-15T07:44:42+00:00","og_image":[{"width":105,"height":98,"url":"https:\/\/www.tspmi.vu.lt\/wp-content\/uploads\/Logos2021\/prie-para\u0161o-01-1.png","type":"image\/png"}],"twitter_card":"summary_large_image","schema":{"@context":"https:\/\/schema.org","@graph":[{"@type":"WebPage","@id":"https:\/\/www.tspmi.vu.lt\/en\/phd-studies\/phd-studies-programme\/","url":"https:\/\/www.tspmi.vu.lt\/en\/phd-studies\/phd-studies-programme\/","name":"Doktorant\u016bros studij\u0173 programa I VU TSPMI","isPartOf":{"@id":"https:\/\/www.tspmi.vu.lt\/#website"},"datePublished":"2017-08-23T13:32:19+00:00","dateModified":"2023-05-15T07:44:42+00:00","description":"VU TSPMI doktorant\u016bros studij\u0173 programa.","breadcrumb":{"@id":"https:\/\/www.tspmi.vu.lt\/en\/phd-studies\/phd-studies-programme\/#breadcrumb"},"inLanguage":"en-US","potentialAction":[{"@type":"ReadAction","target":["https:\/\/www.tspmi.vu.lt\/en\/phd-studies\/phd-studies-programme\/"]}]},{"@type":"BreadcrumbList","@id":"https:\/\/www.tspmi.vu.lt\/en\/phd-studies\/phd-studies-programme\/#breadcrumb","itemListElement":[{"@type":"ListItem","position":1,"name":"Home","item":"https:\/\/www.tspmi.vu.lt\/en\/"},{"@type":"ListItem","position":2,"name":"PhD studies","item":"https:\/\/www.tspmi.vu.lt\/en\/phd-studies\/"},{"@type":"ListItem","position":3,"name":"PhD studies programme"}]},{"@type":"WebSite","@id":"https:\/\/www.tspmi.vu.lt\/#website","url":"https:\/\/www.tspmi.vu.lt\/","name":"TSPMI","description":"","publisher":{"@id":"https:\/\/www.tspmi.vu.lt\/#organization"},"alternateName":"Vilniaus universitetas","potentialAction":[{"@type":"SearchAction","target":{"@type":"EntryPoint","urlTemplate":"https:\/\/www.tspmi.vu.lt\/?s={search_term_string}"},"query-input":{"@type":"PropertyValueSpecification","valueRequired":true,"valueName":"search_term_string"}}],"inLanguage":"en-US"},{"@type":"Organization","@id":"https:\/\/www.tspmi.vu.lt\/#organization","name":"Tarptautini\u0173 santyki\u0173 ir politikos moksl\u0173 institutas","alternateName":"Vilniaus universitetas","url":"https:\/\/www.tspmi.vu.lt\/","logo":{"@type":"ImageObject","inLanguage":"en-US","@id":"https:\/\/www.tspmi.vu.lt\/#\/schema\/logo\/image\/","url":"https:\/\/www.tspmi.vu.lt\/wp-content\/uploads\/2021\/07\/LOGO-LT-COLOR.png","contentUrl":"https:\/\/www.tspmi.vu.lt\/wp-content\/uploads\/2021\/07\/LOGO-LT-COLOR.png","width":3860,"height":1405,"caption":"Tarptautini\u0173 santyki\u0173 ir politikos moksl\u0173 institutas"},"image":{"@id":"https:\/\/www.tspmi.vu.lt\/#\/schema\/logo\/image\/"},"sameAs":["https:\/\/www.facebook.com\/TSPMI\/","https:\/\/www.instagram.com\/vu_tspmi\/","https:\/\/lt.wikipedia.org\/wiki\/Vilniaus_universiteto_Tarptautini\u0173_santyki\u0173_ir_politikos_moksl\u0173_institutas"]}]}},"_links":{"self":[{"href":"https:\/\/www.tspmi.vu.lt\/en\/wp-json\/wp\/v2\/pages\/22417","targetHints":{"allow":["GET"]}}],"collection":[{"href":"https:\/\/www.tspmi.vu.lt\/en\/wp-json\/wp\/v2\/pages"}],"about":[{"href":"https:\/\/www.tspmi.vu.lt\/en\/wp-json\/wp\/v2\/types\/page"}],"author":[{"embeddable":true,"href":"https:\/\/www.tspmi.vu.lt\/en\/wp-json\/wp\/v2\/users\/1"}],"replies":[{"embeddable":true,"href":"https:\/\/www.tspmi.vu.lt\/en\/wp-json\/wp\/v2\/comments?post=22417"}],"version-history":[{"count":23,"href":"https:\/\/www.tspmi.vu.lt\/en\/wp-json\/wp\/v2\/pages\/22417\/revisions"}],"predecessor-version":[{"id":22817,"href":"https:\/\/www.tspmi.vu.lt\/en\/wp-json\/wp\/v2\/pages\/22417\/revisions\/22817"}],"up":[{"embeddable":true,"href":"https:\/\/www.tspmi.vu.lt\/en\/wp-json\/wp\/v2\/pages\/7088"}],"wp:attachment":[{"href":"https:\/\/www.tspmi.vu.lt\/en\/wp-json\/wp\/v2\/media?parent=22417"}],"curies":[{"name":"wp","href":"https:\/\/api.w.org\/{rel}","templated":true}]}}