{"id":17362,"date":"2023-02-13T13:45:46","date_gmt":"2023-02-13T11:45:46","guid":{"rendered":"https:\/\/www.tspmi.vu.lt\/?page_id=17362\/"},"modified":"2023-02-13T15:44:25","modified_gmt":"2023-02-13T13:44:25","slug":"annual-political-science-conference-2022","status":"publish","type":"page","link":"https:\/\/www.tspmi.vu.lt\/en\/conferences\/annual-political-science-conference-2022\/","title":{"rendered":"Annual Lithuanian Political Science Conference &#8220;Changes in World Order in the Face of Crises&#8221; (archive)"},"content":{"rendered":"","protected":false},"excerpt":{"rendered":"","protected":false},"author":1,"featured_media":0,"parent":14229,"menu_order":0,"comment_status":"closed","ping_status":"closed","template":"page-admission.php","meta":{"_acf_changed":false,"om_disable_all_campaigns":false,"footnotes":""},"class_list":["post-17362","page","type-page","status-publish","hentry"],"acf":{"info_blocks":[{"name":"About the conference","content_left":false,"content_right":[{"acf_fc_layout":"text_block","text":"<p><strong>Date<\/strong>: 8-9 December 2022<\/p>\n<p><strong>Venue: IIRPS VU, auditorium 402<\/strong><\/p>\n<p>As states face a never-ending series of international challenges and the consequences of these challenges for national policies, solutions are constantly being sought to manage these crises. In the face of such crises, dialogue between politicians, between different societal groups, and between scholars and experts is essential. In order to take stock of the changes in the national, regional and global order and the related decisions, including the two years of work of the Government of Lithuania, we invite you to the two-day Annual Lithuanian Political Science Conference.<\/p>\n"}]},{"name":"Program of the conference","content_left":false,"content_right":[{"acf_fc_layout":"document_block","dokumentas":[{"document_name":"Program of the conference (LT)","file_or_link":"file","file":"https:\/\/www.tspmi.vu.lt\/wp-content\/uploads\/2023\/02\/Metines-programa-2022.pdf","link":""}]}]},{"name":"Participants","content_left":false,"content_right":[{"acf_fc_layout":"text_block","text":"<p><strong>\u201cPolitics and Morality. The Question of Certainty\u201d<\/strong> \u2013 moderated by Dr. Gintas Karalius. Speakers: Dr. Simas \u010celutka, Prof. Alvydas Jokubaitis, Dr. Aist\u0117 Noreikait\u0117.<\/p>\n<p><strong>\u201cThe Significance of the Decisions of the Post-Communist Transformation Period for the Current Lithuanian Society\u201d<\/strong> \u2013 moderated by Dr. Jogil\u0117 Ulinskait\u0117. Speakers: Valda Budreckait\u0117, dr. Karolis Dambrauskas, dr. \u017dilvinas Martinaitis, \u00a0prof. Ain\u0117 Ramonait\u0117 ir Paulius Vijeikis.<\/p>\n<p><strong>\u201cWhat EU Reforms Does Lithuania (Not) Need?\u201d<\/strong> \u2013 moderated by Jean Monnet Chair prof. Ram\u016bnas Vilpi\u0161auskas. Speakers: Monika Gabalyt\u0117, K\u0119stutis Vanagas, Vincentas Botyrius, Ignas Rep\u010dys. Dr. Jovita Neliup\u0161ien\u0117, Deputy Minister of the Ministry of Foreign Affairs of Lithuania.<\/p>\n<p><strong>\u201cDiscourse Struggles in Lithuania and Ukraine\u201d<\/strong> \u2013 moderated by Associate Professor Dr. Nerija Putinait\u0117. Speakers: J\u016brat\u0117 Kavaliauskait\u0117, dr. Jogil\u0117 Ulinskait\u0117 ir Rosita Gar\u0161kait\u0117, Dr. Karolis Jonutis.<\/p>\n<p><strong>\u201cThe Impact of Significant Events on Public Policy and Institutional Change\u201d<\/strong> \u2013 moderated by Dr. Audron\u0117 Tele\u0161ien\u0117 and Jonas Survila. Speakers: Prof. Vitalis Nakro\u0161is, Inga Patkauskait\u0117-Tiuchtien\u0117, Rasa Bortkevi\u010di\u016bt\u0117, Jean Monnet Chair Prof. Ram\u016bnas Vilpi\u0161auskas.<\/p>\n<p><strong>\u201cWhat has the Government managed to do?\u201d<\/strong> A discussion to review the Government\u2019s two years of work. How much of the Government\u2019s programme has been implemented, have the priorities changed and what work lies ahead for the remainder of the term? The discussion will be attended by representatives of the 18th Government and experts from VU TSPMI.<\/p>\n<p><strong>\u201cAnalyses of the activities of Lithuanian political institutions\u201d<\/strong> \u2013 Prof. Ain\u0117 Ramonait\u0117. Speakers: dr. Vaidas Morkevi\u010dius ir Vytautas Valentinavi\u010dius, Audris Narbutas, Gabriel\u0117 Burbulyt\u0117-Tsiskarishvili.<\/p>\n<p><strong>\u201cPower Trajectories of Small States\u201d<\/strong> \u2013 moderated by Prof. Gediminas Vitkus. Speakers: dr. Ieva Grumbinait\u0117, doc. dr. Vytautas Isoda, dr. Mariusz Antonowicz, prof. Margarita \u0160e\u0161elgyt\u0117.<\/p>\n<p><strong>\u201cDebating the future of (post)liberal international order\u201d<\/strong> (session in English) \u2013 moderated by Prof. Dovil\u0117 Jakni\u016bnait\u0117. Speakers: dr. Thomas Peak, prof. Giedrius \u010cesnakas, doc. dr. Konstantinas Andrijauskas, doc. dr. Vytautas Kuok\u0161tis.<\/p>\n<p><strong>\u201cNational Defence as a Public Good\u201d<\/strong> \u2013 moderated by Dr. Giedrius \u010cesnakas. Speakers: doc. dr. Ieva Gajauskait\u0117, doc. dr. Ieva Karpavi\u010di\u016bt\u0117, doc. dr. Deividas \u0160lekys, doc. dr. Vytautas Kuok\u0161tis ir Ringail\u0117 Kuok\u0161tyt\u0117.<\/p>\n"}]},{"name":"Contacts","content_left":false,"content_right":[{"acf_fc_layout":"text_block","text":"<p>Conference e-mail: <a href=\"mailto:belarusconference2021@tspmi.vu.lt\">konferencijos@tspmi.vu.lt<\/a><\/p>\n"}]}]},"yoast_head":"<!-- This site is optimized with the Yoast SEO plugin v27.3 - https:\/\/yoast.com\/product\/yoast-seo-wordpress\/ -->\n<title>Annual Lithuanian Political Science Conference &quot;Changes in World Order in the Face of Crises&quot;<\/title>\n<meta name=\"description\" content=\"Annual Lithuanian Political Science Conference &quot;Changes in World Order in the Face of Crises&quot; will be held on 8-9 December, 2022.\" \/>\n<meta name=\"robots\" content=\"index, follow, max-snippet:-1, max-image-preview:large, max-video-preview:-1\" \/>\n<link rel=\"canonical\" href=\"https:\/\/www.tspmi.vu.lt\/en\/conferences\/annual-political-science-conference-2022\/\" \/>\n<meta property=\"og:locale\" content=\"en_US\" \/>\n<meta property=\"og:type\" content=\"article\" \/>\n<meta property=\"og:title\" content=\"Annual Lithuanian Political Science Conference &quot;Changes in World Order in the Face of Crises&quot;\" \/>\n<meta property=\"og:description\" content=\"Annual Lithuanian Political Science Conference &quot;Changes in World Order in the Face of Crises&quot; will be held on 8-9 December, 2022.\" \/>\n<meta property=\"og:url\" content=\"https:\/\/www.tspmi.vu.lt\/en\/conferences\/annual-political-science-conference-2022\/\" \/>\n<meta property=\"og:site_name\" content=\"TSPMI\" \/>\n<meta property=\"article:publisher\" content=\"https:\/\/www.facebook.com\/TSPMI\/\" \/>\n<meta property=\"article:modified_time\" content=\"2023-02-13T13:44:25+00:00\" \/>\n<meta property=\"og:image\" content=\"https:\/\/www.tspmi.vu.lt\/wp-content\/uploads\/Logos2021\/prie-para\u0161o-01-1.png\" \/>\n\t<meta property=\"og:image:width\" content=\"105\" \/>\n\t<meta property=\"og:image:height\" content=\"98\" \/>\n\t<meta property=\"og:image:type\" content=\"image\/png\" \/>\n<meta name=\"twitter:card\" content=\"summary_large_image\" \/>\n<script type=\"application\/ld+json\" class=\"yoast-schema-graph\">{\"@context\":\"https:\\\/\\\/schema.org\",\"@graph\":[{\"@type\":\"WebPage\",\"@id\":\"https:\\\/\\\/www.tspmi.vu.lt\\\/en\\\/conferences\\\/annual-political-science-conference-2022\\\/\",\"url\":\"https:\\\/\\\/www.tspmi.vu.lt\\\/en\\\/conferences\\\/annual-political-science-conference-2022\\\/\",\"name\":\"Annual Lithuanian Political Science Conference \\\"Changes in World Order in the Face of Crises\\\"\",\"isPartOf\":{\"@id\":\"https:\\\/\\\/www.tspmi.vu.lt\\\/#website\"},\"datePublished\":\"2023-02-13T11:45:46+00:00\",\"dateModified\":\"2023-02-13T13:44:25+00:00\",\"description\":\"Annual Lithuanian Political Science Conference \\\"Changes in World Order in the Face of Crises\\\" will be held on 8-9 December, 2022.\",\"breadcrumb\":{\"@id\":\"https:\\\/\\\/www.tspmi.vu.lt\\\/en\\\/conferences\\\/annual-political-science-conference-2022\\\/#breadcrumb\"},\"inLanguage\":\"en-US\",\"potentialAction\":[{\"@type\":\"ReadAction\",\"target\":[\"https:\\\/\\\/www.tspmi.vu.lt\\\/en\\\/conferences\\\/annual-political-science-conference-2022\\\/\"]}]},{\"@type\":\"BreadcrumbList\",\"@id\":\"https:\\\/\\\/www.tspmi.vu.lt\\\/en\\\/conferences\\\/annual-political-science-conference-2022\\\/#breadcrumb\",\"itemListElement\":[{\"@type\":\"ListItem\",\"position\":1,\"name\":\"Home\",\"item\":\"https:\\\/\\\/www.tspmi.vu.lt\\\/en\\\/\"},{\"@type\":\"ListItem\",\"position\":2,\"name\":\"Conferences\",\"item\":\"https:\\\/\\\/www.tspmi.vu.lt\\\/en\\\/conferences\\\/\"},{\"@type\":\"ListItem\",\"position\":3,\"name\":\"Annual Lithuanian Political Science Conference &#8220;Changes in World Order in the Face of Crises&#8221; (archive)\"}]},{\"@type\":\"WebSite\",\"@id\":\"https:\\\/\\\/www.tspmi.vu.lt\\\/#website\",\"url\":\"https:\\\/\\\/www.tspmi.vu.lt\\\/\",\"name\":\"TSPMI\",\"description\":\"\",\"publisher\":{\"@id\":\"https:\\\/\\\/www.tspmi.vu.lt\\\/#organization\"},\"alternateName\":\"Vilniaus universitetas\",\"potentialAction\":[{\"@type\":\"SearchAction\",\"target\":{\"@type\":\"EntryPoint\",\"urlTemplate\":\"https:\\\/\\\/www.tspmi.vu.lt\\\/?s={search_term_string}\"},\"query-input\":{\"@type\":\"PropertyValueSpecification\",\"valueRequired\":true,\"valueName\":\"search_term_string\"}}],\"inLanguage\":\"en-US\"},{\"@type\":\"Organization\",\"@id\":\"https:\\\/\\\/www.tspmi.vu.lt\\\/#organization\",\"name\":\"Tarptautini\u0173 santyki\u0173 ir politikos moksl\u0173 institutas\",\"alternateName\":\"Vilniaus universitetas\",\"url\":\"https:\\\/\\\/www.tspmi.vu.lt\\\/\",\"logo\":{\"@type\":\"ImageObject\",\"inLanguage\":\"en-US\",\"@id\":\"https:\\\/\\\/www.tspmi.vu.lt\\\/#\\\/schema\\\/logo\\\/image\\\/\",\"url\":\"https:\\\/\\\/www.tspmi.vu.lt\\\/wp-content\\\/uploads\\\/2021\\\/07\\\/LOGO-LT-COLOR.png\",\"contentUrl\":\"https:\\\/\\\/www.tspmi.vu.lt\\\/wp-content\\\/uploads\\\/2021\\\/07\\\/LOGO-LT-COLOR.png\",\"width\":3860,\"height\":1405,\"caption\":\"Tarptautini\u0173 santyki\u0173 ir politikos moksl\u0173 institutas\"},\"image\":{\"@id\":\"https:\\\/\\\/www.tspmi.vu.lt\\\/#\\\/schema\\\/logo\\\/image\\\/\"},\"sameAs\":[\"https:\\\/\\\/www.facebook.com\\\/TSPMI\\\/\",\"https:\\\/\\\/www.instagram.com\\\/vu_tspmi\\\/\",\"https:\\\/\\\/lt.wikipedia.org\\\/wiki\\\/Vilniaus_universiteto_Tarptautini\u0173_santyki\u0173_ir_politikos_moksl\u0173_institutas\"]}]}<\/script>\n<!-- \/ Yoast SEO plugin. -->","yoast_head_json":{"title":"Annual Lithuanian Political Science Conference \"Changes in World Order in the Face of Crises\"","description":"Annual Lithuanian Political Science Conference \"Changes in World Order in the Face of Crises\" will be held on 8-9 December, 2022.","robots":{"index":"index","follow":"follow","max-snippet":"max-snippet:-1","max-image-preview":"max-image-preview:large","max-video-preview":"max-video-preview:-1"},"canonical":"https:\/\/www.tspmi.vu.lt\/en\/conferences\/annual-political-science-conference-2022\/","og_locale":"en_US","og_type":"article","og_title":"Annual Lithuanian Political Science Conference \"Changes in World Order in the Face of Crises\"","og_description":"Annual Lithuanian Political Science Conference \"Changes in World Order in the Face of Crises\" will be held on 8-9 December, 2022.","og_url":"https:\/\/www.tspmi.vu.lt\/en\/conferences\/annual-political-science-conference-2022\/","og_site_name":"TSPMI","article_publisher":"https:\/\/www.facebook.com\/TSPMI\/","article_modified_time":"2023-02-13T13:44:25+00:00","og_image":[{"width":105,"height":98,"url":"https:\/\/www.tspmi.vu.lt\/wp-content\/uploads\/Logos2021\/prie-para\u0161o-01-1.png","type":"image\/png"}],"twitter_card":"summary_large_image","schema":{"@context":"https:\/\/schema.org","@graph":[{"@type":"WebPage","@id":"https:\/\/www.tspmi.vu.lt\/en\/conferences\/annual-political-science-conference-2022\/","url":"https:\/\/www.tspmi.vu.lt\/en\/conferences\/annual-political-science-conference-2022\/","name":"Annual Lithuanian Political Science Conference \"Changes in World Order in the Face of Crises\"","isPartOf":{"@id":"https:\/\/www.tspmi.vu.lt\/#website"},"datePublished":"2023-02-13T11:45:46+00:00","dateModified":"2023-02-13T13:44:25+00:00","description":"Annual Lithuanian Political Science Conference \"Changes in World Order in the Face of Crises\" will be held on 8-9 December, 2022.","breadcrumb":{"@id":"https:\/\/www.tspmi.vu.lt\/en\/conferences\/annual-political-science-conference-2022\/#breadcrumb"},"inLanguage":"en-US","potentialAction":[{"@type":"ReadAction","target":["https:\/\/www.tspmi.vu.lt\/en\/conferences\/annual-political-science-conference-2022\/"]}]},{"@type":"BreadcrumbList","@id":"https:\/\/www.tspmi.vu.lt\/en\/conferences\/annual-political-science-conference-2022\/#breadcrumb","itemListElement":[{"@type":"ListItem","position":1,"name":"Home","item":"https:\/\/www.tspmi.vu.lt\/en\/"},{"@type":"ListItem","position":2,"name":"Conferences","item":"https:\/\/www.tspmi.vu.lt\/en\/conferences\/"},{"@type":"ListItem","position":3,"name":"Annual Lithuanian Political Science Conference &#8220;Changes in World Order in the Face of Crises&#8221; (archive)"}]},{"@type":"WebSite","@id":"https:\/\/www.tspmi.vu.lt\/#website","url":"https:\/\/www.tspmi.vu.lt\/","name":"TSPMI","description":"","publisher":{"@id":"https:\/\/www.tspmi.vu.lt\/#organization"},"alternateName":"Vilniaus universitetas","potentialAction":[{"@type":"SearchAction","target":{"@type":"EntryPoint","urlTemplate":"https:\/\/www.tspmi.vu.lt\/?s={search_term_string}"},"query-input":{"@type":"PropertyValueSpecification","valueRequired":true,"valueName":"search_term_string"}}],"inLanguage":"en-US"},{"@type":"Organization","@id":"https:\/\/www.tspmi.vu.lt\/#organization","name":"Tarptautini\u0173 santyki\u0173 ir politikos moksl\u0173 institutas","alternateName":"Vilniaus universitetas","url":"https:\/\/www.tspmi.vu.lt\/","logo":{"@type":"ImageObject","inLanguage":"en-US","@id":"https:\/\/www.tspmi.vu.lt\/#\/schema\/logo\/image\/","url":"https:\/\/www.tspmi.vu.lt\/wp-content\/uploads\/2021\/07\/LOGO-LT-COLOR.png","contentUrl":"https:\/\/www.tspmi.vu.lt\/wp-content\/uploads\/2021\/07\/LOGO-LT-COLOR.png","width":3860,"height":1405,"caption":"Tarptautini\u0173 santyki\u0173 ir politikos moksl\u0173 institutas"},"image":{"@id":"https:\/\/www.tspmi.vu.lt\/#\/schema\/logo\/image\/"},"sameAs":["https:\/\/www.facebook.com\/TSPMI\/","https:\/\/www.instagram.com\/vu_tspmi\/","https:\/\/lt.wikipedia.org\/wiki\/Vilniaus_universiteto_Tarptautini\u0173_santyki\u0173_ir_politikos_moksl\u0173_institutas"]}]}},"_links":{"self":[{"href":"https:\/\/www.tspmi.vu.lt\/en\/wp-json\/wp\/v2\/pages\/17362","targetHints":{"allow":["GET"]}}],"collection":[{"href":"https:\/\/www.tspmi.vu.lt\/en\/wp-json\/wp\/v2\/pages"}],"about":[{"href":"https:\/\/www.tspmi.vu.lt\/en\/wp-json\/wp\/v2\/types\/page"}],"author":[{"embeddable":true,"href":"https:\/\/www.tspmi.vu.lt\/en\/wp-json\/wp\/v2\/users\/1"}],"replies":[{"embeddable":true,"href":"https:\/\/www.tspmi.vu.lt\/en\/wp-json\/wp\/v2\/comments?post=17362"}],"version-history":[{"count":5,"href":"https:\/\/www.tspmi.vu.lt\/en\/wp-json\/wp\/v2\/pages\/17362\/revisions"}],"predecessor-version":[{"id":21961,"href":"https:\/\/www.tspmi.vu.lt\/en\/wp-json\/wp\/v2\/pages\/17362\/revisions\/21961"}],"up":[{"embeddable":true,"href":"https:\/\/www.tspmi.vu.lt\/en\/wp-json\/wp\/v2\/pages\/14229"}],"wp:attachment":[{"href":"https:\/\/www.tspmi.vu.lt\/en\/wp-json\/wp\/v2\/media?parent=17362"}],"curies":[{"name":"wp","href":"https:\/\/api.w.org\/{rel}","templated":true}]}}