{"id":17049,"date":"2022-08-09T11:01:55","date_gmt":"2022-08-09T08:01:55","guid":{"rendered":"https:\/\/www.tspmi.vu.lt\/?page_id=17049\/"},"modified":"2024-04-30T11:08:05","modified_gmt":"2024-04-30T08:08:05","slug":"release-peace-magazine","status":"publish","type":"page","link":"https:\/\/www.tspmi.vu.lt\/en\/release-peace-magazine\/","title":{"rendered":"Release Peace magazine"},"content":{"rendered":"","protected":false},"excerpt":{"rendered":"","protected":false},"author":1,"featured_media":0,"parent":0,"menu_order":0,"comment_status":"closed","ping_status":"closed","template":"page-admission.php","meta":{"_acf_changed":false,"om_disable_all_campaigns":false,"footnotes":""},"class_list":["post-17049","page","type-page","status-publish","hentry"],"acf":{"info_blocks":[{"name":"Information","content_left":false,"content_right":[{"acf_fc_layout":"text_block","text":"<p>&nbsp;<\/p>\n<p><img loading=\"lazy\" decoding=\"async\" class=\"alignnone size-medium wp-image-17490\" src=\"https:\/\/www.tspmi.vu.lt\/wp-content\/uploads\/2022\/11\/Vilnius-University-Outreach-Release-Peace-300x300.jpg\" alt=\"\" width=\"300\" height=\"300\" srcset=\"https:\/\/www.tspmi.vu.lt\/wp-content\/uploads\/2022\/11\/Vilnius-University-Outreach-Release-Peace-300x300.jpg 300w, https:\/\/www.tspmi.vu.lt\/wp-content\/uploads\/2022\/11\/Vilnius-University-Outreach-Release-Peace-1024x1024.jpg 1024w, https:\/\/www.tspmi.vu.lt\/wp-content\/uploads\/2022\/11\/Vilnius-University-Outreach-Release-Peace-150x150.jpg 150w, https:\/\/www.tspmi.vu.lt\/wp-content\/uploads\/2022\/11\/Vilnius-University-Outreach-Release-Peace-768x768.jpg 768w, https:\/\/www.tspmi.vu.lt\/wp-content\/uploads\/2022\/11\/Vilnius-University-Outreach-Release-Peace-400x400.jpg 400w, https:\/\/www.tspmi.vu.lt\/wp-content\/uploads\/2022\/11\/Vilnius-University-Outreach-Release-Peace.jpg 1080w\" sizes=\"auto, (max-width: 300px) 100vw, 300px\" \/><\/p>\n<p>Release Peace is an NGO based in The Hague, Netherlands. Release Peace works in the international arena on Peace, Security, and Conflict Prevention. This includes projects on the ground, focused on West Africa, and advocacy at the international level, such as with the United Nations. Release Peace also works with academic institutions, other NGOs, and think tanks. Reaching substantially beyond its core work on Peace &amp; Conflict Prevention Release Peace has established an online magazine on a wide array of topics in international affairs that can be found <a href=\"https:\/\/releasepeace.org\/release-peace\/magazine\/\">here<\/a>. Whether your interest lies in geopolitics, women\u2019s empowerment, or underreported stories from countries that usually do not make it into the daily headlines: You can indulge yourself in the insightful articles of the magazine. Often shifting away from the rapid daily news cycle, the magazine seeks to provide background information and context to some of the world\u2019s most pressing issues.<\/p>\n<p>Most of the magazine\u2019s articles are written by students with Humanities or Social Sciences credentials and strong writing skills. As part of its 2022\/23 editorial strategy Release Peace will establish an article series on the Central and Eastern European region (CEE). Titled \u201cThe Heart of Europe\u201d, the series will shed light on the history, society, and geopolitics of the region. A key element of this series is to not limit itself to stories only affecting the CEE countries themselves. The role of the EU as well as outside powers like China or the US is perhaps more relevant than ever. In a new collaboration with Vilnius University students will be given the opportunity to publish articles in the magazine and get professional support from Release Peace\u2019s editors to improve their public writing skills. It will give students a unique possibility to have published articles.<\/p>\n<p>If you want to participate in the project please contact the head of the IIRPS VU Communication and international relations department coordinator Gra\u017eina \u0160irvyt\u0117-Belafatti<br \/>\ngrazina.sirvyte-belafatti@tspmi.vu.lt<\/p>\n"}]},{"name":"Introductory video","content_left":false,"content_right":[{"acf_fc_layout":"text_block","text":"<p><iframe loading=\"lazy\" title=\"Release Peace Magazine Outreach Video\" width=\"500\" height=\"281\" src=\"https:\/\/www.youtube.com\/embed\/2eSeC9z5h7I?feature=oembed\" frameborder=\"0\" allow=\"accelerometer; autoplay; clipboard-write; encrypted-media; gyroscope; picture-in-picture; web-share\" referrerpolicy=\"strict-origin-when-cross-origin\" allowfullscreen><\/iframe><\/p>\n"}]},{"name":"Published articles","content_left":false,"content_right":[{"acf_fc_layout":"text_block","text":"<p><a href=\"https:\/\/releasepeace.org\/domestic-violence-lithuania-and-the-istanbul-convention\/\">Eugenijus Krik\u0161\u010di\u016bnas, Domestic Violence, Lithuania, and the Istanbul Convention<\/a><\/p>\n<p><a href=\"https:\/\/releasepeace.org\/chinas-space-programme\/\">Mariam Kvartskhava, We Had a Closer Look at China&#8217;s Space Programme<\/a><\/p>\n<p><a href=\"https:\/\/releasepeace.org\/gender-dynamics-in-georgia\/?fbclid=IwAR1uK1bc0pQ3pgFG2nZi_ufJl7oRvArtBih6xrVtvTeQoKpaXU9uQ06wXDw\">Anastasia Kublashvili, Policies &amp; Practice: Gender Dynamics and Parental Leave Policies in Georgia<\/a><\/p>\n<p><a href=\"https:\/\/releasepeace.org\/how-cinema-helps-understand-history-a-portrait-of-a-decaying-russia\/?fbclid=IwAR16GrhnVtk7zD462EvGrqd52T9ur_GvLeC_S2BotjS74dNA0iT7NBBE2c4\">Fiachra Mac Canna, How Cinema Helps Understand History: A Portrait of a Decaying Russia<\/a><\/p>\n<p><a href=\"https:\/\/releasepeace.org\/the-sheer-power-of-small-states-punching-above-their-weights\/\">Neringa Mataityt\u0117, The Sheer Power of Small States Punching Above Their Weight: Lithuania and Denmark<\/a><\/p>\n<p><a href=\"https:\/\/releasepeace.org\/the-kremlin-and-the-russian-orthodox-church\/?fbclid=IwAR0ZRRe4vUFDmLdIluraoANDKMsdsLhwIec9PIoOlVT8QcV2FsRZE6zhJtg\">Fiachra Mac Canna, The Kremlin and the Russian Orthodox Church<\/a><\/p>\n<p><a href=\"https:\/\/www.tspmi.vu.lt\/en\/comments\/the-zelensky-phenomenon\/\">El\u017ebieta Kriau\u010di\u016bnait\u0117, The Zelensky Phenomenon<\/a><\/p>\n<p><a href=\"https:\/\/releasepeace.org\/russian-hybrid-warfare-against-georgia\/\">Tamta Pantsulaia, Where There is Light There is Darkness: Russian Hybrid Warfare Against Georgia<\/a><\/p>\n"}]}]},"yoast_head":"<!-- This site is optimized with the Yoast SEO plugin v27.3 - https:\/\/yoast.com\/product\/yoast-seo-wordpress\/ -->\n<title>Release Peace magazine - TSPMI<\/title>\n<meta name=\"robots\" content=\"index, follow, max-snippet:-1, max-image-preview:large, max-video-preview:-1\" \/>\n<link rel=\"canonical\" href=\"https:\/\/www.tspmi.vu.lt\/en\/release-peace-magazine\/\" \/>\n<meta property=\"og:locale\" content=\"en_US\" \/>\n<meta property=\"og:type\" content=\"article\" \/>\n<meta property=\"og:title\" content=\"Release Peace magazine - TSPMI\" \/>\n<meta property=\"og:url\" content=\"https:\/\/www.tspmi.vu.lt\/en\/release-peace-magazine\/\" \/>\n<meta property=\"og:site_name\" content=\"TSPMI\" \/>\n<meta property=\"article:publisher\" content=\"https:\/\/www.facebook.com\/TSPMI\/\" \/>\n<meta property=\"article:modified_time\" content=\"2024-04-30T08:08:05+00:00\" \/>\n<meta property=\"og:image\" content=\"https:\/\/www.tspmi.vu.lt\/wp-content\/uploads\/Logos2021\/prie-para\u0161o-01-1.png\" \/>\n\t<meta property=\"og:image:width\" content=\"105\" \/>\n\t<meta property=\"og:image:height\" content=\"98\" \/>\n\t<meta property=\"og:image:type\" content=\"image\/png\" \/>\n<meta name=\"twitter:card\" content=\"summary_large_image\" \/>\n<script type=\"application\/ld+json\" class=\"yoast-schema-graph\">{\"@context\":\"https:\\\/\\\/schema.org\",\"@graph\":[{\"@type\":\"WebPage\",\"@id\":\"https:\\\/\\\/www.tspmi.vu.lt\\\/en\\\/release-peace-magazine\\\/\",\"url\":\"https:\\\/\\\/www.tspmi.vu.lt\\\/en\\\/release-peace-magazine\\\/\",\"name\":\"Release Peace magazine - TSPMI\",\"isPartOf\":{\"@id\":\"https:\\\/\\\/www.tspmi.vu.lt\\\/#website\"},\"datePublished\":\"2022-08-09T08:01:55+00:00\",\"dateModified\":\"2024-04-30T08:08:05+00:00\",\"breadcrumb\":{\"@id\":\"https:\\\/\\\/www.tspmi.vu.lt\\\/en\\\/release-peace-magazine\\\/#breadcrumb\"},\"inLanguage\":\"en-US\",\"potentialAction\":[{\"@type\":\"ReadAction\",\"target\":[\"https:\\\/\\\/www.tspmi.vu.lt\\\/en\\\/release-peace-magazine\\\/\"]}]},{\"@type\":\"BreadcrumbList\",\"@id\":\"https:\\\/\\\/www.tspmi.vu.lt\\\/en\\\/release-peace-magazine\\\/#breadcrumb\",\"itemListElement\":[{\"@type\":\"ListItem\",\"position\":1,\"name\":\"Home\",\"item\":\"https:\\\/\\\/www.tspmi.vu.lt\\\/en\\\/\"},{\"@type\":\"ListItem\",\"position\":2,\"name\":\"Release Peace magazine\"}]},{\"@type\":\"WebSite\",\"@id\":\"https:\\\/\\\/www.tspmi.vu.lt\\\/#website\",\"url\":\"https:\\\/\\\/www.tspmi.vu.lt\\\/\",\"name\":\"TSPMI\",\"description\":\"\",\"publisher\":{\"@id\":\"https:\\\/\\\/www.tspmi.vu.lt\\\/#organization\"},\"alternateName\":\"Vilniaus universitetas\",\"potentialAction\":[{\"@type\":\"SearchAction\",\"target\":{\"@type\":\"EntryPoint\",\"urlTemplate\":\"https:\\\/\\\/www.tspmi.vu.lt\\\/?s={search_term_string}\"},\"query-input\":{\"@type\":\"PropertyValueSpecification\",\"valueRequired\":true,\"valueName\":\"search_term_string\"}}],\"inLanguage\":\"en-US\"},{\"@type\":\"Organization\",\"@id\":\"https:\\\/\\\/www.tspmi.vu.lt\\\/#organization\",\"name\":\"Tarptautini\u0173 santyki\u0173 ir politikos moksl\u0173 institutas\",\"alternateName\":\"Vilniaus universitetas\",\"url\":\"https:\\\/\\\/www.tspmi.vu.lt\\\/\",\"logo\":{\"@type\":\"ImageObject\",\"inLanguage\":\"en-US\",\"@id\":\"https:\\\/\\\/www.tspmi.vu.lt\\\/#\\\/schema\\\/logo\\\/image\\\/\",\"url\":\"https:\\\/\\\/www.tspmi.vu.lt\\\/wp-content\\\/uploads\\\/2021\\\/07\\\/LOGO-LT-COLOR.png\",\"contentUrl\":\"https:\\\/\\\/www.tspmi.vu.lt\\\/wp-content\\\/uploads\\\/2021\\\/07\\\/LOGO-LT-COLOR.png\",\"width\":3860,\"height\":1405,\"caption\":\"Tarptautini\u0173 santyki\u0173 ir politikos moksl\u0173 institutas\"},\"image\":{\"@id\":\"https:\\\/\\\/www.tspmi.vu.lt\\\/#\\\/schema\\\/logo\\\/image\\\/\"},\"sameAs\":[\"https:\\\/\\\/www.facebook.com\\\/TSPMI\\\/\",\"https:\\\/\\\/www.instagram.com\\\/vu_tspmi\\\/\",\"https:\\\/\\\/lt.wikipedia.org\\\/wiki\\\/Vilniaus_universiteto_Tarptautini\u0173_santyki\u0173_ir_politikos_moksl\u0173_institutas\"]}]}<\/script>\n<!-- \/ Yoast SEO plugin. -->","yoast_head_json":{"title":"Release Peace magazine - TSPMI","robots":{"index":"index","follow":"follow","max-snippet":"max-snippet:-1","max-image-preview":"max-image-preview:large","max-video-preview":"max-video-preview:-1"},"canonical":"https:\/\/www.tspmi.vu.lt\/en\/release-peace-magazine\/","og_locale":"en_US","og_type":"article","og_title":"Release Peace magazine - TSPMI","og_url":"https:\/\/www.tspmi.vu.lt\/en\/release-peace-magazine\/","og_site_name":"TSPMI","article_publisher":"https:\/\/www.facebook.com\/TSPMI\/","article_modified_time":"2024-04-30T08:08:05+00:00","og_image":[{"width":105,"height":98,"url":"https:\/\/www.tspmi.vu.lt\/wp-content\/uploads\/Logos2021\/prie-para\u0161o-01-1.png","type":"image\/png"}],"twitter_card":"summary_large_image","schema":{"@context":"https:\/\/schema.org","@graph":[{"@type":"WebPage","@id":"https:\/\/www.tspmi.vu.lt\/en\/release-peace-magazine\/","url":"https:\/\/www.tspmi.vu.lt\/en\/release-peace-magazine\/","name":"Release Peace magazine - TSPMI","isPartOf":{"@id":"https:\/\/www.tspmi.vu.lt\/#website"},"datePublished":"2022-08-09T08:01:55+00:00","dateModified":"2024-04-30T08:08:05+00:00","breadcrumb":{"@id":"https:\/\/www.tspmi.vu.lt\/en\/release-peace-magazine\/#breadcrumb"},"inLanguage":"en-US","potentialAction":[{"@type":"ReadAction","target":["https:\/\/www.tspmi.vu.lt\/en\/release-peace-magazine\/"]}]},{"@type":"BreadcrumbList","@id":"https:\/\/www.tspmi.vu.lt\/en\/release-peace-magazine\/#breadcrumb","itemListElement":[{"@type":"ListItem","position":1,"name":"Home","item":"https:\/\/www.tspmi.vu.lt\/en\/"},{"@type":"ListItem","position":2,"name":"Release Peace magazine"}]},{"@type":"WebSite","@id":"https:\/\/www.tspmi.vu.lt\/#website","url":"https:\/\/www.tspmi.vu.lt\/","name":"TSPMI","description":"","publisher":{"@id":"https:\/\/www.tspmi.vu.lt\/#organization"},"alternateName":"Vilniaus universitetas","potentialAction":[{"@type":"SearchAction","target":{"@type":"EntryPoint","urlTemplate":"https:\/\/www.tspmi.vu.lt\/?s={search_term_string}"},"query-input":{"@type":"PropertyValueSpecification","valueRequired":true,"valueName":"search_term_string"}}],"inLanguage":"en-US"},{"@type":"Organization","@id":"https:\/\/www.tspmi.vu.lt\/#organization","name":"Tarptautini\u0173 santyki\u0173 ir politikos moksl\u0173 institutas","alternateName":"Vilniaus universitetas","url":"https:\/\/www.tspmi.vu.lt\/","logo":{"@type":"ImageObject","inLanguage":"en-US","@id":"https:\/\/www.tspmi.vu.lt\/#\/schema\/logo\/image\/","url":"https:\/\/www.tspmi.vu.lt\/wp-content\/uploads\/2021\/07\/LOGO-LT-COLOR.png","contentUrl":"https:\/\/www.tspmi.vu.lt\/wp-content\/uploads\/2021\/07\/LOGO-LT-COLOR.png","width":3860,"height":1405,"caption":"Tarptautini\u0173 santyki\u0173 ir politikos moksl\u0173 institutas"},"image":{"@id":"https:\/\/www.tspmi.vu.lt\/#\/schema\/logo\/image\/"},"sameAs":["https:\/\/www.facebook.com\/TSPMI\/","https:\/\/www.instagram.com\/vu_tspmi\/","https:\/\/lt.wikipedia.org\/wiki\/Vilniaus_universiteto_Tarptautini\u0173_santyki\u0173_ir_politikos_moksl\u0173_institutas"]}]}},"_links":{"self":[{"href":"https:\/\/www.tspmi.vu.lt\/en\/wp-json\/wp\/v2\/pages\/17049","targetHints":{"allow":["GET"]}}],"collection":[{"href":"https:\/\/www.tspmi.vu.lt\/en\/wp-json\/wp\/v2\/pages"}],"about":[{"href":"https:\/\/www.tspmi.vu.lt\/en\/wp-json\/wp\/v2\/types\/page"}],"author":[{"embeddable":true,"href":"https:\/\/www.tspmi.vu.lt\/en\/wp-json\/wp\/v2\/users\/1"}],"replies":[{"embeddable":true,"href":"https:\/\/www.tspmi.vu.lt\/en\/wp-json\/wp\/v2\/comments?post=17049"}],"version-history":[{"count":12,"href":"https:\/\/www.tspmi.vu.lt\/en\/wp-json\/wp\/v2\/pages\/17049\/revisions"}],"predecessor-version":[{"id":24642,"href":"https:\/\/www.tspmi.vu.lt\/en\/wp-json\/wp\/v2\/pages\/17049\/revisions\/24642"}],"wp:attachment":[{"href":"https:\/\/www.tspmi.vu.lt\/en\/wp-json\/wp\/v2\/media?parent=17049"}],"curies":[{"name":"wp","href":"https:\/\/api.w.org\/{rel}","templated":true}]}}