{"id":16378,"date":"2023-02-13T16:21:42","date_gmt":"2023-02-13T14:21:42","guid":{"rendered":"https:\/\/www.tspmi.vu.lt\/?page_id=16378\/"},"modified":"2023-02-13T16:22:31","modified_gmt":"2023-02-13T14:22:31","slug":"annual-conference-2019","status":"publish","type":"page","link":"https:\/\/www.tspmi.vu.lt\/en\/conferences\/annual-conference-2019\/","title":{"rendered":"Lithuanian policy issues and research: Annual Lithuanian Political Science conference (archive)"},"content":{"rendered":"","protected":false},"excerpt":{"rendered":"","protected":false},"author":1,"featured_media":0,"parent":14229,"menu_order":0,"comment_status":"closed","ping_status":"closed","template":"page-admission.php","meta":{"_acf_changed":false,"om_disable_all_campaigns":false,"footnotes":""},"class_list":["post-16378","page","type-page","status-publish","hentry"],"acf":{"info_blocks":[{"name":"About the conference","content_left":false,"content_right":[{"acf_fc_layout":"text_block","text":"<p>The Institute of International Relations and Political Science of Vilnius University (VU TSPMI) and the Konrad Adenauer Stiftung (KAS) invite you to the annual conference of Lithuanian political scientists &#8220;Issues and Research in Lithuanian Politics&#8221;.<\/p>\n<p>The event will take place on <strong>6 December<\/strong> (Friday) at the VU TSPMI, Vokie\u010di\u0173 g. 10, Room 402. The meeting starts at 9.00 am. The event is open to the public.<\/p>\n"}]},{"name":"Program of the conference","content_left":false,"content_right":[{"acf_fc_layout":"text_block","text":"<p>The conference presentations and discussions will take place in five sessions devoted to the following topics:<\/p>\n<p>&#8220;<strong>Lithuanian Foreign Policy: meanings and opportunities for change<\/strong>.&#8221; &#8211; Moderated by Dr. Laurynas Jonavi\u010dius. Speakers: Prof. Tomas Janeli\u016bnas, Prof. Dovil\u0117 Jakni\u016bnait\u0117, Prof. Egl\u0117 Murauskait\u0117, Prof. Giedr\u0117 Bir\u017eyt\u0117, Assoc. Prof. Dr. Vytautas Kuok\u0161tis, Prof. Ram\u016bnas Vilpi\u0161auskas, Algirdas Bieli\u016bnas.<\/p>\n<p>&#8220;<strong>Opportunities for Citizen Involvement in Governance in Lithuania<\/strong>&#8221; &#8211; moderated by Assoc. Prof. Dr. Inga Vinogradnait\u0117. Speakers: dr. Vaidas Morkevi\u010dius, dr. Rimantas Rauleckas, dr. Giedrius \u017dvaliauskas, doc. dr. Egl\u0117 Butkevi\u010dien\u0117, Rasa Bortkevi\u010di\u016bt\u0117, prof. Vitalis Nakro\u0161is, dr. Donata Jovarauskien\u0117, dr. Rimantas Rauleckas, Gerda Baltutyt\u0117.<\/p>\n<p><strong>Discussion &#8220;What is the welfare state and what kind of welfare state do we want?&#8221;<\/strong> Introductory presentation by Dr. Jekaterina Navick\u0117. Moderated by Associate Professor Dr. Liutauras Gud\u017einskas. Participants: Viktorija \u010cmilyt\u0117-Nielsen (LRLS), Gabrielius Landsbergis (TS-LKD), Gintautas Paluckas (LSDP), Tomas Tomilinas (LV\u017dS).<\/p>\n<p>&#8220;<strong>Texts, Values and Ideologies<\/strong>&#8221; &#8211; moderated by Prof. Alvydas Jokubaitis. Speakers: doc. dr. Algimantas Jankauskas, prof. Ain\u0117 Ramonait\u0117, doc. dr. Liutauras Gud\u017einskas, J\u016brat\u0117 Kavaliauskait\u0117.<\/p>\n<p>&#8220;<strong>Lithuania&#8217;s Neighbours: Problems and Opportunities for Lithuania&#8217;s Security and Defence Policy<\/strong>&#8221; &#8211; moderated by Prof. Gediminas Vitkus. Speakers: dr. Gerda Jak\u0161tait\u0117, dr. Ieva Gajauskait\u0117, Juljan Jachovi\u010d, Romas \u0160vedas, dr. Justinas Juozaitis.<\/p>\n"}]}]},"yoast_head":"<!-- This site is optimized with the Yoast SEO plugin v27.3 - https:\/\/yoast.com\/product\/yoast-seo-wordpress\/ -->\n<title>Lithuanian policy issues and research: Annual Lithuanian Political Science conference<\/title>\n<meta name=\"description\" content=\"Lithuanian policy issues and research: Annual Lithuanian Political Science conference\" \/>\n<meta name=\"robots\" content=\"index, follow, max-snippet:-1, max-image-preview:large, max-video-preview:-1\" \/>\n<link rel=\"canonical\" href=\"https:\/\/www.tspmi.vu.lt\/en\/conferences\/annual-conference-2019\/\" \/>\n<meta property=\"og:locale\" content=\"en_US\" \/>\n<meta property=\"og:type\" content=\"article\" \/>\n<meta property=\"og:title\" content=\"Lithuanian policy issues and research: Annual Lithuanian Political Science conference\" \/>\n<meta property=\"og:description\" content=\"Lithuanian policy issues and research: Annual Lithuanian Political Science conference\" \/>\n<meta property=\"og:url\" content=\"https:\/\/www.tspmi.vu.lt\/en\/conferences\/annual-conference-2019\/\" \/>\n<meta property=\"og:site_name\" content=\"TSPMI\" \/>\n<meta property=\"article:publisher\" content=\"https:\/\/www.facebook.com\/TSPMI\/\" \/>\n<meta property=\"article:modified_time\" content=\"2023-02-13T14:22:31+00:00\" \/>\n<meta property=\"og:image\" content=\"https:\/\/www.tspmi.vu.lt\/wp-content\/uploads\/Logos2021\/prie-para\u0161o-01-1.png\" \/>\n\t<meta property=\"og:image:width\" content=\"105\" \/>\n\t<meta property=\"og:image:height\" content=\"98\" \/>\n\t<meta property=\"og:image:type\" content=\"image\/png\" \/>\n<meta name=\"twitter:card\" content=\"summary_large_image\" \/>\n<script type=\"application\/ld+json\" class=\"yoast-schema-graph\">{\"@context\":\"https:\\\/\\\/schema.org\",\"@graph\":[{\"@type\":\"WebPage\",\"@id\":\"https:\\\/\\\/www.tspmi.vu.lt\\\/en\\\/conferences\\\/annual-conference-2019\\\/\",\"url\":\"https:\\\/\\\/www.tspmi.vu.lt\\\/en\\\/conferences\\\/annual-conference-2019\\\/\",\"name\":\"Lithuanian policy issues and research: Annual Lithuanian Political Science conference\",\"isPartOf\":{\"@id\":\"https:\\\/\\\/www.tspmi.vu.lt\\\/#website\"},\"datePublished\":\"2023-02-13T14:21:42+00:00\",\"dateModified\":\"2023-02-13T14:22:31+00:00\",\"description\":\"Lithuanian policy issues and research: Annual Lithuanian Political Science conference\",\"breadcrumb\":{\"@id\":\"https:\\\/\\\/www.tspmi.vu.lt\\\/en\\\/conferences\\\/annual-conference-2019\\\/#breadcrumb\"},\"inLanguage\":\"en-US\",\"potentialAction\":[{\"@type\":\"ReadAction\",\"target\":[\"https:\\\/\\\/www.tspmi.vu.lt\\\/en\\\/conferences\\\/annual-conference-2019\\\/\"]}]},{\"@type\":\"BreadcrumbList\",\"@id\":\"https:\\\/\\\/www.tspmi.vu.lt\\\/en\\\/conferences\\\/annual-conference-2019\\\/#breadcrumb\",\"itemListElement\":[{\"@type\":\"ListItem\",\"position\":1,\"name\":\"Home\",\"item\":\"https:\\\/\\\/www.tspmi.vu.lt\\\/en\\\/\"},{\"@type\":\"ListItem\",\"position\":2,\"name\":\"Conferences\",\"item\":\"https:\\\/\\\/www.tspmi.vu.lt\\\/en\\\/conferences\\\/\"},{\"@type\":\"ListItem\",\"position\":3,\"name\":\"Lithuanian policy issues and research: Annual Lithuanian Political Science conference (archive)\"}]},{\"@type\":\"WebSite\",\"@id\":\"https:\\\/\\\/www.tspmi.vu.lt\\\/#website\",\"url\":\"https:\\\/\\\/www.tspmi.vu.lt\\\/\",\"name\":\"TSPMI\",\"description\":\"\",\"publisher\":{\"@id\":\"https:\\\/\\\/www.tspmi.vu.lt\\\/#organization\"},\"alternateName\":\"Vilniaus universitetas\",\"potentialAction\":[{\"@type\":\"SearchAction\",\"target\":{\"@type\":\"EntryPoint\",\"urlTemplate\":\"https:\\\/\\\/www.tspmi.vu.lt\\\/?s={search_term_string}\"},\"query-input\":{\"@type\":\"PropertyValueSpecification\",\"valueRequired\":true,\"valueName\":\"search_term_string\"}}],\"inLanguage\":\"en-US\"},{\"@type\":\"Organization\",\"@id\":\"https:\\\/\\\/www.tspmi.vu.lt\\\/#organization\",\"name\":\"Tarptautini\u0173 santyki\u0173 ir politikos moksl\u0173 institutas\",\"alternateName\":\"Vilniaus universitetas\",\"url\":\"https:\\\/\\\/www.tspmi.vu.lt\\\/\",\"logo\":{\"@type\":\"ImageObject\",\"inLanguage\":\"en-US\",\"@id\":\"https:\\\/\\\/www.tspmi.vu.lt\\\/#\\\/schema\\\/logo\\\/image\\\/\",\"url\":\"https:\\\/\\\/www.tspmi.vu.lt\\\/wp-content\\\/uploads\\\/2021\\\/07\\\/LOGO-LT-COLOR.png\",\"contentUrl\":\"https:\\\/\\\/www.tspmi.vu.lt\\\/wp-content\\\/uploads\\\/2021\\\/07\\\/LOGO-LT-COLOR.png\",\"width\":3860,\"height\":1405,\"caption\":\"Tarptautini\u0173 santyki\u0173 ir politikos moksl\u0173 institutas\"},\"image\":{\"@id\":\"https:\\\/\\\/www.tspmi.vu.lt\\\/#\\\/schema\\\/logo\\\/image\\\/\"},\"sameAs\":[\"https:\\\/\\\/www.facebook.com\\\/TSPMI\\\/\",\"https:\\\/\\\/www.instagram.com\\\/vu_tspmi\\\/\",\"https:\\\/\\\/lt.wikipedia.org\\\/wiki\\\/Vilniaus_universiteto_Tarptautini\u0173_santyki\u0173_ir_politikos_moksl\u0173_institutas\"]}]}<\/script>\n<!-- \/ Yoast SEO plugin. -->","yoast_head_json":{"title":"Lithuanian policy issues and research: Annual Lithuanian Political Science conference","description":"Lithuanian policy issues and research: Annual Lithuanian Political Science conference","robots":{"index":"index","follow":"follow","max-snippet":"max-snippet:-1","max-image-preview":"max-image-preview:large","max-video-preview":"max-video-preview:-1"},"canonical":"https:\/\/www.tspmi.vu.lt\/en\/conferences\/annual-conference-2019\/","og_locale":"en_US","og_type":"article","og_title":"Lithuanian policy issues and research: Annual Lithuanian Political Science conference","og_description":"Lithuanian policy issues and research: Annual Lithuanian Political Science conference","og_url":"https:\/\/www.tspmi.vu.lt\/en\/conferences\/annual-conference-2019\/","og_site_name":"TSPMI","article_publisher":"https:\/\/www.facebook.com\/TSPMI\/","article_modified_time":"2023-02-13T14:22:31+00:00","og_image":[{"width":105,"height":98,"url":"https:\/\/www.tspmi.vu.lt\/wp-content\/uploads\/Logos2021\/prie-para\u0161o-01-1.png","type":"image\/png"}],"twitter_card":"summary_large_image","schema":{"@context":"https:\/\/schema.org","@graph":[{"@type":"WebPage","@id":"https:\/\/www.tspmi.vu.lt\/en\/conferences\/annual-conference-2019\/","url":"https:\/\/www.tspmi.vu.lt\/en\/conferences\/annual-conference-2019\/","name":"Lithuanian policy issues and research: Annual Lithuanian Political Science conference","isPartOf":{"@id":"https:\/\/www.tspmi.vu.lt\/#website"},"datePublished":"2023-02-13T14:21:42+00:00","dateModified":"2023-02-13T14:22:31+00:00","description":"Lithuanian policy issues and research: Annual Lithuanian Political Science conference","breadcrumb":{"@id":"https:\/\/www.tspmi.vu.lt\/en\/conferences\/annual-conference-2019\/#breadcrumb"},"inLanguage":"en-US","potentialAction":[{"@type":"ReadAction","target":["https:\/\/www.tspmi.vu.lt\/en\/conferences\/annual-conference-2019\/"]}]},{"@type":"BreadcrumbList","@id":"https:\/\/www.tspmi.vu.lt\/en\/conferences\/annual-conference-2019\/#breadcrumb","itemListElement":[{"@type":"ListItem","position":1,"name":"Home","item":"https:\/\/www.tspmi.vu.lt\/en\/"},{"@type":"ListItem","position":2,"name":"Conferences","item":"https:\/\/www.tspmi.vu.lt\/en\/conferences\/"},{"@type":"ListItem","position":3,"name":"Lithuanian policy issues and research: Annual Lithuanian Political Science conference (archive)"}]},{"@type":"WebSite","@id":"https:\/\/www.tspmi.vu.lt\/#website","url":"https:\/\/www.tspmi.vu.lt\/","name":"TSPMI","description":"","publisher":{"@id":"https:\/\/www.tspmi.vu.lt\/#organization"},"alternateName":"Vilniaus universitetas","potentialAction":[{"@type":"SearchAction","target":{"@type":"EntryPoint","urlTemplate":"https:\/\/www.tspmi.vu.lt\/?s={search_term_string}"},"query-input":{"@type":"PropertyValueSpecification","valueRequired":true,"valueName":"search_term_string"}}],"inLanguage":"en-US"},{"@type":"Organization","@id":"https:\/\/www.tspmi.vu.lt\/#organization","name":"Tarptautini\u0173 santyki\u0173 ir politikos moksl\u0173 institutas","alternateName":"Vilniaus universitetas","url":"https:\/\/www.tspmi.vu.lt\/","logo":{"@type":"ImageObject","inLanguage":"en-US","@id":"https:\/\/www.tspmi.vu.lt\/#\/schema\/logo\/image\/","url":"https:\/\/www.tspmi.vu.lt\/wp-content\/uploads\/2021\/07\/LOGO-LT-COLOR.png","contentUrl":"https:\/\/www.tspmi.vu.lt\/wp-content\/uploads\/2021\/07\/LOGO-LT-COLOR.png","width":3860,"height":1405,"caption":"Tarptautini\u0173 santyki\u0173 ir politikos moksl\u0173 institutas"},"image":{"@id":"https:\/\/www.tspmi.vu.lt\/#\/schema\/logo\/image\/"},"sameAs":["https:\/\/www.facebook.com\/TSPMI\/","https:\/\/www.instagram.com\/vu_tspmi\/","https:\/\/lt.wikipedia.org\/wiki\/Vilniaus_universiteto_Tarptautini\u0173_santyki\u0173_ir_politikos_moksl\u0173_institutas"]}]}},"_links":{"self":[{"href":"https:\/\/www.tspmi.vu.lt\/en\/wp-json\/wp\/v2\/pages\/16378","targetHints":{"allow":["GET"]}}],"collection":[{"href":"https:\/\/www.tspmi.vu.lt\/en\/wp-json\/wp\/v2\/pages"}],"about":[{"href":"https:\/\/www.tspmi.vu.lt\/en\/wp-json\/wp\/v2\/types\/page"}],"author":[{"embeddable":true,"href":"https:\/\/www.tspmi.vu.lt\/en\/wp-json\/wp\/v2\/users\/1"}],"replies":[{"embeddable":true,"href":"https:\/\/www.tspmi.vu.lt\/en\/wp-json\/wp\/v2\/comments?post=16378"}],"version-history":[{"count":4,"href":"https:\/\/www.tspmi.vu.lt\/en\/wp-json\/wp\/v2\/pages\/16378\/revisions"}],"predecessor-version":[{"id":21995,"href":"https:\/\/www.tspmi.vu.lt\/en\/wp-json\/wp\/v2\/pages\/16378\/revisions\/21995"}],"up":[{"embeddable":true,"href":"https:\/\/www.tspmi.vu.lt\/en\/wp-json\/wp\/v2\/pages\/14229"}],"wp:attachment":[{"href":"https:\/\/www.tspmi.vu.lt\/en\/wp-json\/wp\/v2\/media?parent=16378"}],"curies":[{"name":"wp","href":"https:\/\/api.w.org\/{rel}","templated":true}]}}