{"id":16365,"date":"2023-02-13T16:01:28","date_gmt":"2023-02-13T14:01:28","guid":{"rendered":"https:\/\/www.tspmi.vu.lt\/?page_id=16365\/"},"modified":"2023-02-13T16:03:49","modified_gmt":"2023-02-13T14:03:49","slug":"annual-political-science-conference-2018","status":"publish","type":"page","link":"https:\/\/www.tspmi.vu.lt\/en\/conferences\/annual-political-science-conference-2018\/","title":{"rendered":"Annual Lithuanian Political Science Conference 2018 (archive)"},"content":{"rendered":"","protected":false},"excerpt":{"rendered":"","protected":false},"author":1,"featured_media":0,"parent":14229,"menu_order":0,"comment_status":"closed","ping_status":"closed","template":"page-admission.php","meta":{"_acf_changed":false,"om_disable_all_campaigns":false,"footnotes":""},"class_list":["post-16365","page","type-page","status-publish","hentry"],"acf":{"info_blocks":[{"name":"About the conference","content_left":false,"content_right":[{"acf_fc_layout":"text_block","text":"<p>The Institute of International Relations and Political Science of Vilnius University (IIRPS VU) and the Konrad Adenauer Stiftung (KAS) invite you to the annual conference of Lithuanian political scientists &#8220;Issues and Research in Lithuanian Politics&#8221;.<\/p>\n<p>The event will take place on 30 November (Friday) at the IIRPS VU, Vokie\u010di\u0173 str. 10, Room 402. Starting time: 10.00 am. The event is open to the public.<\/p>\n<p>2019 is an election year. Elections are a core institution of modern democracy. However, recently there has been more and more talk about the fact that the electoral system in Lithuania is flawed, and that the elections, their process and their results only show the pathologies of democracy. The victory of the Brexit vote in the referendum has raised fundamental questions about the fate of the European Union and Britain&#8217;s role in Europe. Brexit, the Russian threat and other political events and phenomena raise questions on a daily basis about Lithuania&#8217;s place in Europe and in the world, and whether Lithuania should change its foreign policy orientations and objectives.<\/p>\n"}]},{"name":"Program of the conference","content_left":false,"content_right":[{"acf_fc_layout":"text_block","text":"<p>The conference will consist of three sessions devoted to these topics:<\/p>\n<p><strong>&#8220;Do we need to reform the electoral system?&#8221;<\/strong> Moderated by Prof. Ain\u0117 Ramonait\u0117, research presented by Assoc. Prof. Dr. Ma\u017evydas Jastramskis, commentary by Member of the Seimas Au\u0161rin\u0117 Armonait\u0117, Vice Mayor of Vilnius Gintautas Paluckas, Assoc. Prof. Dr. Vincentas Vobolevi\u010dius.<\/p>\n<p><strong>&#8220;Should Brexit be a concern for Lithuania?&#8221;<\/strong> Moderated by Linas Kojala. The study is presented by Prof. Ram\u016bnas Vilpi\u0161auskas. Commentary by Deputy Minister of Foreign Affairs Albinas Zananavi\u010dius, Dr. \u017dygimantas Pavilionis, Marius Laurinavi\u010dius.<\/p>\n<p><strong>&#8220;Can Lithuania Have a Different Foreign Policy?&#8221;<\/strong> Moderated by Prof. Dr. Dovil\u0117 Jakni\u016bnait\u0117. The research is presented by Prof. Dr. Tomas Janeli\u016bnas, Assoc. Prof. Dr. Margarita \u0160e\u0161elgyt\u0117 and Neringa Bladait\u0117, commented by Paulius Grit\u0117nas and Egl\u0117 Murauskait\u0117<\/p>\n"}]},{"name":"Contacts","content_left":false,"content_right":[{"acf_fc_layout":"text_block","text":"<p>Conference e-mail: <a href=\"mailto:belarusconference2021@tspmi.vu.lt\">konferencijos@tspmi.vu.lt<\/a><\/p>\n"}]},{"name":"Program of the conference (LT)","content_left":false,"content_right":[{"acf_fc_layout":"document_block","dokumentas":[{"document_name":"Program of the conference","file_or_link":"file","file":"https:\/\/www.tspmi.vu.lt\/wp-content\/uploads\/2023\/02\/Metine-politologu-konferencija-2018-_Programa.pdf","link":""}]}]}]},"yoast_head":"<!-- This site is optimized with the Yoast SEO plugin v27.3 - https:\/\/yoast.com\/product\/yoast-seo-wordpress\/ -->\n<title>Annual Lithuanian Political Science Conference 2018<\/title>\n<meta name=\"description\" content=\"Annual Lithuanian Political Science Conference 2018 which will take place on 30 November, 2018, at the Institute of International Relations and Political Science.\" \/>\n<meta name=\"robots\" content=\"index, follow, max-snippet:-1, max-image-preview:large, max-video-preview:-1\" \/>\n<link rel=\"canonical\" href=\"https:\/\/www.tspmi.vu.lt\/en\/conferences\/annual-political-science-conference-2018\/\" \/>\n<meta property=\"og:locale\" content=\"en_US\" \/>\n<meta property=\"og:type\" content=\"article\" \/>\n<meta property=\"og:title\" content=\"Annual Lithuanian Political Science Conference 2018\" \/>\n<meta property=\"og:description\" content=\"Annual Lithuanian Political Science Conference 2018 which will take place on 30 November, 2018, at the Institute of International Relations and Political Science.\" \/>\n<meta property=\"og:url\" content=\"https:\/\/www.tspmi.vu.lt\/en\/conferences\/annual-political-science-conference-2018\/\" \/>\n<meta property=\"og:site_name\" content=\"TSPMI\" \/>\n<meta property=\"article:publisher\" content=\"https:\/\/www.facebook.com\/TSPMI\/\" \/>\n<meta property=\"article:modified_time\" content=\"2023-02-13T14:03:49+00:00\" \/>\n<meta property=\"og:image\" content=\"https:\/\/www.tspmi.vu.lt\/wp-content\/uploads\/Logos2021\/prie-para\u0161o-01-1.png\" \/>\n\t<meta property=\"og:image:width\" content=\"105\" \/>\n\t<meta property=\"og:image:height\" content=\"98\" \/>\n\t<meta property=\"og:image:type\" content=\"image\/png\" \/>\n<meta name=\"twitter:card\" content=\"summary_large_image\" \/>\n<script type=\"application\/ld+json\" class=\"yoast-schema-graph\">{\"@context\":\"https:\\\/\\\/schema.org\",\"@graph\":[{\"@type\":\"WebPage\",\"@id\":\"https:\\\/\\\/www.tspmi.vu.lt\\\/en\\\/conferences\\\/annual-political-science-conference-2018\\\/\",\"url\":\"https:\\\/\\\/www.tspmi.vu.lt\\\/en\\\/conferences\\\/annual-political-science-conference-2018\\\/\",\"name\":\"Annual Lithuanian Political Science Conference 2018\",\"isPartOf\":{\"@id\":\"https:\\\/\\\/www.tspmi.vu.lt\\\/#website\"},\"datePublished\":\"2023-02-13T14:01:28+00:00\",\"dateModified\":\"2023-02-13T14:03:49+00:00\",\"description\":\"Annual Lithuanian Political Science Conference 2018 which will take place on 30 November, 2018, at the Institute of International Relations and Political Science.\",\"breadcrumb\":{\"@id\":\"https:\\\/\\\/www.tspmi.vu.lt\\\/en\\\/conferences\\\/annual-political-science-conference-2018\\\/#breadcrumb\"},\"inLanguage\":\"en-US\",\"potentialAction\":[{\"@type\":\"ReadAction\",\"target\":[\"https:\\\/\\\/www.tspmi.vu.lt\\\/en\\\/conferences\\\/annual-political-science-conference-2018\\\/\"]}]},{\"@type\":\"BreadcrumbList\",\"@id\":\"https:\\\/\\\/www.tspmi.vu.lt\\\/en\\\/conferences\\\/annual-political-science-conference-2018\\\/#breadcrumb\",\"itemListElement\":[{\"@type\":\"ListItem\",\"position\":1,\"name\":\"Home\",\"item\":\"https:\\\/\\\/www.tspmi.vu.lt\\\/en\\\/\"},{\"@type\":\"ListItem\",\"position\":2,\"name\":\"Conferences\",\"item\":\"https:\\\/\\\/www.tspmi.vu.lt\\\/en\\\/conferences\\\/\"},{\"@type\":\"ListItem\",\"position\":3,\"name\":\"Annual Lithuanian Political Science Conference 2018 (archive)\"}]},{\"@type\":\"WebSite\",\"@id\":\"https:\\\/\\\/www.tspmi.vu.lt\\\/#website\",\"url\":\"https:\\\/\\\/www.tspmi.vu.lt\\\/\",\"name\":\"TSPMI\",\"description\":\"\",\"publisher\":{\"@id\":\"https:\\\/\\\/www.tspmi.vu.lt\\\/#organization\"},\"alternateName\":\"Vilniaus universitetas\",\"potentialAction\":[{\"@type\":\"SearchAction\",\"target\":{\"@type\":\"EntryPoint\",\"urlTemplate\":\"https:\\\/\\\/www.tspmi.vu.lt\\\/?s={search_term_string}\"},\"query-input\":{\"@type\":\"PropertyValueSpecification\",\"valueRequired\":true,\"valueName\":\"search_term_string\"}}],\"inLanguage\":\"en-US\"},{\"@type\":\"Organization\",\"@id\":\"https:\\\/\\\/www.tspmi.vu.lt\\\/#organization\",\"name\":\"Tarptautini\u0173 santyki\u0173 ir politikos moksl\u0173 institutas\",\"alternateName\":\"Vilniaus universitetas\",\"url\":\"https:\\\/\\\/www.tspmi.vu.lt\\\/\",\"logo\":{\"@type\":\"ImageObject\",\"inLanguage\":\"en-US\",\"@id\":\"https:\\\/\\\/www.tspmi.vu.lt\\\/#\\\/schema\\\/logo\\\/image\\\/\",\"url\":\"https:\\\/\\\/www.tspmi.vu.lt\\\/wp-content\\\/uploads\\\/2021\\\/07\\\/LOGO-LT-COLOR.png\",\"contentUrl\":\"https:\\\/\\\/www.tspmi.vu.lt\\\/wp-content\\\/uploads\\\/2021\\\/07\\\/LOGO-LT-COLOR.png\",\"width\":3860,\"height\":1405,\"caption\":\"Tarptautini\u0173 santyki\u0173 ir politikos moksl\u0173 institutas\"},\"image\":{\"@id\":\"https:\\\/\\\/www.tspmi.vu.lt\\\/#\\\/schema\\\/logo\\\/image\\\/\"},\"sameAs\":[\"https:\\\/\\\/www.facebook.com\\\/TSPMI\\\/\",\"https:\\\/\\\/www.instagram.com\\\/vu_tspmi\\\/\",\"https:\\\/\\\/lt.wikipedia.org\\\/wiki\\\/Vilniaus_universiteto_Tarptautini\u0173_santyki\u0173_ir_politikos_moksl\u0173_institutas\"]}]}<\/script>\n<!-- \/ Yoast SEO plugin. -->","yoast_head_json":{"title":"Annual Lithuanian Political Science Conference 2018","description":"Annual Lithuanian Political Science Conference 2018 which will take place on 30 November, 2018, at the Institute of International Relations and Political Science.","robots":{"index":"index","follow":"follow","max-snippet":"max-snippet:-1","max-image-preview":"max-image-preview:large","max-video-preview":"max-video-preview:-1"},"canonical":"https:\/\/www.tspmi.vu.lt\/en\/conferences\/annual-political-science-conference-2018\/","og_locale":"en_US","og_type":"article","og_title":"Annual Lithuanian Political Science Conference 2018","og_description":"Annual Lithuanian Political Science Conference 2018 which will take place on 30 November, 2018, at the Institute of International Relations and Political Science.","og_url":"https:\/\/www.tspmi.vu.lt\/en\/conferences\/annual-political-science-conference-2018\/","og_site_name":"TSPMI","article_publisher":"https:\/\/www.facebook.com\/TSPMI\/","article_modified_time":"2023-02-13T14:03:49+00:00","og_image":[{"width":105,"height":98,"url":"https:\/\/www.tspmi.vu.lt\/wp-content\/uploads\/Logos2021\/prie-para\u0161o-01-1.png","type":"image\/png"}],"twitter_card":"summary_large_image","schema":{"@context":"https:\/\/schema.org","@graph":[{"@type":"WebPage","@id":"https:\/\/www.tspmi.vu.lt\/en\/conferences\/annual-political-science-conference-2018\/","url":"https:\/\/www.tspmi.vu.lt\/en\/conferences\/annual-political-science-conference-2018\/","name":"Annual Lithuanian Political Science Conference 2018","isPartOf":{"@id":"https:\/\/www.tspmi.vu.lt\/#website"},"datePublished":"2023-02-13T14:01:28+00:00","dateModified":"2023-02-13T14:03:49+00:00","description":"Annual Lithuanian Political Science Conference 2018 which will take place on 30 November, 2018, at the Institute of International Relations and Political Science.","breadcrumb":{"@id":"https:\/\/www.tspmi.vu.lt\/en\/conferences\/annual-political-science-conference-2018\/#breadcrumb"},"inLanguage":"en-US","potentialAction":[{"@type":"ReadAction","target":["https:\/\/www.tspmi.vu.lt\/en\/conferences\/annual-political-science-conference-2018\/"]}]},{"@type":"BreadcrumbList","@id":"https:\/\/www.tspmi.vu.lt\/en\/conferences\/annual-political-science-conference-2018\/#breadcrumb","itemListElement":[{"@type":"ListItem","position":1,"name":"Home","item":"https:\/\/www.tspmi.vu.lt\/en\/"},{"@type":"ListItem","position":2,"name":"Conferences","item":"https:\/\/www.tspmi.vu.lt\/en\/conferences\/"},{"@type":"ListItem","position":3,"name":"Annual Lithuanian Political Science Conference 2018 (archive)"}]},{"@type":"WebSite","@id":"https:\/\/www.tspmi.vu.lt\/#website","url":"https:\/\/www.tspmi.vu.lt\/","name":"TSPMI","description":"","publisher":{"@id":"https:\/\/www.tspmi.vu.lt\/#organization"},"alternateName":"Vilniaus universitetas","potentialAction":[{"@type":"SearchAction","target":{"@type":"EntryPoint","urlTemplate":"https:\/\/www.tspmi.vu.lt\/?s={search_term_string}"},"query-input":{"@type":"PropertyValueSpecification","valueRequired":true,"valueName":"search_term_string"}}],"inLanguage":"en-US"},{"@type":"Organization","@id":"https:\/\/www.tspmi.vu.lt\/#organization","name":"Tarptautini\u0173 santyki\u0173 ir politikos moksl\u0173 institutas","alternateName":"Vilniaus universitetas","url":"https:\/\/www.tspmi.vu.lt\/","logo":{"@type":"ImageObject","inLanguage":"en-US","@id":"https:\/\/www.tspmi.vu.lt\/#\/schema\/logo\/image\/","url":"https:\/\/www.tspmi.vu.lt\/wp-content\/uploads\/2021\/07\/LOGO-LT-COLOR.png","contentUrl":"https:\/\/www.tspmi.vu.lt\/wp-content\/uploads\/2021\/07\/LOGO-LT-COLOR.png","width":3860,"height":1405,"caption":"Tarptautini\u0173 santyki\u0173 ir politikos moksl\u0173 institutas"},"image":{"@id":"https:\/\/www.tspmi.vu.lt\/#\/schema\/logo\/image\/"},"sameAs":["https:\/\/www.facebook.com\/TSPMI\/","https:\/\/www.instagram.com\/vu_tspmi\/","https:\/\/lt.wikipedia.org\/wiki\/Vilniaus_universiteto_Tarptautini\u0173_santyki\u0173_ir_politikos_moksl\u0173_institutas"]}]}},"_links":{"self":[{"href":"https:\/\/www.tspmi.vu.lt\/en\/wp-json\/wp\/v2\/pages\/16365","targetHints":{"allow":["GET"]}}],"collection":[{"href":"https:\/\/www.tspmi.vu.lt\/en\/wp-json\/wp\/v2\/pages"}],"about":[{"href":"https:\/\/www.tspmi.vu.lt\/en\/wp-json\/wp\/v2\/types\/page"}],"author":[{"embeddable":true,"href":"https:\/\/www.tspmi.vu.lt\/en\/wp-json\/wp\/v2\/users\/1"}],"replies":[{"embeddable":true,"href":"https:\/\/www.tspmi.vu.lt\/en\/wp-json\/wp\/v2\/comments?post=16365"}],"version-history":[{"count":3,"href":"https:\/\/www.tspmi.vu.lt\/en\/wp-json\/wp\/v2\/pages\/16365\/revisions"}],"predecessor-version":[{"id":21976,"href":"https:\/\/www.tspmi.vu.lt\/en\/wp-json\/wp\/v2\/pages\/16365\/revisions\/21976"}],"up":[{"embeddable":true,"href":"https:\/\/www.tspmi.vu.lt\/en\/wp-json\/wp\/v2\/pages\/14229"}],"wp:attachment":[{"href":"https:\/\/www.tspmi.vu.lt\/en\/wp-json\/wp\/v2\/media?parent=16365"}],"curies":[{"name":"wp","href":"https:\/\/api.w.org\/{rel}","templated":true}]}}