{"id":15713,"date":"2021-10-28T17:37:11","date_gmt":"2021-10-28T14:37:11","guid":{"rendered":"http:\/\/www.tspmi.vu.lt\/?page_id=15713\/"},"modified":"2025-06-09T12:46:50","modified_gmt":"2025-06-09T09:46:50","slug":"politics-global-challenges","status":"publish","type":"page","link":"https:\/\/www.tspmi.vu.lt\/en\/politics-global-challenges\/","title":{"rendered":"BA in Politics of Global Challenges"},"content":{"rendered":"","protected":false},"excerpt":{"rendered":"","protected":false},"author":1,"featured_media":0,"parent":0,"menu_order":0,"comment_status":"closed","ping_status":"closed","template":"page-master-studies.php","meta":{"_acf_changed":false,"om_disable_all_campaigns":false,"footnotes":""},"class_list":["post-15713","page","type-page","status-publish","hentry"],"acf":{"short_text":"Pandemics, migration, an aging population, rapid technological change, growing inequality, ecology, the crisis of democracy - we live in a rapidly changing global world. This programme aims to prepare professionals for future politics, who would not only be able to reach out to different groups but also bring them together. Take the lead to master the most important contemporary issues \u2013 start this journey with Vilnius university.","text":"<p><img loading=\"lazy\" decoding=\"async\" class=\"alignleft wp-image-15744\" src=\"http:\/\/www.tspmi.vu.lt\/wp-content\/uploads\/2021\/10\/Logo_color.png\" alt=\"\" width=\"252\" height=\"242\" srcset=\"https:\/\/www.tspmi.vu.lt\/wp-content\/uploads\/2021\/10\/Logo_color.png 840w, https:\/\/www.tspmi.vu.lt\/wp-content\/uploads\/2021\/10\/Logo_color-300x287.png 300w, https:\/\/www.tspmi.vu.lt\/wp-content\/uploads\/2021\/10\/Logo_color-768x735.png 768w, https:\/\/www.tspmi.vu.lt\/wp-content\/uploads\/2021\/10\/Logo_color-418x400.png 418w\" sizes=\"auto, (max-width: 252px) 100vw, 252px\" \/>Pandemics, migration, an aging population, rapid technological change, growing inequality, ecology, the crisis of democracy &#8211; we live in a rapidly changing global world. To solve this, it is no longer enough to work one by one, therefore, this programme aims to prepare professionals for future politics, who would not only be able to reach out to different groups (politicians, business representatives, non-governmental organizations, IT specialists, etc.) but also bring them together. Take the lead to master the most important contemporary issues \u2013 develop your soft skills and address the most crucial problems in today\u2019s complex world. Start this journey in the upcoming year with Vilnius university.<\/p>\n<p>More information about the programme can be found <a href=\"https:\/\/www.vu.lt\/en\/studies\/bachelor-and-integrated-studies\/politics-of-global-challenges\">here<\/a><\/p>\n","informacijos_blokeliai":[{"name":"Tuition Fee Waiver Offered by the Institute of International Relations and Political Science","content":[{"acf_fc_layout":"text_content_block","text":"<p>Tuition fee waiver will be awarded to the most motivated and competent international non-EU and non-European Economic Area student applying for the Bachelor\u2019s degree programme of Politics of Global Challenges. This scholarship only covers the full cost of the tuition fee.<\/p>\n<p><strong>Eligibility<\/strong>:<\/p>\n<ul>\n<li>Candidates must be non-EU and non-European Economic Area citizens who apply for Politics of Global Challenges study programme.<\/li>\n<li>Candidates cannot have other financial support covering tuition fee from other Lithuanian or Foreign organisations.<\/li>\n<\/ul>\n<p>Applicants must submit a written request, together with a motivational letter by e-mail\u00a0 <a class=\"fui-Link ___1rxvrpe f2hkw1w f3rmtva f1ewtqcl fyind8e f1k6fduh f1w7gpdv fk6fouc fjoy568 figsok6 f1hu3pq6 f11qmguv f19f4twv f1tyq0we f1g0x7ka fhxju0i f1qch9an f1cnd47f fqv5qza f1vmzxwi f1o700av f13mvf36 f1cmlufx f9n3di6 f1ids18y f1tx3yz7 f1deo86v f1eh06m1 f1iescvh fhgqx19 f1olyrje f1p93eir f1nev41a f1h8hb77 f1lqvz6u f10aw75t fsle3fq f17ae5zn\" title=\"mailto:vilius.mickunas@tspmi.vu.lt\" href=\"kristina.valente@tspmi.vu.lt\" target=\"_blank\" rel=\"noreferrer noopener\" aria-label=\"Link vilius.mickunas@tspmi.vu.lt\">kristina.valente@tspmi.vu.lt<\/a>. Application deadline for a tuition fee waiver is\u00a0<strong>15 th of May<\/strong>.\u00a0The final list of students who receive tuition waiver will be announced\u00a0<strong>no later than 1st of July<\/strong>.<\/p>\n"}]},{"name":"About the programme","content":[{"acf_fc_layout":"text_content_block","text":"<p>The programme focuses on the most pressing issues currently affecting the development of states and societies. During the programme, you will examine practical dilemmas arising because of transformations and innovations in society, technology, politics, and other areas. Teams of different scientists and lecturers will introduce you to the basics of philosophy, political science, biochemistry, technology, public administration, and IT. This knowledge will be vastly applicable on your way to your dream career. During your studies, you will learn to work in a team, develop persuasive and argumentative public speaking skills, and improve your presentation and creative writing competencies in various workshops. You will have the opportunity to spend at least one semester at the most advanced foreign universities, where you will have the opportunity to study today&#8217;s challenges and meet the best foreign experts in their fields in an international environment.<\/p>\n"}]},{"name":"What you can expect","content":[{"acf_fc_layout":"text_content_block","text":"<ul>\n<li>A rapidly evolving, competitive, international community<\/li>\n<li>Synthesis of social and exact sciences; &#8211; Possibility to master the most advanced social research methodologies and tools<\/li>\n<li>Studies focused on personal responsibility and leadership<\/li>\n<li>At least one semester at the most advanced universities abroad<\/li>\n<li>Opportunity to grow in an environment open to discussion and diversity of views<\/li>\n<\/ul>\n"}]},{"name":"Career opportunities and access to further studies","content":[{"acf_fc_layout":"text_content_block","text":"<p>Graduates of the <em>Politics of Global Challenges<\/em> programme will be able to fulfill themselves in innovative private businesses and public sector institutions in the fields of sustainability, innovation, ethics, risk management, environment, renewable resources, technology applications, as well as research companies, public relations agencies, and the media. Some graduates will be directly involved in national and international political decision-making and the implementation of political processes.<\/p>\n<p>Graduates of this study programme will be able to continue their studies in various master&#8217;s study programmes in the fields of social sciences and humanities or in interdisciplinary studies and later will be able to pursue a scientific or pedagogical degree.<\/p>\n"}]}],"heading":"Politikos moksl\u0173 studijos"},"yoast_head":"<!-- This site is optimized with the Yoast SEO plugin v27.3 - https:\/\/yoast.com\/product\/yoast-seo-wordpress\/ -->\n<title>BA in Politics of Global Challenges - TSPMI<\/title>\n<meta name=\"robots\" content=\"index, follow, max-snippet:-1, max-image-preview:large, max-video-preview:-1\" \/>\n<link rel=\"canonical\" href=\"https:\/\/www.tspmi.vu.lt\/en\/politics-global-challenges\/\" \/>\n<meta property=\"og:locale\" content=\"en_US\" \/>\n<meta property=\"og:type\" content=\"article\" \/>\n<meta property=\"og:title\" content=\"BA in Politics of Global Challenges - TSPMI\" \/>\n<meta property=\"og:url\" content=\"https:\/\/www.tspmi.vu.lt\/en\/politics-global-challenges\/\" \/>\n<meta property=\"og:site_name\" content=\"TSPMI\" \/>\n<meta property=\"article:publisher\" content=\"https:\/\/www.facebook.com\/TSPMI\/\" \/>\n<meta property=\"article:modified_time\" content=\"2025-06-09T09:46:50+00:00\" \/>\n<meta property=\"og:image\" content=\"https:\/\/www.tspmi.vu.lt\/wp-content\/uploads\/Logos2021\/prie-para\u0161o-01-1.png\" \/>\n\t<meta property=\"og:image:width\" content=\"105\" \/>\n\t<meta property=\"og:image:height\" content=\"98\" \/>\n\t<meta property=\"og:image:type\" content=\"image\/png\" \/>\n<meta name=\"twitter:card\" content=\"summary_large_image\" \/>\n<script type=\"application\/ld+json\" class=\"yoast-schema-graph\">{\"@context\":\"https:\\\/\\\/schema.org\",\"@graph\":[{\"@type\":\"WebPage\",\"@id\":\"https:\\\/\\\/www.tspmi.vu.lt\\\/en\\\/politics-global-challenges\\\/\",\"url\":\"https:\\\/\\\/www.tspmi.vu.lt\\\/en\\\/politics-global-challenges\\\/\",\"name\":\"BA in Politics of Global Challenges - TSPMI\",\"isPartOf\":{\"@id\":\"https:\\\/\\\/www.tspmi.vu.lt\\\/#website\"},\"datePublished\":\"2021-10-28T14:37:11+00:00\",\"dateModified\":\"2025-06-09T09:46:50+00:00\",\"breadcrumb\":{\"@id\":\"https:\\\/\\\/www.tspmi.vu.lt\\\/en\\\/politics-global-challenges\\\/#breadcrumb\"},\"inLanguage\":\"en-US\",\"potentialAction\":[{\"@type\":\"ReadAction\",\"target\":[\"https:\\\/\\\/www.tspmi.vu.lt\\\/en\\\/politics-global-challenges\\\/\"]}]},{\"@type\":\"BreadcrumbList\",\"@id\":\"https:\\\/\\\/www.tspmi.vu.lt\\\/en\\\/politics-global-challenges\\\/#breadcrumb\",\"itemListElement\":[{\"@type\":\"ListItem\",\"position\":1,\"name\":\"Home\",\"item\":\"https:\\\/\\\/www.tspmi.vu.lt\\\/en\\\/\"},{\"@type\":\"ListItem\",\"position\":2,\"name\":\"BA in Politics of Global Challenges\"}]},{\"@type\":\"WebSite\",\"@id\":\"https:\\\/\\\/www.tspmi.vu.lt\\\/#website\",\"url\":\"https:\\\/\\\/www.tspmi.vu.lt\\\/\",\"name\":\"TSPMI\",\"description\":\"\",\"publisher\":{\"@id\":\"https:\\\/\\\/www.tspmi.vu.lt\\\/#organization\"},\"alternateName\":\"Vilniaus universitetas\",\"potentialAction\":[{\"@type\":\"SearchAction\",\"target\":{\"@type\":\"EntryPoint\",\"urlTemplate\":\"https:\\\/\\\/www.tspmi.vu.lt\\\/?s={search_term_string}\"},\"query-input\":{\"@type\":\"PropertyValueSpecification\",\"valueRequired\":true,\"valueName\":\"search_term_string\"}}],\"inLanguage\":\"en-US\"},{\"@type\":\"Organization\",\"@id\":\"https:\\\/\\\/www.tspmi.vu.lt\\\/#organization\",\"name\":\"Tarptautini\u0173 santyki\u0173 ir politikos moksl\u0173 institutas\",\"alternateName\":\"Vilniaus universitetas\",\"url\":\"https:\\\/\\\/www.tspmi.vu.lt\\\/\",\"logo\":{\"@type\":\"ImageObject\",\"inLanguage\":\"en-US\",\"@id\":\"https:\\\/\\\/www.tspmi.vu.lt\\\/#\\\/schema\\\/logo\\\/image\\\/\",\"url\":\"https:\\\/\\\/www.tspmi.vu.lt\\\/wp-content\\\/uploads\\\/2021\\\/07\\\/LOGO-LT-COLOR.png\",\"contentUrl\":\"https:\\\/\\\/www.tspmi.vu.lt\\\/wp-content\\\/uploads\\\/2021\\\/07\\\/LOGO-LT-COLOR.png\",\"width\":3860,\"height\":1405,\"caption\":\"Tarptautini\u0173 santyki\u0173 ir politikos moksl\u0173 institutas\"},\"image\":{\"@id\":\"https:\\\/\\\/www.tspmi.vu.lt\\\/#\\\/schema\\\/logo\\\/image\\\/\"},\"sameAs\":[\"https:\\\/\\\/www.facebook.com\\\/TSPMI\\\/\",\"https:\\\/\\\/www.instagram.com\\\/vu_tspmi\\\/\",\"https:\\\/\\\/lt.wikipedia.org\\\/wiki\\\/Vilniaus_universiteto_Tarptautini\u0173_santyki\u0173_ir_politikos_moksl\u0173_institutas\"]}]}<\/script>\n<!-- \/ Yoast SEO plugin. -->","yoast_head_json":{"title":"BA in Politics of Global Challenges - TSPMI","robots":{"index":"index","follow":"follow","max-snippet":"max-snippet:-1","max-image-preview":"max-image-preview:large","max-video-preview":"max-video-preview:-1"},"canonical":"https:\/\/www.tspmi.vu.lt\/en\/politics-global-challenges\/","og_locale":"en_US","og_type":"article","og_title":"BA in Politics of Global Challenges - TSPMI","og_url":"https:\/\/www.tspmi.vu.lt\/en\/politics-global-challenges\/","og_site_name":"TSPMI","article_publisher":"https:\/\/www.facebook.com\/TSPMI\/","article_modified_time":"2025-06-09T09:46:50+00:00","og_image":[{"width":105,"height":98,"url":"https:\/\/www.tspmi.vu.lt\/wp-content\/uploads\/Logos2021\/prie-para\u0161o-01-1.png","type":"image\/png"}],"twitter_card":"summary_large_image","schema":{"@context":"https:\/\/schema.org","@graph":[{"@type":"WebPage","@id":"https:\/\/www.tspmi.vu.lt\/en\/politics-global-challenges\/","url":"https:\/\/www.tspmi.vu.lt\/en\/politics-global-challenges\/","name":"BA in Politics of Global Challenges - TSPMI","isPartOf":{"@id":"https:\/\/www.tspmi.vu.lt\/#website"},"datePublished":"2021-10-28T14:37:11+00:00","dateModified":"2025-06-09T09:46:50+00:00","breadcrumb":{"@id":"https:\/\/www.tspmi.vu.lt\/en\/politics-global-challenges\/#breadcrumb"},"inLanguage":"en-US","potentialAction":[{"@type":"ReadAction","target":["https:\/\/www.tspmi.vu.lt\/en\/politics-global-challenges\/"]}]},{"@type":"BreadcrumbList","@id":"https:\/\/www.tspmi.vu.lt\/en\/politics-global-challenges\/#breadcrumb","itemListElement":[{"@type":"ListItem","position":1,"name":"Home","item":"https:\/\/www.tspmi.vu.lt\/en\/"},{"@type":"ListItem","position":2,"name":"BA in Politics of Global Challenges"}]},{"@type":"WebSite","@id":"https:\/\/www.tspmi.vu.lt\/#website","url":"https:\/\/www.tspmi.vu.lt\/","name":"TSPMI","description":"","publisher":{"@id":"https:\/\/www.tspmi.vu.lt\/#organization"},"alternateName":"Vilniaus universitetas","potentialAction":[{"@type":"SearchAction","target":{"@type":"EntryPoint","urlTemplate":"https:\/\/www.tspmi.vu.lt\/?s={search_term_string}"},"query-input":{"@type":"PropertyValueSpecification","valueRequired":true,"valueName":"search_term_string"}}],"inLanguage":"en-US"},{"@type":"Organization","@id":"https:\/\/www.tspmi.vu.lt\/#organization","name":"Tarptautini\u0173 santyki\u0173 ir politikos moksl\u0173 institutas","alternateName":"Vilniaus universitetas","url":"https:\/\/www.tspmi.vu.lt\/","logo":{"@type":"ImageObject","inLanguage":"en-US","@id":"https:\/\/www.tspmi.vu.lt\/#\/schema\/logo\/image\/","url":"https:\/\/www.tspmi.vu.lt\/wp-content\/uploads\/2021\/07\/LOGO-LT-COLOR.png","contentUrl":"https:\/\/www.tspmi.vu.lt\/wp-content\/uploads\/2021\/07\/LOGO-LT-COLOR.png","width":3860,"height":1405,"caption":"Tarptautini\u0173 santyki\u0173 ir politikos moksl\u0173 institutas"},"image":{"@id":"https:\/\/www.tspmi.vu.lt\/#\/schema\/logo\/image\/"},"sameAs":["https:\/\/www.facebook.com\/TSPMI\/","https:\/\/www.instagram.com\/vu_tspmi\/","https:\/\/lt.wikipedia.org\/wiki\/Vilniaus_universiteto_Tarptautini\u0173_santyki\u0173_ir_politikos_moksl\u0173_institutas"]}]}},"_links":{"self":[{"href":"https:\/\/www.tspmi.vu.lt\/en\/wp-json\/wp\/v2\/pages\/15713","targetHints":{"allow":["GET"]}}],"collection":[{"href":"https:\/\/www.tspmi.vu.lt\/en\/wp-json\/wp\/v2\/pages"}],"about":[{"href":"https:\/\/www.tspmi.vu.lt\/en\/wp-json\/wp\/v2\/types\/page"}],"author":[{"embeddable":true,"href":"https:\/\/www.tspmi.vu.lt\/en\/wp-json\/wp\/v2\/users\/1"}],"replies":[{"embeddable":true,"href":"https:\/\/www.tspmi.vu.lt\/en\/wp-json\/wp\/v2\/comments?post=15713"}],"version-history":[{"count":10,"href":"https:\/\/www.tspmi.vu.lt\/en\/wp-json\/wp\/v2\/pages\/15713\/revisions"}],"predecessor-version":[{"id":26451,"href":"https:\/\/www.tspmi.vu.lt\/en\/wp-json\/wp\/v2\/pages\/15713\/revisions\/26451"}],"wp:attachment":[{"href":"https:\/\/www.tspmi.vu.lt\/en\/wp-json\/wp\/v2\/media?parent=15713"}],"curies":[{"name":"wp","href":"https:\/\/api.w.org\/{rel}","templated":true}]}}