{"id":13811,"date":"2020-12-04T10:39:23","date_gmt":"2020-12-04T08:39:23","guid":{"rendered":"http:\/\/www.tspmi.vu.lt\/?page_id=13811\/"},"modified":"2020-12-04T10:40:36","modified_gmt":"2020-12-04T08:40:36","slug":"prevention-sexual-harassment","status":"publish","type":"page","link":"https:\/\/www.tspmi.vu.lt\/en\/prevention-sexual-harassment\/","title":{"rendered":"Prevention of sexual harassment"},"content":{"rendered":"<p>A safe environment is crucially important for the academic and social life of the community of the IIRPS VU, hence we condemn any sexual harassment in any form and we aim to ensure that every member of the community feels safe at the Institute.<\/p>\n<p>If an event of sexual harassment transpires in the environment of IIRPS VU, we are to follow <a href=\"https:\/\/www.tspmi.vu.lt\/en\/about-us\/\">the values declared by the IIRPS VU<\/a> and <a href=\"https:\/\/www.vu.lt\/site_files\/Studies\/Study_regulations\/Code_of_academic_ethics_VU.pdf\">the Code of Academic Ethics of Vilnius University<\/a>, and we are to immediately begin an investigation in the framework of the IIRPS VU Academic Ethics Commission.<\/p>\n<p><strong>According to <\/strong><a href=\"https:\/\/e-seimas.lrs.lt\/portal\/legalAct\/lt\/TAD\/488fe061a7c611e59010bea026bdb259?jfwid=-ucusi45bn\"><strong>the Republic of Lithuania Law on Equal Opportunities for Women and Men<\/strong><\/a><strong>:<\/strong><\/p>\n<p>\u201cSexual harassment means any form of unwanted and insulting verbal, written or physical conduct of a sexual nature with a person, with the purpose or effect of violating the dignity of a person, in particular when creating an intimidating, hostile, humiliating or offensive environment.\u201d<\/p>\n<p><strong>\u00a0According to the information provided by Vilnius University, attributes of sexual harassment are: <\/strong><\/p>\n<ul>\n<li>Power disproportion between harasser and individual who is being harassed (i. e. lecturer \u2013 student; supervisor \u2013 subordinate, etc.);<\/li>\n<li>The behavior that violates dignity, is unwanted and insulting;<\/li>\n<li>Various unwanted actions in the following forms of sexual harassment: physical (touching, hugging, kissing), verbal (sexually suggestive remarks, jokes, insulting questions related to a private life), non-verbal (showing sexual photographs and videos, lustful staring, gestures), virtual (sending private or public messages with sexual content).<\/li>\n<\/ul>\n<p><strong>Reporting harassment or discrimination: <\/strong><\/p>\n<p>Were you to encounter any type of sexual harassment, please report this immediately. We understand that it may not be easy to report these kinds of situations, hence confidentiality and privacy will be ensured during the entire process. The details of the report can be disclosed only to those staff members who will be involved in the investigation if that is needed. If you encountered such a situation, please inform the <strong>Chair of the IIRPS VU Academic Ethics Commission Johanas Baltrimas (<\/strong><a href=\"mailto:Johanas.baltrimas@tf.vu.lt\"><strong>Johanas.baltrimas@tf.vu.lt<\/strong><\/a><strong>)<\/strong>.<\/p>\n<p>In case of false accusations and information, an investigation will not be started.<\/p>\n<p>At the Institute, we provide preventive educational meetings on sexual harassment or discrimination. We also support various students\u2019 initiatives which are intended for talking about these questions. By doing this, we intend to encourage to contact us and report such situations, in addition, we aim to ensure that there are no such situations in our community. Please find more information on the prevention and help at Vilnius University <a href=\"https:\/\/www.vu.lt\/en\/studies\/student-services\/sexual-harassment-and-discrimination\">here<\/a>.<\/p>\n","protected":false},"excerpt":{"rendered":"<p>A safe environment is crucially important for the academic and social life of the community of the IIRPS VU, hence we condemn any sexual harassment in any form and we aim to ensure that every member of the community feels safe at the Institute. If an event of sexual harassment transpires in the environment of [&hellip;]<\/p>\n","protected":false},"author":1,"featured_media":0,"parent":0,"menu_order":0,"comment_status":"closed","ping_status":"closed","template":"page-master.php","meta":{"_acf_changed":false,"om_disable_all_campaigns":false,"footnotes":""},"class_list":["post-13811","page","type-page","status-publish","hentry"],"acf":{"text":"<p>A safe environment is crucially important for the academic and social life of the community of the IIRPS VU, hence we condemn any sexual harassment in any form and we aim to ensure that every member of the community feels safe at the Institute.<\/p>\n<p>If an event of sexual harassment transpires in the environment of IIRPS VU, we are to follow <a href=\"https:\/\/www.tspmi.vu.lt\/en\/about-us\/\">the values declared by the IIRPS VU<\/a> and <a href=\"https:\/\/www.vu.lt\/site_files\/Studies\/Study_regulations\/Code_of_academic_ethics_VU.pdf\">the Code of Academic Ethics of Vilnius University<\/a>, and we are to immediately begin an investigation in the framework of the IIRPS VU Academic Ethics Commission.<\/p>\n<p><strong>According to <\/strong><a href=\"https:\/\/e-seimas.lrs.lt\/portal\/legalAct\/lt\/TAD\/488fe061a7c611e59010bea026bdb259?jfwid=-ucusi45bn\"><strong>the Republic of Lithuania Law on Equal Opportunities for Women and Men<\/strong><\/a><strong>:<\/strong><\/p>\n<p>\u201cSexual harassment means any form of unwanted and insulting verbal, written or physical conduct of a sexual nature with a person, with the purpose or effect of violating the dignity of a person, in particular when creating an intimidating, hostile, humiliating or offensive environment.\u201d<\/p>\n<p><strong>According to the information provided by Vilnius University, attributes of sexual harassment are: <\/strong><\/p>\n<ul>\n<li>Power disproportion between harasser and individual who is being harassed (i. e. lecturer \u2013 student; supervisor \u2013 subordinate, etc.);<\/li>\n<li>The behavior that violates dignity, is unwanted and insulting;<\/li>\n<li>Various unwanted actions in the following forms of sexual harassment: physical (touching, hugging, kissing), verbal (sexually suggestive remarks, jokes, insulting questions related to a private life), non-verbal (showing sexual photographs and videos, lustful staring, gestures), virtual (sending private or public messages with sexual content).<\/li>\n<\/ul>\n<p><strong>Reporting harassment or discrimination: <\/strong><\/p>\n<p>Were you to encounter any type of sexual harassment, please report this immediately. We understand that it may not be easy to report these kinds of situations, hence confidentiality and privacy will be ensured during the entire process. The details of the report can be disclosed only to those staff members who will be involved in the investigation if that is needed. If you encountered such a situation, please inform the <strong>Chair of the IIRPS VU Academic Ethics Commission Johanas Baltrimas (<\/strong><a href=\"mailto:Johanas.baltrimas@tf.vu.lt\"><strong>Johanas.baltrimas@tf.vu.lt<\/strong><\/a><strong>)<\/strong>.<\/p>\n<p>In case of false accusations and information, an investigation will not be started.<\/p>\n<p>At the Institute, we provide preventive educational meetings on sexual harassment or discrimination. We also support various students\u2019 initiatives which are intended for talking about these questions. By doing this, we intend to encourage to contact us and report such situations, in addition, we aim to ensure that there are no such situations in our community. Please find more information on the prevention and help at Vilnius University <a href=\"https:\/\/www.vu.lt\/en\/studies\/student-services\/sexual-harassment-and-discrimination\">here<\/a>.<\/p>\n","heading":"Seksualinio priekabiavimo prevencija"},"yoast_head":"<!-- This site is optimized with the Yoast SEO plugin v27.3 - https:\/\/yoast.com\/product\/yoast-seo-wordpress\/ -->\n<title>Prevention of sexual harassment - TSPMI<\/title>\n<meta name=\"robots\" content=\"index, follow, max-snippet:-1, max-image-preview:large, max-video-preview:-1\" \/>\n<link rel=\"canonical\" href=\"https:\/\/www.tspmi.vu.lt\/en\/prevention-sexual-harassment\/\" \/>\n<meta property=\"og:locale\" content=\"en_US\" \/>\n<meta property=\"og:type\" content=\"article\" \/>\n<meta property=\"og:title\" content=\"Prevention of sexual harassment - TSPMI\" \/>\n<meta property=\"og:description\" content=\"A safe environment is crucially important for the academic and social life of the community of the IIRPS VU, hence we condemn any sexual harassment in any form and we aim to ensure that every member of the community feels safe at the Institute. If an event of sexual harassment transpires in the environment of [&hellip;]\" \/>\n<meta property=\"og:url\" content=\"https:\/\/www.tspmi.vu.lt\/en\/prevention-sexual-harassment\/\" \/>\n<meta property=\"og:site_name\" content=\"TSPMI\" \/>\n<meta property=\"article:publisher\" content=\"https:\/\/www.facebook.com\/TSPMI\/\" \/>\n<meta property=\"article:modified_time\" content=\"2020-12-04T08:40:36+00:00\" \/>\n<meta property=\"og:image\" content=\"https:\/\/www.tspmi.vu.lt\/wp-content\/uploads\/Logos2021\/prie-para\u0161o-01-1.png\" \/>\n\t<meta property=\"og:image:width\" content=\"105\" \/>\n\t<meta property=\"og:image:height\" content=\"98\" \/>\n\t<meta property=\"og:image:type\" content=\"image\/png\" \/>\n<meta name=\"twitter:card\" content=\"summary_large_image\" \/>\n<meta name=\"twitter:label1\" content=\"Est. reading time\" \/>\n\t<meta name=\"twitter:data1\" content=\"2 minutes\" \/>\n<script type=\"application\/ld+json\" class=\"yoast-schema-graph\">{\"@context\":\"https:\\\/\\\/schema.org\",\"@graph\":[{\"@type\":\"WebPage\",\"@id\":\"https:\\\/\\\/www.tspmi.vu.lt\\\/en\\\/prevention-sexual-harassment\\\/\",\"url\":\"https:\\\/\\\/www.tspmi.vu.lt\\\/en\\\/prevention-sexual-harassment\\\/\",\"name\":\"Prevention of sexual harassment - TSPMI\",\"isPartOf\":{\"@id\":\"https:\\\/\\\/www.tspmi.vu.lt\\\/#website\"},\"datePublished\":\"2020-12-04T08:39:23+00:00\",\"dateModified\":\"2020-12-04T08:40:36+00:00\",\"breadcrumb\":{\"@id\":\"https:\\\/\\\/www.tspmi.vu.lt\\\/en\\\/prevention-sexual-harassment\\\/#breadcrumb\"},\"inLanguage\":\"en-US\",\"potentialAction\":[{\"@type\":\"ReadAction\",\"target\":[\"https:\\\/\\\/www.tspmi.vu.lt\\\/en\\\/prevention-sexual-harassment\\\/\"]}]},{\"@type\":\"BreadcrumbList\",\"@id\":\"https:\\\/\\\/www.tspmi.vu.lt\\\/en\\\/prevention-sexual-harassment\\\/#breadcrumb\",\"itemListElement\":[{\"@type\":\"ListItem\",\"position\":1,\"name\":\"Home\",\"item\":\"https:\\\/\\\/www.tspmi.vu.lt\\\/en\\\/\"},{\"@type\":\"ListItem\",\"position\":2,\"name\":\"Prevention of sexual harassment\"}]},{\"@type\":\"WebSite\",\"@id\":\"https:\\\/\\\/www.tspmi.vu.lt\\\/#website\",\"url\":\"https:\\\/\\\/www.tspmi.vu.lt\\\/\",\"name\":\"TSPMI\",\"description\":\"\",\"publisher\":{\"@id\":\"https:\\\/\\\/www.tspmi.vu.lt\\\/#organization\"},\"alternateName\":\"Vilniaus universitetas\",\"potentialAction\":[{\"@type\":\"SearchAction\",\"target\":{\"@type\":\"EntryPoint\",\"urlTemplate\":\"https:\\\/\\\/www.tspmi.vu.lt\\\/?s={search_term_string}\"},\"query-input\":{\"@type\":\"PropertyValueSpecification\",\"valueRequired\":true,\"valueName\":\"search_term_string\"}}],\"inLanguage\":\"en-US\"},{\"@type\":\"Organization\",\"@id\":\"https:\\\/\\\/www.tspmi.vu.lt\\\/#organization\",\"name\":\"Tarptautini\u0173 santyki\u0173 ir politikos moksl\u0173 institutas\",\"alternateName\":\"Vilniaus universitetas\",\"url\":\"https:\\\/\\\/www.tspmi.vu.lt\\\/\",\"logo\":{\"@type\":\"ImageObject\",\"inLanguage\":\"en-US\",\"@id\":\"https:\\\/\\\/www.tspmi.vu.lt\\\/#\\\/schema\\\/logo\\\/image\\\/\",\"url\":\"https:\\\/\\\/www.tspmi.vu.lt\\\/wp-content\\\/uploads\\\/2021\\\/07\\\/LOGO-LT-COLOR.png\",\"contentUrl\":\"https:\\\/\\\/www.tspmi.vu.lt\\\/wp-content\\\/uploads\\\/2021\\\/07\\\/LOGO-LT-COLOR.png\",\"width\":3860,\"height\":1405,\"caption\":\"Tarptautini\u0173 santyki\u0173 ir politikos moksl\u0173 institutas\"},\"image\":{\"@id\":\"https:\\\/\\\/www.tspmi.vu.lt\\\/#\\\/schema\\\/logo\\\/image\\\/\"},\"sameAs\":[\"https:\\\/\\\/www.facebook.com\\\/TSPMI\\\/\",\"https:\\\/\\\/www.instagram.com\\\/vu_tspmi\\\/\",\"https:\\\/\\\/lt.wikipedia.org\\\/wiki\\\/Vilniaus_universiteto_Tarptautini\u0173_santyki\u0173_ir_politikos_moksl\u0173_institutas\"]}]}<\/script>\n<!-- \/ Yoast SEO plugin. -->","yoast_head_json":{"title":"Prevention of sexual harassment - TSPMI","robots":{"index":"index","follow":"follow","max-snippet":"max-snippet:-1","max-image-preview":"max-image-preview:large","max-video-preview":"max-video-preview:-1"},"canonical":"https:\/\/www.tspmi.vu.lt\/en\/prevention-sexual-harassment\/","og_locale":"en_US","og_type":"article","og_title":"Prevention of sexual harassment - TSPMI","og_description":"A safe environment is crucially important for the academic and social life of the community of the IIRPS VU, hence we condemn any sexual harassment in any form and we aim to ensure that every member of the community feels safe at the Institute. If an event of sexual harassment transpires in the environment of [&hellip;]","og_url":"https:\/\/www.tspmi.vu.lt\/en\/prevention-sexual-harassment\/","og_site_name":"TSPMI","article_publisher":"https:\/\/www.facebook.com\/TSPMI\/","article_modified_time":"2020-12-04T08:40:36+00:00","og_image":[{"width":105,"height":98,"url":"https:\/\/www.tspmi.vu.lt\/wp-content\/uploads\/Logos2021\/prie-para\u0161o-01-1.png","type":"image\/png"}],"twitter_card":"summary_large_image","twitter_misc":{"Est. reading time":"2 minutes"},"schema":{"@context":"https:\/\/schema.org","@graph":[{"@type":"WebPage","@id":"https:\/\/www.tspmi.vu.lt\/en\/prevention-sexual-harassment\/","url":"https:\/\/www.tspmi.vu.lt\/en\/prevention-sexual-harassment\/","name":"Prevention of sexual harassment - TSPMI","isPartOf":{"@id":"https:\/\/www.tspmi.vu.lt\/#website"},"datePublished":"2020-12-04T08:39:23+00:00","dateModified":"2020-12-04T08:40:36+00:00","breadcrumb":{"@id":"https:\/\/www.tspmi.vu.lt\/en\/prevention-sexual-harassment\/#breadcrumb"},"inLanguage":"en-US","potentialAction":[{"@type":"ReadAction","target":["https:\/\/www.tspmi.vu.lt\/en\/prevention-sexual-harassment\/"]}]},{"@type":"BreadcrumbList","@id":"https:\/\/www.tspmi.vu.lt\/en\/prevention-sexual-harassment\/#breadcrumb","itemListElement":[{"@type":"ListItem","position":1,"name":"Home","item":"https:\/\/www.tspmi.vu.lt\/en\/"},{"@type":"ListItem","position":2,"name":"Prevention of sexual harassment"}]},{"@type":"WebSite","@id":"https:\/\/www.tspmi.vu.lt\/#website","url":"https:\/\/www.tspmi.vu.lt\/","name":"TSPMI","description":"","publisher":{"@id":"https:\/\/www.tspmi.vu.lt\/#organization"},"alternateName":"Vilniaus universitetas","potentialAction":[{"@type":"SearchAction","target":{"@type":"EntryPoint","urlTemplate":"https:\/\/www.tspmi.vu.lt\/?s={search_term_string}"},"query-input":{"@type":"PropertyValueSpecification","valueRequired":true,"valueName":"search_term_string"}}],"inLanguage":"en-US"},{"@type":"Organization","@id":"https:\/\/www.tspmi.vu.lt\/#organization","name":"Tarptautini\u0173 santyki\u0173 ir politikos moksl\u0173 institutas","alternateName":"Vilniaus universitetas","url":"https:\/\/www.tspmi.vu.lt\/","logo":{"@type":"ImageObject","inLanguage":"en-US","@id":"https:\/\/www.tspmi.vu.lt\/#\/schema\/logo\/image\/","url":"https:\/\/www.tspmi.vu.lt\/wp-content\/uploads\/2021\/07\/LOGO-LT-COLOR.png","contentUrl":"https:\/\/www.tspmi.vu.lt\/wp-content\/uploads\/2021\/07\/LOGO-LT-COLOR.png","width":3860,"height":1405,"caption":"Tarptautini\u0173 santyki\u0173 ir politikos moksl\u0173 institutas"},"image":{"@id":"https:\/\/www.tspmi.vu.lt\/#\/schema\/logo\/image\/"},"sameAs":["https:\/\/www.facebook.com\/TSPMI\/","https:\/\/www.instagram.com\/vu_tspmi\/","https:\/\/lt.wikipedia.org\/wiki\/Vilniaus_universiteto_Tarptautini\u0173_santyki\u0173_ir_politikos_moksl\u0173_institutas"]}]}},"_links":{"self":[{"href":"https:\/\/www.tspmi.vu.lt\/en\/wp-json\/wp\/v2\/pages\/13811","targetHints":{"allow":["GET"]}}],"collection":[{"href":"https:\/\/www.tspmi.vu.lt\/en\/wp-json\/wp\/v2\/pages"}],"about":[{"href":"https:\/\/www.tspmi.vu.lt\/en\/wp-json\/wp\/v2\/types\/page"}],"author":[{"embeddable":true,"href":"https:\/\/www.tspmi.vu.lt\/en\/wp-json\/wp\/v2\/users\/1"}],"replies":[{"embeddable":true,"href":"https:\/\/www.tspmi.vu.lt\/en\/wp-json\/wp\/v2\/comments?post=13811"}],"version-history":[{"count":2,"href":"https:\/\/www.tspmi.vu.lt\/en\/wp-json\/wp\/v2\/pages\/13811\/revisions"}],"predecessor-version":[{"id":13813,"href":"https:\/\/www.tspmi.vu.lt\/en\/wp-json\/wp\/v2\/pages\/13811\/revisions\/13813"}],"wp:attachment":[{"href":"https:\/\/www.tspmi.vu.lt\/en\/wp-json\/wp\/v2\/media?parent=13811"}],"curies":[{"name":"wp","href":"https:\/\/api.w.org\/{rel}","templated":true}]}}