{"id":12992,"date":"2020-04-23T16:21:40","date_gmt":"2020-04-23T13:21:40","guid":{"rendered":"http:\/\/www.tspmi.vu.lt\/?page_id=12992\/"},"modified":"2020-04-23T16:25:34","modified_gmt":"2020-04-23T13:25:34","slug":"information-for-researchers","status":"publish","type":"page","link":"https:\/\/www.tspmi.vu.lt\/en\/information-for-researchers\/","title":{"rendered":"Information for Researchers"},"content":{"rendered":"","protected":false},"excerpt":{"rendered":"","protected":false},"author":1,"featured_media":0,"parent":0,"menu_order":0,"comment_status":"closed","ping_status":"closed","template":"page-faq.php","meta":{"_acf_changed":false,"om_disable_all_campaigns":false,"footnotes":""},"class_list":["post-12992","page","type-page","status-publish","hentry"],"acf":{"text":"<p>Pasiruo\u0161imas pirmosioms publikacijoms akademiniuose \u017eurnaluose gali b\u016bti sud\u0117tingas, ypa\u010d, jei tai darote pirm\u0105j\u012f kart\u0105. Nor\u0117dami palengvinti \u0161\u012f proces\u0105, pateikiame svarbiausi\u0105 informacij\u0105, susijusi\u0105 su \u017eurnal\u0173 pasirinkimu. Rengiant mokslinius darbus, lygiagre\u010diai rekomenduojama apsvarstyti ir publikavimo strategij\u0105. Ji pad\u0117s i\u0161gryninti publikacijos tikslus, sutelkti d\u0117mes\u012f \u012f pagrindinius kriterijus publikacijos formatui ir u\u017etikrinti krypting\u0105 publikacijos bendraautori\u0173 darb\u0105. Daugiau informacijos apie tai ir i\u0161samius \u017eingsnius, vystant publikacijos strategij\u0105, galite rasti <a href=\"https:\/\/www.elsevier.com\/?a=91173\">\u010dia<\/a>.<\/p>\n<p><strong>Kaip pasirinkti tinkam\u0105 leidin\u012f?<\/strong><\/p>\n<p>Tinkamo leidinio pasirinkimas pad\u0117s ne tik pasiekti tikslin\u0119 auditorij\u0105, bet ir i\u0161vengti pateiktos publikacijos atmetimo. Renkantis leidin\u012f, rekomenduojama atsi\u017evelgti \u012f \u0161iuos kriterijus:<\/p>\n<ul>\n<li>Norimo publikuoti straipsnio tip\u0105 (straipsnis, lai\u0161kas, recenzija, tyrimo rezultatai ar kt.);<\/li>\n<li>Patikrinkite savo straipsnyje naudotus \u0161altinius \u2013 taip galite rasti ir j\u016bs\u0173 publikacijai tinkamus \u017eurnalus;<\/li>\n<li>Susipa\u017einkite su leidinio tikslais;<\/li>\n<li>Atsi\u017evelkite \u012f jo cituojamumo indeks\u0105 (angl. Impact factor arba CiteScore) \u2013 pripa\u017e\u012fstami dviej\u0173 duomen\u0173 bazi\u0173 skai\u010diuojami cituojamumo indeksai \u2013 <a href=\"https:\/\/mjl.clarivate.com\/home\">Clarivate Analytics Web of ScienceTM<\/a> ir <a href=\"https:\/\/www.scopus.com\/\">Scopus<\/a>;<\/li>\n<li>Perskaitykite leidinio vadov\u0105 autoriams (angl. Guide for Authors);<\/li>\n<li>Patikrinkite, ar \u017eurnalas yra atviras: kai kurie leidiniai straipsnius priima tik po to, kai pakvie\u010dia autori\u0173 pateikti publikacij\u0105;<\/li>\n<li>Susipa\u017einkite su \u017eurnalo darbo ciklais \u2013 kiek laiko u\u017etrunka straipsnio recenzavimas, kiek kart\u0173 per metus publikuojamas \u017eurnalas;<\/li>\n<li>Jei reikalinga, atsi\u017evelkite \u012f projekto, kurio apimtyje skelbiate publikacij\u0105, reikalavimus \u2013 esant atviros prieigos poreikiui, dauguma leidini\u0173 paai\u0161kina atviros prieigos galimybes pagrindiniame puslapyje;<\/li>\n<li>Pateikite savo darb\u0105 tik vienam leidiniui vienu metu.<\/li>\n<\/ul>\n<p>Vadovaudamiesi Lietuvoje veikian\u010dia mokslo vertinimo tvarka, pagal kuri\u0105 geriausiai vertinami mokslo straipsniai \u017eurnaluose, turin\u010diuose cituojamumo rodikl\u012f IF CA JCR ir (ar) SNIP SCOPUS duomen\u0173 baz\u0117se rekomenduojame ir skatiname tinkamos tematikos leidini\u0173 ie\u0161koti Clarivate Analytics Web of ScienceTM (<a href=\"https:\/\/clarivate.com\/webofsciencegroup\/campaigns\/journal-citation-reports-2019-release\/\">naudojimosi rekomendacijos<\/a>) ir Scopus (<a href=\"https:\/\/www.brighttalk.com\/webcast\/10439\/394744\">naudojimosi rekomendacijos<\/a>) duomen\u0173 baz\u0117se. \u0160iam tikslui taip pat galite pasitelkti Elsevier <a href=\"https:\/\/journalfinder.elsevier.com\/\">\u017eurnal\u0173 paie\u0161kos \u012frank\u012f<\/a>. \u012evedus si\u016blomos publikacijos pavadinim\u0105, santrauk\u0105 ir raktinius \u017eod\u017eius, pagal naudojam\u0105 \u017eodyn\u0105 sistema sugeneruoja temati\u0161kai tinkamiausi\u0173 Scopus duomen\u0173 bazei priklausan\u010di\u0173 leidini\u0173 s\u0105ra\u0161\u0105.<\/p>\n<p><strong>Leidini\u0173 rekomendacijos\u00a0<\/strong><\/p>\n<p>Pateikiamame dokumente rasite per 200 leidini\u0173, kurie yra \u012ftraukti tiek \u012f Clarivate Analytics Web of ScienceTM, tiek \u012f Scopus duomen\u0173 bazes. \u0160i\u0173 \u017eurnal\u0173 privalum\u0105 lemia tai, kad atliekant kasmetin\u012f mokslo vertinim\u0105, publikacijos ta\u0161kai skai\u010diuojami pasitelkiant abiej\u0173 duomen\u0173 bazi\u0173 generuojamus cituojamumo rodiklius (i\u0161samesn\u0119 informacij\u0105 apie mokslo veiklos vertinim\u0105 rasite <a href=\"https:\/\/www.lmt.lt\/lt\/mokslo-kokybe\/mokslo-meno-vertinimas\/kasmetinis-mokslo-meno-veiklos-vertinimas\/2885\">\u010dia<\/a>). Nurodyti leidiniai apima tris pagrindines grupes: politik\u0105 ir tarptautinius santykius, politik\u0105 ir sociologij\u0105 bei vie\u0161\u0105j\u012f administravim\u0105, ta\u010diau ne\u012ftraukia regionini\u0173 studij\u0173, vadybos ir kit\u0173 galimai aktuali\u0173 kategorij\u0173, tod\u0117l taip pat skatiname susipa\u017einti su alternatyviomis galimyb\u0117mis naudojantis paie\u0161ka min\u0117tose duomen\u0173 baz\u0117se. Leidini\u0173 s\u0105ra\u0161as pateikiamas <a href=\"http:\/\/www.tspmi.vu.lt\/wp-content\/uploads\/2020\/04\/Zurnalu-sarasas.xlsx\">\u010dia<\/a>.<\/p>\n<p>Vis daugiau mokslini\u0173 \u017eurnal\u0173 si\u016blo APC (<em>Article Processing Charges)\u00a0<\/em>nuolaidas Lietuvos mokslininkams, nusprendusiems publikuoti savo straipsnius atvirojoje prieigoje.\u00a0<a href=\"http:\/\/www.tspmi.vu.lt\/wp-content\/uploads\/2020\/10\/Leidykl%C5%B3-informacija.docx\">\u010cia<\/a>\u00a0rasite leid\u0117j\u0173,\u00a0su kuriais yra pasira\u0161yta pereinamojo laikotarpio (<em>transformative agreements<\/em>) sutartis, s\u0105ra\u0161\u0105.<\/p>\n","heading":"","sections":[{"section_name":"Information on Preparation of Academic Publications","questions":[{"question":"How to prepare a publication strategy?","answer":"<p>Preparation of the first publications in academic journals can be challenging, especially while doing it for the first time. To provide support in this process, we gathered useful information regarding the selection of journals. It is recommended to consider the publication strategy in parallel to preparation of research papers. It will help to refine the objectives of the publication, focus on the main criteria of its format, and strengthen the collaboration of the publication\u2019s co-authors for the shared aim.<\/p>\n<p><strong>More information and detailed steps of developing a publication strategy are provided <a href=\"https:\/\/www.elsevier.com\/?a=91173\">here<\/a>.<\/strong><\/p>\n"},{"question":"How to choose a suitable journal for publishing?","answer":"<p>Choosing the right journal for publication will not only help to reach the target audience, but also lowers the chance of rejection of the submission. While choosing a journal, the it is recommended to take the following criteria into account:<\/p>\n<ul>\n<li>Take into consideration the type of article you would like to publish (full length, letter, review, research output).<\/li>\n<li>Check the references in your article, to give an indication of possible journals of interest.<\/li>\n<li>Read the journal\u2019s aims and scope on the journal homepage.<\/li>\n<li>Take the impact factor (or CiteScore) of the journal into consideration. In Lithuania citation indexes generated by two databases \u2013 <a href=\"https:\/\/mjl.clarivate.com\/home\"><em>Clarivate Analytics Web of ScienceTM<\/em><\/a> and <a href=\"https:\/\/www.scopus.com\/\"><em>Scopus<\/em><\/a>\u00a0 \u2013 are mainly recognized.<\/li>\n<li>Read the journal\u2019s Guide for Authors.<\/li>\n<li>Check if the journal is invitation-only; some journals only accept articles after inviting the author to submit.<\/li>\n<li>Check the journal\u2019s performance for review and publication timelines.<\/li>\n<li>If you need to publish open access, remember that most journals explain their open access options on the journal homepage.<\/li>\n<li>Submit your paper to only one journal at a time.<\/li>\n<\/ul>\n<p>&nbsp;<\/p>\n<p>Following the Lithuanian evaluation procedure of scientific activities, according to which the best evaluated scientific publications are those in journals with a citation index in the <em>IF<\/em> CA JCR and \/ or SNIP SCOPUS databases, we recommend and encourage the search of suitable journals in <em>Clarivate Analytics Web of ScienceTM<\/em> (<a href=\"https:\/\/clarivate.com\/webofsciencegroup\/campaigns\/journal-citation-reports-2019-release\/\">recommendations for use<\/a>) and <em>Scopus<\/em> (<a href=\"https:\/\/www.brighttalk.com\/webcast\/10439\/394744\">recommendations for use<\/a>) databases. It is also possible to use the Elsevier <a href=\"https:\/\/journalfinder.elsevier.com\/\">Journal Finder<\/a> for this purpose. After entering the title, summary, and keywords of the proposed publication, according to the dictionary used, the system generates a list of the most suitable journals, which belong to the <em>Scopus<\/em> database.<\/p>\n"},{"question":"Which journals do we recommend?","answer":"<p>In the document provided below, you will find over 200 publications that are included in both <em>Clarivate Analytics Web of ScienceTM<\/em> and <em>Scopus<\/em> databases. The advantage of these journals is that during the annual scientific evaluation, the publication points are calculated using the citation indicators generated by both databases. The listed publications cover three main groups: politics and international relations, politics and sociology, and public administration, but do not include regional studies, management, and other potentially relevant categories, so we also encourage exploration of alternatives through a search of these databases.<\/p>\n<p><strong>The list of journals is provided <a href=\"http:\/\/www.tspmi.vu.lt\/wp-content\/uploads\/2020\/04\/Zurnalu-sarasas.xlsx\">here<\/a>. \u00a0<\/strong><\/p>\n<p>&nbsp;<\/p>\n"}]},{"section_name":"","questions":false}]},"yoast_head":"<!-- This site is optimized with the Yoast SEO plugin v27.3 - https:\/\/yoast.com\/product\/yoast-seo-wordpress\/ -->\n<title>Information for Researchers - TSPMI<\/title>\n<meta name=\"robots\" content=\"index, follow, max-snippet:-1, max-image-preview:large, max-video-preview:-1\" \/>\n<link rel=\"canonical\" href=\"https:\/\/www.tspmi.vu.lt\/en\/information-for-researchers\/\" \/>\n<meta property=\"og:locale\" content=\"en_US\" \/>\n<meta property=\"og:type\" content=\"article\" \/>\n<meta property=\"og:title\" content=\"Information for Researchers - TSPMI\" \/>\n<meta property=\"og:url\" content=\"https:\/\/www.tspmi.vu.lt\/en\/information-for-researchers\/\" \/>\n<meta property=\"og:site_name\" content=\"TSPMI\" \/>\n<meta property=\"article:publisher\" content=\"https:\/\/www.facebook.com\/TSPMI\/\" \/>\n<meta property=\"article:modified_time\" content=\"2020-04-23T13:25:34+00:00\" \/>\n<meta property=\"og:image\" content=\"https:\/\/www.tspmi.vu.lt\/wp-content\/uploads\/Logos2021\/prie-para\u0161o-01-1.png\" \/>\n\t<meta property=\"og:image:width\" content=\"105\" \/>\n\t<meta property=\"og:image:height\" content=\"98\" \/>\n\t<meta property=\"og:image:type\" content=\"image\/png\" \/>\n<meta name=\"twitter:card\" content=\"summary_large_image\" \/>\n<script type=\"application\/ld+json\" class=\"yoast-schema-graph\">{\"@context\":\"https:\\\/\\\/schema.org\",\"@graph\":[{\"@type\":\"WebPage\",\"@id\":\"https:\\\/\\\/www.tspmi.vu.lt\\\/en\\\/information-for-researchers\\\/\",\"url\":\"https:\\\/\\\/www.tspmi.vu.lt\\\/en\\\/information-for-researchers\\\/\",\"name\":\"Information for Researchers - TSPMI\",\"isPartOf\":{\"@id\":\"https:\\\/\\\/www.tspmi.vu.lt\\\/#website\"},\"datePublished\":\"2020-04-23T13:21:40+00:00\",\"dateModified\":\"2020-04-23T13:25:34+00:00\",\"breadcrumb\":{\"@id\":\"https:\\\/\\\/www.tspmi.vu.lt\\\/en\\\/information-for-researchers\\\/#breadcrumb\"},\"inLanguage\":\"en-US\",\"potentialAction\":[{\"@type\":\"ReadAction\",\"target\":[\"https:\\\/\\\/www.tspmi.vu.lt\\\/en\\\/information-for-researchers\\\/\"]}]},{\"@type\":\"BreadcrumbList\",\"@id\":\"https:\\\/\\\/www.tspmi.vu.lt\\\/en\\\/information-for-researchers\\\/#breadcrumb\",\"itemListElement\":[{\"@type\":\"ListItem\",\"position\":1,\"name\":\"Home\",\"item\":\"https:\\\/\\\/www.tspmi.vu.lt\\\/en\\\/\"},{\"@type\":\"ListItem\",\"position\":2,\"name\":\"Information for Researchers\"}]},{\"@type\":\"WebSite\",\"@id\":\"https:\\\/\\\/www.tspmi.vu.lt\\\/#website\",\"url\":\"https:\\\/\\\/www.tspmi.vu.lt\\\/\",\"name\":\"TSPMI\",\"description\":\"\",\"publisher\":{\"@id\":\"https:\\\/\\\/www.tspmi.vu.lt\\\/#organization\"},\"alternateName\":\"Vilniaus universitetas\",\"potentialAction\":[{\"@type\":\"SearchAction\",\"target\":{\"@type\":\"EntryPoint\",\"urlTemplate\":\"https:\\\/\\\/www.tspmi.vu.lt\\\/?s={search_term_string}\"},\"query-input\":{\"@type\":\"PropertyValueSpecification\",\"valueRequired\":true,\"valueName\":\"search_term_string\"}}],\"inLanguage\":\"en-US\"},{\"@type\":\"Organization\",\"@id\":\"https:\\\/\\\/www.tspmi.vu.lt\\\/#organization\",\"name\":\"Tarptautini\u0173 santyki\u0173 ir politikos moksl\u0173 institutas\",\"alternateName\":\"Vilniaus universitetas\",\"url\":\"https:\\\/\\\/www.tspmi.vu.lt\\\/\",\"logo\":{\"@type\":\"ImageObject\",\"inLanguage\":\"en-US\",\"@id\":\"https:\\\/\\\/www.tspmi.vu.lt\\\/#\\\/schema\\\/logo\\\/image\\\/\",\"url\":\"https:\\\/\\\/www.tspmi.vu.lt\\\/wp-content\\\/uploads\\\/2021\\\/07\\\/LOGO-LT-COLOR.png\",\"contentUrl\":\"https:\\\/\\\/www.tspmi.vu.lt\\\/wp-content\\\/uploads\\\/2021\\\/07\\\/LOGO-LT-COLOR.png\",\"width\":3860,\"height\":1405,\"caption\":\"Tarptautini\u0173 santyki\u0173 ir politikos moksl\u0173 institutas\"},\"image\":{\"@id\":\"https:\\\/\\\/www.tspmi.vu.lt\\\/#\\\/schema\\\/logo\\\/image\\\/\"},\"sameAs\":[\"https:\\\/\\\/www.facebook.com\\\/TSPMI\\\/\",\"https:\\\/\\\/www.instagram.com\\\/vu_tspmi\\\/\",\"https:\\\/\\\/lt.wikipedia.org\\\/wiki\\\/Vilniaus_universiteto_Tarptautini\u0173_santyki\u0173_ir_politikos_moksl\u0173_institutas\"]}]}<\/script>\n<!-- \/ Yoast SEO plugin. -->","yoast_head_json":{"title":"Information for Researchers - TSPMI","robots":{"index":"index","follow":"follow","max-snippet":"max-snippet:-1","max-image-preview":"max-image-preview:large","max-video-preview":"max-video-preview:-1"},"canonical":"https:\/\/www.tspmi.vu.lt\/en\/information-for-researchers\/","og_locale":"en_US","og_type":"article","og_title":"Information for Researchers - TSPMI","og_url":"https:\/\/www.tspmi.vu.lt\/en\/information-for-researchers\/","og_site_name":"TSPMI","article_publisher":"https:\/\/www.facebook.com\/TSPMI\/","article_modified_time":"2020-04-23T13:25:34+00:00","og_image":[{"width":105,"height":98,"url":"https:\/\/www.tspmi.vu.lt\/wp-content\/uploads\/Logos2021\/prie-para\u0161o-01-1.png","type":"image\/png"}],"twitter_card":"summary_large_image","schema":{"@context":"https:\/\/schema.org","@graph":[{"@type":"WebPage","@id":"https:\/\/www.tspmi.vu.lt\/en\/information-for-researchers\/","url":"https:\/\/www.tspmi.vu.lt\/en\/information-for-researchers\/","name":"Information for Researchers - TSPMI","isPartOf":{"@id":"https:\/\/www.tspmi.vu.lt\/#website"},"datePublished":"2020-04-23T13:21:40+00:00","dateModified":"2020-04-23T13:25:34+00:00","breadcrumb":{"@id":"https:\/\/www.tspmi.vu.lt\/en\/information-for-researchers\/#breadcrumb"},"inLanguage":"en-US","potentialAction":[{"@type":"ReadAction","target":["https:\/\/www.tspmi.vu.lt\/en\/information-for-researchers\/"]}]},{"@type":"BreadcrumbList","@id":"https:\/\/www.tspmi.vu.lt\/en\/information-for-researchers\/#breadcrumb","itemListElement":[{"@type":"ListItem","position":1,"name":"Home","item":"https:\/\/www.tspmi.vu.lt\/en\/"},{"@type":"ListItem","position":2,"name":"Information for Researchers"}]},{"@type":"WebSite","@id":"https:\/\/www.tspmi.vu.lt\/#website","url":"https:\/\/www.tspmi.vu.lt\/","name":"TSPMI","description":"","publisher":{"@id":"https:\/\/www.tspmi.vu.lt\/#organization"},"alternateName":"Vilniaus universitetas","potentialAction":[{"@type":"SearchAction","target":{"@type":"EntryPoint","urlTemplate":"https:\/\/www.tspmi.vu.lt\/?s={search_term_string}"},"query-input":{"@type":"PropertyValueSpecification","valueRequired":true,"valueName":"search_term_string"}}],"inLanguage":"en-US"},{"@type":"Organization","@id":"https:\/\/www.tspmi.vu.lt\/#organization","name":"Tarptautini\u0173 santyki\u0173 ir politikos moksl\u0173 institutas","alternateName":"Vilniaus universitetas","url":"https:\/\/www.tspmi.vu.lt\/","logo":{"@type":"ImageObject","inLanguage":"en-US","@id":"https:\/\/www.tspmi.vu.lt\/#\/schema\/logo\/image\/","url":"https:\/\/www.tspmi.vu.lt\/wp-content\/uploads\/2021\/07\/LOGO-LT-COLOR.png","contentUrl":"https:\/\/www.tspmi.vu.lt\/wp-content\/uploads\/2021\/07\/LOGO-LT-COLOR.png","width":3860,"height":1405,"caption":"Tarptautini\u0173 santyki\u0173 ir politikos moksl\u0173 institutas"},"image":{"@id":"https:\/\/www.tspmi.vu.lt\/#\/schema\/logo\/image\/"},"sameAs":["https:\/\/www.facebook.com\/TSPMI\/","https:\/\/www.instagram.com\/vu_tspmi\/","https:\/\/lt.wikipedia.org\/wiki\/Vilniaus_universiteto_Tarptautini\u0173_santyki\u0173_ir_politikos_moksl\u0173_institutas"]}]}},"_links":{"self":[{"href":"https:\/\/www.tspmi.vu.lt\/en\/wp-json\/wp\/v2\/pages\/12992","targetHints":{"allow":["GET"]}}],"collection":[{"href":"https:\/\/www.tspmi.vu.lt\/en\/wp-json\/wp\/v2\/pages"}],"about":[{"href":"https:\/\/www.tspmi.vu.lt\/en\/wp-json\/wp\/v2\/types\/page"}],"author":[{"embeddable":true,"href":"https:\/\/www.tspmi.vu.lt\/en\/wp-json\/wp\/v2\/users\/1"}],"replies":[{"embeddable":true,"href":"https:\/\/www.tspmi.vu.lt\/en\/wp-json\/wp\/v2\/comments?post=12992"}],"version-history":[{"count":7,"href":"https:\/\/www.tspmi.vu.lt\/en\/wp-json\/wp\/v2\/pages\/12992\/revisions"}],"predecessor-version":[{"id":13000,"href":"https:\/\/www.tspmi.vu.lt\/en\/wp-json\/wp\/v2\/pages\/12992\/revisions\/13000"}],"wp:attachment":[{"href":"https:\/\/www.tspmi.vu.lt\/en\/wp-json\/wp\/v2\/media?parent=12992"}],"curies":[{"name":"wp","href":"https:\/\/api.w.org\/{rel}","templated":true}]}}